{"id":833,"date":"2019-02-05T19:38:09","date_gmt":"2019-02-05T18:38:09","guid":{"rendered":"https:\/\/iesmarcilla.educacion.navarra.es\/web\/?page_id=833"},"modified":"2024-05-30T19:34:47","modified_gmt":"2024-05-30T17:34:47","slug":"revision-reclamacion-de-examenes","status":"publish","type":"page","link":"https:\/\/iesmarcilla.educacion.navarra.es\/web\/revision-reclamacion-de-examenes\/","title":{"rendered":"Revisi\u00f3n, Reclamaci\u00f3n de calificaciones y promoci\u00f3n\/titulaci\u00f3n"},"content":{"rendered":"\n<p>Estos son los documentos para la revisi\u00f3n, reclamaci\u00f3n de los ex\u00e1menes:<\/p>\n\n\n\n<ul><li><a rel=\"noreferrer noopener\" aria-label=\"Normativa (abre en una nueva pesta\u00f1a)\" href=\"https:\/\/docs.google.com\/document\/d\/1bBDvA-SrDf5LyYnPqlGFJ2omai5bVyrTrNZattm2SxY\/edit?usp=sharing\" target=\"_blank\">Normativa<\/a><\/li><li><a href=\"https:\/\/docs.google.com\/forms\/d\/e\/1FAIpQLSfAcEmOmKnOyRoxVQIPjwAdgrxm4ts8X6mA8MXZzWrphmVbxw\/viewform\" data-type=\"URL\" data-id=\"https:\/\/docs.google.com\/forms\/d\/e\/1FAIpQLSfAcEmOmKnOyRoxVQIPjwAdgrxm4ts8X6mA8MXZzWrphmVbxw\/viewform\" target=\"_blank\" rel=\"noreferrer noopener\">Reclamaci\u00f3n<\/a><\/li><li><a rel=\"noreferrer noopener\" href=\"https:\/\/docs.google.com\/document\/d\/1nszTHOzg99Fxpa1I2tikM_PQJyLyI6yA1rbRs2SyBUQ\/copy\" target=\"_blank\">Revisi\u00f3n, solicitud y petici\u00f3n de copia de ex\u00e1menes<\/a><\/li><\/ul>\n","protected":false},"excerpt":{"rendered":"<p>Estos son los documentos para la revisi\u00f3n, reclamaci\u00f3n de los ex\u00e1menes: Normativa Reclamaci\u00f3n Revisi\u00f3n, solicitud y petici\u00f3n de copia de ex\u00e1menes<\/p>\n","protected":false},"author":1,"featured_media":0,"parent":0,"menu_order":0,"comment_status":"closed","ping_status":"closed","template":"","meta":{"_genesis_hide_title":false,"_genesis_hide_breadcrumbs":false,"_genesis_hide_singular_image":false,"_genesis_hide_footer_widgets":false,"_genesis_custom_body_class":"","_genesis_custom_post_class":"","_genesis_layout":""},"_links":{"self":[{"href":"https:\/\/iesmarcilla.educacion.navarra.es\/web\/wp-json\/wp\/v2\/pages\/833"}],"collection":[{"href":"https:\/\/iesmarcilla.educacion.navarra.es\/web\/wp-json\/wp\/v2\/pages"}],"about":[{"href":"https:\/\/iesmarcilla.educacion.navarra.es\/web\/wp-json\/wp\/v2\/types\/page"}],"author":[{"embeddable":true,"href":"https:\/\/iesmarcilla.educacion.navarra.es\/web\/wp-json\/wp\/v2\/users\/1"}],"replies":[{"embeddable":true,"href":"https:\/\/iesmarcilla.educacion.navarra.es\/web\/wp-json\/wp\/v2\/comments?post=833"}],"version-history":[{"count":10,"href":"https:\/\/iesmarcilla.educacion.navarra.es\/web\/wp-json\/wp\/v2\/pages\/833\/revisions"}],"predecessor-version":[{"id":2861,"href":"https:\/\/iesmarcilla.educacion.navarra.es\/web\/wp-json\/wp\/v2\/pages\/833\/revisions\/2861"}],"wp:attachment":[{"href":"https:\/\/iesmarcilla.educacion.navarra.es\/web\/wp-json\/wp\/v2\/media?parent=833"}],"curies":[{"name":"wp","href":"https:\/\/api.w.org\/{rel}","templated":true}]}}