{"id":574,"date":"2018-09-02T14:38:35","date_gmt":"2018-09-02T12:38:35","guid":{"rendered":"http:\/\/iesmarcilla.educacion.navarra.es\/web\/?page_id=574"},"modified":"2024-07-31T11:54:23","modified_gmt":"2024-07-31T09:54:23","slug":"nuestros-proyectos","status":"publish","type":"page","link":"https:\/\/iesmarcilla.educacion.navarra.es\/web\/nuestros-proyectos\/","title":{"rendered":"Nuestros Proyectos"},"content":{"rendered":"<p><strong>Proyectos, Planes y Programas del IES Marqu\u00e9s de Villena<\/strong><\/p>\n<p>Analizando el Plan Estrat\u00e9gico de Centro, podemos observar que en el punto de <em>Necesidades<\/em>, adem\u00e1s de querer conseguir buenos resultados y buen nivel de formaci\u00f3n de nuestro alumnado, un aspecto importante, y que adem\u00e1s contribuye a esto \u00faltimo, es el trabajo por la convivencia pac\u00edfica, segura y respetuosa; y por lo tanto, la <strong>Formaci\u00f3n en Valores.<\/strong> Por otro lado, y continuando con nuestro Plan Estrat\u00e9gico, otro objetivo espec\u00edfico es el de favorecer, entre el profesorado, la utilizaci\u00f3n de metodolog\u00edas activas y de proyectos de innovaci\u00f3n, ya que lo consideramos un instrumento o estrategia que contribuye al fin \u00faltimo de nuestro Plan: <strong>formar de manera \u00edntegra a nuestro alumnado.<\/strong><\/p>\n<p>El IES Marqu\u00e9s de Villena se caracteriza por asumir este compromiso. Queremos ofrecer una oportunidad de \u00e9xito de vida, m\u00e1s all\u00e1 de las circunstancias que tenga cada alumno o alumna. Trabajamos, para ello, desarrollando y coordinando diferentes Programas y Proyectos, algunos liderados desde el Departamento de Educaci\u00f3n, otros trabajando en RED, y otros proyectos de innovaci\u00f3n propios del Centro. Para su correcta implementaci\u00f3n realizamos reuniones semanales de Coordinaci\u00f3n de Proyectos.<\/p>\n<p>A continuaci\u00f3n, se detallan los Proyectos que actualmente est\u00e1n funcionando en el Centro:<\/p>\n<ol>\n<li><a href=\"https:\/\/sites.google.com\/educacion.navarra.es\/ies-marques-de-villena\/inicio\">Proyecto Solidario<\/a><\/li>\n<li><a href=\"http:\/\/iesmarcilla.educacion.navarra.es\/web\/rizoma\/\" target=\"_blank\" rel=\"noopener\">Rizoma (Trabajo en Red y voluntariado)<\/a><\/li>\n<li><a href=\"https:\/\/sites.google.com\/educacion.navarra.es\/eas-ies-marques-de-villena\/inicio?pli=1&amp;authuser=3\">\u00a0Educaci\u00f3n Afectivo-sexual<\/a><\/li>\n<li><a href=\"https:\/\/sites.google.com\/view\/sostenibles\/p%C3%A1gina-principal\" target=\"_blank\" rel=\"noopener\">RED de Escuelas Sostenibles<\/a><\/li>\n<li><a href=\"https:\/\/sites.google.com\/educacion.navarra.es\/escueladesaludmarquesdevillena\/inicio\">RED de Escuelas promotoras de Salud<\/a><\/li>\n<li><a href=\"https:\/\/sites.google.com\/view\/coeducacin\/p%C3%A1gina-principal\" target=\"_blank\" rel=\"noopener\">SKOLAE (Coeducaci\u00f3n)<\/a><\/li>\n<li>Programa Laguntza (Plan para la mejora de la Convivencia)<\/li>\n<li>PLEC (Plan de Lectura y Escritura)<a href=\"https:\/\/sites.google.com\/educacion.navarra.es\/biblioteca-marcilla\/la-biblioteca?pli=1&amp;authuser=3\">Biblioteca<\/a><\/li>\n<li>PLAN de Prevenci\u00f3n de drogodependencias<\/li>\n<li><a href=\"https:\/\/educages.navarra.es\/Educa\/pub\/es\/#\/plan-digital\/403\/\">Plan de Transformaci\u00f3n digital<\/a><\/li>\n<li>Proyectos de Innovaci\u00f3n: <a href=\"https:\/\/sites.google.com\/educacion.navarra.es\/ondavillena\/inicio?authuser=3\">Onda Villena<\/a><\/li>\n<li>RED de Escuelas con Memoria<\/li>\n<li><a href=\"https:\/\/drive.google.com\/file\/d\/1EcMOztVplyJWgMLOtR-64tZkXy_R6Oqe\/view?usp=sharing\">PROA+<\/a><\/li>\n<li><a href=\"https:\/\/sites.google.com\/educacion.navarra.es\/erasmusmarcilla\/inicio\">Erasmus+<\/a><\/li>\n<li>E-Twinning<\/li>\n<\/ol>\n<p>A lo largo de nuestra Historia ha habido diferentes proyectos de innovaci\u00f3n que han querido ser referentes a nivel del territorio navarro.<\/p>\n<p>Curso 15-16: \u201c<a href=\"https:\/\/sites.google.com\/view\/musical-iesmarci\/p%C3%A1gina-principal\" target=\"_blank\" rel=\"noopener\">Musical \u00ab, <\/a>\u201cRizoma\u201d.<\/p>\n<p>Curso 16-17: <a href=\"https:\/\/sites.google.com\/educacion.navarra.es\/educafectivosexual-ies-marques\/2016-17?authuser=0\">\u201cEducaci\u00f3n afectivo-sexual\u201d<\/a>, \u201cRizoma\u201d.<\/p>\n<p>Curso 17-18: <a href=\"https:\/\/sites.google.com\/view\/archivo-sonoro\/p%C3%A1gina-principal\" target=\"_blank\" rel=\"noopener\">\u201cArchivo sonoro de la Ribera Alta de Navarra\u201d.<\/a><\/p>\n<p>Curso 18-19: <a href=\"https:\/\/sites.google.com\/view\/la-mujer-latente\/inicio\" target=\"_blank\" rel=\"noopener\">\u201cLa Mujer Latente\u201d<\/a> y \u201cLa madera como tronco de inclusi\u00f3n social\u201d.<\/p>\n<p>Curso 22-23: <a href=\"https:\/\/sites.google.com\/educacion.navarra.es\/ondavillena\/inicio?authuser=3\">Onda Villena<\/a><\/p>\n<div style=\"width: 100%\">\n<div style=\"padding-bottom: 56.25%;padding-top: 0;height: 0\"><\/div>\n<\/div>\n","protected":false},"excerpt":{"rendered":"<p>Proyectos, Planes y Programas del IES Marqu\u00e9s de Villena Analizando el Plan Estrat\u00e9gico de Centro, podemos observar que en el punto de Necesidades, adem\u00e1s de querer conseguir buenos resultados y buen nivel de formaci\u00f3n de nuestro alumnado, un aspecto importante, y que adem\u00e1s contribuye a esto \u00faltimo, es el trabajo por la convivencia pac\u00edfica, segura [&hellip;]<\/p>\n","protected":false},"author":1,"featured_media":0,"parent":0,"menu_order":0,"comment_status":"closed","ping_status":"closed","template":"","meta":{"_genesis_hide_title":false,"_genesis_hide_breadcrumbs":false,"_genesis_hide_singular_image":false,"_genesis_hide_footer_widgets":false,"_genesis_custom_body_class":"","_genesis_custom_post_class":"","_genesis_layout":""},"_links":{"self":[{"href":"https:\/\/iesmarcilla.educacion.navarra.es\/web\/wp-json\/wp\/v2\/pages\/574"}],"collection":[{"href":"https:\/\/iesmarcilla.educacion.navarra.es\/web\/wp-json\/wp\/v2\/pages"}],"about":[{"href":"https:\/\/iesmarcilla.educacion.navarra.es\/web\/wp-json\/wp\/v2\/types\/page"}],"author":[{"embeddable":true,"href":"https:\/\/iesmarcilla.educacion.navarra.es\/web\/wp-json\/wp\/v2\/users\/1"}],"replies":[{"embeddable":true,"href":"https:\/\/iesmarcilla.educacion.navarra.es\/web\/wp-json\/wp\/v2\/comments?post=574"}],"version-history":[{"count":9,"href":"https:\/\/iesmarcilla.educacion.navarra.es\/web\/wp-json\/wp\/v2\/pages\/574\/revisions"}],"predecessor-version":[{"id":2927,"href":"https:\/\/iesmarcilla.educacion.navarra.es\/web\/wp-json\/wp\/v2\/pages\/574\/revisions\/2927"}],"wp:attachment":[{"href":"https:\/\/iesmarcilla.educacion.navarra.es\/web\/wp-json\/wp\/v2\/media?parent=574"}],"curies":[{"name":"wp","href":"https:\/\/api.w.org\/{rel}","templated":true}]}}