{"id":1115,"date":"2019-10-11T16:23:31","date_gmt":"2019-10-11T14:23:31","guid":{"rendered":"https:\/\/iesmarcilla.educacion.navarra.es\/web\/?page_id=1115"},"modified":"2021-10-21T08:36:23","modified_gmt":"2021-10-21T06:36:23","slug":"miembros-de-convivencia","status":"publish","type":"page","link":"https:\/\/iesmarcilla.educacion.navarra.es\/web\/miembros-de-convivencia\/","title":{"rendered":"Miembros de Convivencia"},"content":{"rendered":"\n<p>Los miembros de la Comisi\u00f3n de Convivencia son:<\/p>\n\n\n\n<ul><li>M\u00f3nica Sanz<\/li><li>Carmen Mayayo<\/li><li>Mariv\u00ed Cort\u00e9s<\/li><li>M\u00aa \u00c1ngeles Ter\u00e9s<\/li><li>Ainhoa Aicua<\/li><li>Pablo Guembe<\/li><li>Amaya Ojer<\/li><li>Laura Barcos<\/li><li>Josune Huarte<\/li><\/ul>\n","protected":false},"excerpt":{"rendered":"<p>Los miembros de la Comisi\u00f3n de Convivencia son: M\u00f3nica Sanz Carmen Mayayo Mariv\u00ed Cort\u00e9s M\u00aa \u00c1ngeles Ter\u00e9s Ainhoa Aicua Pablo Guembe Amaya Ojer Laura Barcos Josune Huarte<\/p>\n","protected":false},"author":1,"featured_media":0,"parent":0,"menu_order":0,"comment_status":"closed","ping_status":"closed","template":"","meta":{"_genesis_hide_title":false,"_genesis_hide_breadcrumbs":false,"_genesis_hide_singular_image":false,"_genesis_hide_footer_widgets":false,"_genesis_custom_body_class":"","_genesis_custom_post_class":"","_genesis_layout":""},"_links":{"self":[{"href":"https:\/\/iesmarcilla.educacion.navarra.es\/web\/wp-json\/wp\/v2\/pages\/1115"}],"collection":[{"href":"https:\/\/iesmarcilla.educacion.navarra.es\/web\/wp-json\/wp\/v2\/pages"}],"about":[{"href":"https:\/\/iesmarcilla.educacion.navarra.es\/web\/wp-json\/wp\/v2\/types\/page"}],"author":[{"embeddable":true,"href":"https:\/\/iesmarcilla.educacion.navarra.es\/web\/wp-json\/wp\/v2\/users\/1"}],"replies":[{"embeddable":true,"href":"https:\/\/iesmarcilla.educacion.navarra.es\/web\/wp-json\/wp\/v2\/comments?post=1115"}],"version-history":[{"count":3,"href":"https:\/\/iesmarcilla.educacion.navarra.es\/web\/wp-json\/wp\/v2\/pages\/1115\/revisions"}],"predecessor-version":[{"id":2061,"href":"https:\/\/iesmarcilla.educacion.navarra.es\/web\/wp-json\/wp\/v2\/pages\/1115\/revisions\/2061"}],"wp:attachment":[{"href":"https:\/\/iesmarcilla.educacion.navarra.es\/web\/wp-json\/wp\/v2\/media?parent=1115"}],"curies":[{"name":"wp","href":"https:\/\/api.w.org\/{rel}","templated":true}]}}