{"id":84,"date":"2017-05-04T10:45:43","date_gmt":"2017-05-04T08:45:43","guid":{"rendered":"http:\/\/iesmarcilla.educacion.navarra.es\/web\/rizoma\/?page_id=84"},"modified":"2017-09-01T14:18:22","modified_gmt":"2017-09-01T12:18:22","slug":"comunicacion","status":"publish","type":"page","link":"https:\/\/iesmarcilla.educacion.navarra.es\/web\/rizoma\/comunicacion\/","title":{"rendered":"Comunicaci\u00f3n"},"content":{"rendered":"\t\t<div data-elementor-type=\"wp-page\" data-elementor-id=\"84\" class=\"elementor elementor-84 elementor-bc-flex-widget\">\n\t\t\t\t\t\t\t\t\t<section class=\"elementor-section elementor-top-section elementor-element elementor-element-srvbesf elementor-section-boxed elementor-section-height-default elementor-section-height-default\" data-id=\"srvbesf\" data-element_type=\"section\">\n\t\t\t\t\t\t<div class=\"elementor-container elementor-column-gap-default\">\n\t\t\t\t\t<div class=\"elementor-column elementor-col-100 elementor-top-column elementor-element elementor-element-aymyhnb\" data-id=\"aymyhnb\" data-element_type=\"column\">\n\t\t\t<div class=\"elementor-widget-wrap elementor-element-populated\">\n\t\t\t\t\t\t\t\t<div class=\"elementor-element elementor-element-mzoppin elementor-widget elementor-widget-text-editor\" data-id=\"mzoppin\" data-element_type=\"widget\" data-widget_type=\"text-editor.default\">\n\t\t\t\t<div class=\"elementor-widget-container\">\n\t\t\t\t\t\t\t<p class=\"justificado\">La difusi\u00f3n de Rizoma se realiza a trav\u00e9s de la participaci\u00f3n en distintos foros, ponencias, presentaciones, jornadas especializadas, concursos,\u2026<\/p><p class=\"justificado\">Reflejo de esa labor de comunicaci\u00f3n es el material generado en esos encuentros y la repercusi\u00f3n medi\u00e1tica en prensa escrita, medios digitales, publicaciones,\u2026<\/p>\t\t\t\t\t\t<\/div>\n\t\t\t\t<\/div>\n\t\t\t\t\t<\/div>\n\t\t<\/div>\n\t\t\t\t\t\t\t<\/div>\n\t\t<\/section>\n\t\t\t\t<section class=\"elementor-section elementor-top-section elementor-element elementor-element-auurltv elementor-section-boxed elementor-section-height-default elementor-section-height-default\" data-id=\"auurltv\" data-element_type=\"section\">\n\t\t\t\t\t\t<div class=\"elementor-container elementor-column-gap-default\">\n\t\t\t\t\t<div class=\"elementor-column elementor-col-100 elementor-top-column elementor-element elementor-element-90rs6dp\" data-id=\"90rs6dp\" data-element_type=\"column\">\n\t\t\t<div class=\"elementor-widget-wrap elementor-element-populated\">\n\t\t\t\t\t\t\t\t<div class=\"elementor-element elementor-element-qdj9wmv elementor-widget-divider--view-line elementor-widget elementor-widget-divider\" data-id=\"qdj9wmv\" data-element_type=\"widget\" data-widget_type=\"divider.default\">\n\t\t\t\t<div class=\"elementor-widget-container\">\n\t\t\t\t\t<div class=\"elementor-divider\">\n\t\t\t<span class=\"elementor-divider-separator\">\n\t\t\t\t\t\t<\/span>\n\t\t<\/div>\n\t\t\t\t<\/div>\n\t\t\t\t<\/div>\n\t\t\t\t<div class=\"elementor-element elementor-element-wzgh2np elementor-widget elementor-widget-text-editor\" data-id=\"wzgh2np\" data-element_type=\"widget\" data-widget_type=\"text-editor.default\">\n\t\t\t\t<div class=\"elementor-widget-container\">\n\t\t\t\t\t\t\t<h3>Noticias de actualidad<\/h3><p><a href=\"http:\/\/www.noticiasdenavarra.com\/2016\/11\/13\/sociedad\/navarra\/trabajar-la-diversidad-a-traves-de-la-mediacion-y-el-trabajo-en-equipo\" target=\"_blank\" rel=\"noopener\">Noticia<\/a> en \u00abNoticias de Navarra\u00bb (13\/11\/2016)<\/p><p>Concurso IMPLICA-T. <a href=\"http:\/\/www.unav.edu\/web\/facultad-de-educacion-y-psicologia\/detalle-noticia\/2016\/04\/05\/el-ies-marques-de-villena-ganador-de-implicat-presenta-su-proyecto\/-\/asset_publisher\/6tW2\/content\/2016_04_05_edu_marques_villena\/10174\" target=\"_blank\" rel=\"noopener\">Presentaci\u00f3n<\/a> del proyecto terminado (05\/04\/2016)<\/p><p>Concurso IMPLICA-T. <a href=\"http:\/\/www.unav.edu\/en\/web\/facultad-de-educacion-y-psicologia\/detalle-noticia-implicat\/2015\/02\/05\/arquitectura-pedagogica-del-colegio-ies-marques-de-villena-propuesta-ganadora-del-i-certamen-implicat\/-\/asset_publisher\/V9aY\/content\/15_2_5_edu_arq\/10174\" target=\"_blank\" rel=\"noopener\">Proyecto<\/a> ganador (05\/02\/2015)<\/p><p>Concurso IMPLICA-T. <a href=\"https:\/\/www.unav.edu\/web\/facultad-de-educacion-y-psicologia\/detalle-noticia\/2014\/12\/23\/implicat-ya-conoce-a-sus-cuatro-finalistas\/-\/asset_publisher\/6tW2\/content\/14_12_23_edu_implicate\/10174\" target=\"_blank\" rel=\"noopener\">Finalistas<\/a> del concurso (23\/12\/2014)<\/p>\t\t\t\t\t\t<\/div>\n\t\t\t\t<\/div>\n\t\t\t\t<div class=\"elementor-element elementor-element-r63dicu elementor-widget elementor-widget-spacer\" data-id=\"r63dicu\" data-element_type=\"widget\" data-widget_type=\"spacer.default\">\n\t\t\t\t<div class=\"elementor-widget-container\">\n\t\t\t\t\t<div class=\"elementor-spacer\">\n\t\t\t<div class=\"elementor-spacer-inner\"><\/div>\n\t\t<\/div>\n\t\t\t\t<\/div>\n\t\t\t\t<\/div>\n\t\t\t\t<div class=\"elementor-element elementor-element-qs051fh elementor-widget elementor-widget-text-editor\" data-id=\"qs051fh\" data-element_type=\"widget\" data-widget_type=\"text-editor.default\">\n\t\t\t\t<div class=\"elementor-widget-container\">\n\t\t\t\t\t\t\t<h3>Monograf\u00edas y publicaciones<\/h3><p>Consejo Escolar de Navarra. <a href=\"http:\/\/consejoescolar.educacion.navarra.es\/web1\/2017\/03\/16\/nueva-monografia\/\" target=\"_blank\" rel=\"noopener\">Presentaci\u00f3n<\/a> de la nueva monograf\u00eda (16\/03\/2017)<\/p><p>Consejo Escolar de Navarra. <a href=\"http:\/\/consejoescolar.educacion.navarra.es\/web1\/wp-content\/uploads\/2017\/03\/CEN_Monografia_Proyectos_cast_web.pdf\" target=\"_blank\" rel=\"noopener\">Monograf\u00eda<\/a>.<\/p><p>Consejo Escolar de Navarra. Revista Idea. <a href=\"https:\/\/drive.google.com\/file\/d\/0By4EK4ZKpLSrc2p1Z1dFTFlqdmM\/view\" target=\"_blank\" rel=\"noopener\">N\u00ba 46<\/a> (Diciembre 2016)<\/p>\t\t\t\t\t\t<\/div>\n\t\t\t\t<\/div>\n\t\t\t\t<div class=\"elementor-element elementor-element-9p50ome elementor-widget elementor-widget-spacer\" data-id=\"9p50ome\" data-element_type=\"widget\" data-widget_type=\"spacer.default\">\n\t\t\t\t<div class=\"elementor-widget-container\">\n\t\t\t\t\t<div class=\"elementor-spacer\">\n\t\t\t<div class=\"elementor-spacer-inner\"><\/div>\n\t\t<\/div>\n\t\t\t\t<\/div>\n\t\t\t\t<\/div>\n\t\t\t\t<div class=\"elementor-element elementor-element-h4rfbq0 elementor-widget elementor-widget-text-editor\" data-id=\"h4rfbq0\" data-element_type=\"widget\" data-widget_type=\"text-editor.default\">\n\t\t\t\t<div class=\"elementor-widget-container\">\n\t\t\t\t\t\t\t<h3>Foros y Jornadas Educativas<\/h3><p>Trabajo Social con menores y\u00a0mentor\u00eda social como metodolog\u00eda de\u00a0intervenci\u00f3n: <a href=\"https:\/\/drive.google.com\/file\/d\/0By4EK4ZKpLSrT2wyY1JaaFNsZE0\/view?usp=sharing\" target=\"_blank\" rel=\"noopener\">Resultados<\/a> de la Jornada<\/p><p>I Encuentro de Centros Innovadores en Navarra. <a href=\"http:\/\/dimglobal.ning.com\/profiles\/blogs\/encuentro-de-centros-innovadores-de-navarra\" target=\"_blank\" rel=\"noopener\">Informaci\u00f3n<\/a> y Programa<\/p><p>XVIII Jornadas del Consejo Escolar de Navarra. Buenas pr\u00e1cticas educativas. <a href=\"https:\/\/drive.google.com\/file\/d\/0By4EK4ZKpLSrSmI5c0hPYXBCazA\/view\" target=\"_blank\" rel=\"noopener\">Acceso<\/a> a la publicaci\u00f3n<\/p>\t\t\t\t\t\t<\/div>\n\t\t\t\t<\/div>\n\t\t\t\t<div class=\"elementor-element elementor-element-t8fynec elementor-widget elementor-widget-spacer\" data-id=\"t8fynec\" data-element_type=\"widget\" data-widget_type=\"spacer.default\">\n\t\t\t\t<div class=\"elementor-widget-container\">\n\t\t\t\t\t<div class=\"elementor-spacer\">\n\t\t\t<div class=\"elementor-spacer-inner\"><\/div>\n\t\t<\/div>\n\t\t\t\t<\/div>\n\t\t\t\t<\/div>\n\t\t\t\t<div class=\"elementor-element elementor-element-rknr5yo elementor-widget elementor-widget-text-editor\" data-id=\"rknr5yo\" data-element_type=\"widget\" data-widget_type=\"text-editor.default\">\n\t\t\t\t<div class=\"elementor-widget-container\">\n\t\t\t\t\t\t\t<h3>Enlaces de Inter\u00e9s<\/h3><p>Departamento de Educaci\u00f3n del Gobierno de Navarra. <a href=\"https:\/\/www.educacion.navarra.es\/\" target=\"_blank\" rel=\"noopener\">Sitio Web<\/a><\/p><p>Consejo Escolar de Navarra. <a href=\"http:\/\/consejoescolar.educacion.navarra.es\/web1\/\" target=\"_blank\" rel=\"noopener\">Sitio Web<\/a><\/p><p>Programa de Nuevas Tecnolog\u00edas en Educaci\u00f3n. <a href=\"https:\/\/www.educacion.navarra.es\/web\/pnte\" target=\"_blank\" rel=\"noopener\">Sitio Web<\/a><\/p>\t\t\t\t\t\t<\/div>\n\t\t\t\t<\/div>\n\t\t\t\t\t<\/div>\n\t\t<\/div>\n\t\t\t\t\t\t\t<\/div>\n\t\t<\/section>\n\t\t\t\t\t\t\t<\/div>\n\t\t","protected":false},"excerpt":{"rendered":"<p>La difusi\u00f3n de Rizoma se realiza a trav\u00e9s de la participaci\u00f3n en distintos foros, ponencias, presentaciones, jornadas especializadas, concursos,\u2026 Reflejo de esa labor de comunicaci\u00f3n es el material generado en esos encuentros y la repercusi\u00f3n medi\u00e1tica en prensa escrita, medios digitales, publicaciones,\u2026 Noticias de actualidad Noticia en \u00abNoticias de Navarra\u00bb (13\/11\/2016) Concurso IMPLICA-T. Presentaci\u00f3n del [&hellip;]<\/p>\n","protected":false},"author":2,"featured_media":332,"parent":0,"menu_order":0,"comment_status":"closed","ping_status":"closed","template":"","meta":{"_genesis_hide_title":false,"_genesis_hide_breadcrumbs":false,"_genesis_hide_singular_image":false,"_genesis_hide_footer_widgets":false,"_genesis_custom_body_class":"","_genesis_custom_post_class":"","_genesis_layout":""},"_links":{"self":[{"href":"https:\/\/iesmarcilla.educacion.navarra.es\/web\/rizoma\/wp-json\/wp\/v2\/pages\/84"}],"collection":[{"href":"https:\/\/iesmarcilla.educacion.navarra.es\/web\/rizoma\/wp-json\/wp\/v2\/pages"}],"about":[{"href":"https:\/\/iesmarcilla.educacion.navarra.es\/web\/rizoma\/wp-json\/wp\/v2\/types\/page"}],"author":[{"embeddable":true,"href":"https:\/\/iesmarcilla.educacion.navarra.es\/web\/rizoma\/wp-json\/wp\/v2\/users\/2"}],"replies":[{"embeddable":true,"href":"https:\/\/iesmarcilla.educacion.navarra.es\/web\/rizoma\/wp-json\/wp\/v2\/comments?post=84"}],"version-history":[{"count":43,"href":"https:\/\/iesmarcilla.educacion.navarra.es\/web\/rizoma\/wp-json\/wp\/v2\/pages\/84\/revisions"}],"predecessor-version":[{"id":1261,"href":"https:\/\/iesmarcilla.educacion.navarra.es\/web\/rizoma\/wp-json\/wp\/v2\/pages\/84\/revisions\/1261"}],"wp:featuredmedia":[{"embeddable":true,"href":"https:\/\/iesmarcilla.educacion.navarra.es\/web\/rizoma\/wp-json\/wp\/v2\/media\/332"}],"wp:attachment":[{"href":"https:\/\/iesmarcilla.educacion.navarra.es\/web\/rizoma\/wp-json\/wp\/v2\/media?parent=84"}],"curies":[{"name":"wp","href":"https:\/\/api.w.org\/{rel}","templated":true}]}}