{"id":82,"date":"2017-05-04T10:45:14","date_gmt":"2017-05-04T08:45:14","guid":{"rendered":"http:\/\/iesmarcilla.educacion.navarra.es\/web\/rizoma\/?page_id=82"},"modified":"2017-06-21T10:40:25","modified_gmt":"2017-06-21T08:40:25","slug":"trabajo-en-red","status":"publish","type":"page","link":"https:\/\/iesmarcilla.educacion.navarra.es\/web\/rizoma\/trabajo-en-red\/","title":{"rendered":"Trabajo en Red"},"content":{"rendered":"<p>&nbsp;<\/p>\n<p class=\"justificado\">Creemos que el trabajo en red es un pilar b\u00e1sico para atender a los nuevos retos que nos plantea la educaci\u00f3n en la actualidad. La consideramos no solo una metodolog\u00eda sino una de las mejores herramientas para trabajar la prevenci\u00f3n, garantizar la inclusi\u00f3n y asegurar la igualdad de oportunidades.<\/p>\n<p class=\"justificado\">Institucionalizar este trabajo coordinado y definir ese esfuerzo com\u00fan en resultados concretos y pr\u00e1cticos ha sido un objetivo esencial en nuestro proyecto.<\/p>\n<p class=\"justificado\">As\u00ed hemos creado una red local y auton\u00f3mica, hemos fijado espacios comunes de trabajo, hemos conseguido que el <b>IES Marqu\u00e9s de Villena<\/b> sea centro piloto en Navarra al contar con la figura de un mediador socioeducativo y hemos logrado ser receptores de alumnos en pr\u00e1cticas de la Escuela de Educadores.<\/p>\n<p>&nbsp;<\/p>\n<p>&nbsp;<\/p>\n<div class=\"one-half first margen-lateral\">\n<h3 class=\"centrado\">La Red<\/h3>\n<figure><a href=\"http:\/\/iesmarcilla.educacion.navarra.es\/web\/rizoma\/wp-content\/uploads\/sites\/3\/2017\/06\/LA-RED.jpg\"><img class=\"rectangular\" title=\"La Red\" src=\"http:\/\/iesmarcilla.educacion.navarra.es\/web\/rizoma\/wp-content\/uploads\/sites\/3\/2017\/06\/LA-RED.jpg\" alt=\"La Red\" \/><\/a><\/figure>\n<p>&nbsp;<\/p>\n<p class=\"justificado\">Hemos formado una red con agentes locales y auton\u00f3micos, que se concreta en convenios de colaboraci\u00f3n: ayuntamientos, mancomunidad, Universidad P\u00fablica de Navarra, Escuela de Educadores,\u2026<\/p>\n<p class=\"justificado\">De esta manera una vez al trimestre nos reunimos con los representantes de los Servicios Sociales de Base (SSB), los Equipos de Atenci\u00f3n a la Infancia y Adolescencia (EAIA), Gaz Kal\u00f3 (Federaci\u00f3n de Asociaciones Gitanas de Navarra), equipo directivo, orientaci\u00f3n y comisi\u00f3n de convivencia del instituto.<\/p>\n<p><a href=\"la-red\/\"><\/p>\n<div class=\"mas-info\">Leer m\u00e1s<\/div>\n<p><\/a><br \/>\n&nbsp;<\/p>\n<\/div>\n<div class=\"one-half margen-lateral\">\n<h3 class=\"centrado\">Procesos de Intervenci\u00f3n<\/h3>\n<figure><a href=\"http:\/\/iesmarcilla.educacion.navarra.es\/web\/rizoma\/wp-content\/uploads\/sites\/3\/2017\/06\/PROCESOS-DE-INTERVENCI\u00d3N.jpg\"><img class=\"cuadrada\" title=\"Procesos de intervencion\" src=\"http:\/\/iesmarcilla.educacion.navarra.es\/web\/rizoma\/wp-content\/uploads\/sites\/3\/2017\/06\/PROCESOS-DE-INTERVENCI\u00d3N.jpg\" alt=\"procesos de intervencion\" \/><\/a><\/figure>\n<p>&nbsp;<\/p>\n<p class=\"justificado\">La elaboraci\u00f3n de procesos de intervenci\u00f3n surge con el objetivo de poder ofrecer respuestas integrales y sist\u00e9micas a las problem\u00e1ticas de nuestros alumnos. Recoger y sintetizar acciones que se implementaban de manera puntual o crear intervenciones para casos que no se contemplaban ha sido la labor principal en este campo.<\/p>\n<p><a href=\"procesos-de-intervencion\/\"><\/p>\n<div class=\"mas-info\">Leer m\u00e1s<\/div>\n<p><\/a><br \/>\n&nbsp;<\/p>\n<\/div>\n<div class=\"one-half\"><\/div>\n<div class=\"clearfix\"><\/div>\n<p>&nbsp;<\/p>\n<p>&nbsp;<\/p>\n<div class=\"one-half first margen-lateral\">\n<h3 class=\"centrado\">Mediador Socioeducativo<\/h3>\n<figure><a href=\"http:\/\/iesmarcilla.educacion.navarra.es\/web\/rizoma\/wp-content\/uploads\/sites\/3\/2017\/06\/MEDIADOR.jpg\"><img class=\"cuadrada\" title=\"Mediador socioeducativo\" src=\"http:\/\/iesmarcilla.educacion.navarra.es\/web\/rizoma\/wp-content\/uploads\/sites\/3\/2017\/06\/MEDIADOR.jpg\" alt=\"Mediador socioeducativo\" \/><\/a><\/figure>\n<p>&nbsp;<\/p>\n<p class=\"justificado\">Desde el nacimiento de Rizoma se ha defendido la necesidad de la figura de lo social en los centros educativos.<\/p>\n<p class=\"justificado\">El mediador se ha convertido en un integrante esencial para el desarrollo del proyecto y en un agente de referencia para la comunidad.<\/p>\n<p><a href=\"mediador-socioeducativo\/\"><\/p>\n<div class=\"mas-info\">Leer m\u00e1s<\/div>\n<p><\/a><br \/>\n&nbsp;<\/p>\n<\/div>\n<div class=\"one-half margen-lateral\">\n<h3 class=\"centrado\">Integradora Social<\/h3>\n<figure><a href=\"http:\/\/iesmarcilla.educacion.navarra.es\/web\/rizoma\/wp-content\/uploads\/sites\/3\/2017\/06\/INTEGRADORA-SOCIAL.jpg\"><img class=\"rectangular\" title=\"Integradora social\" src=\"http:\/\/iesmarcilla.educacion.navarra.es\/web\/rizoma\/wp-content\/uploads\/sites\/3\/2017\/06\/INTEGRADORA-SOCIAL.jpg\" alt=\"Integradora social\" \/><\/a><\/figure>\n<p>&nbsp;<\/p>\n<p class=\"justificado\">Gracias al convenio establecido con la Escuela de Educadores y a la colaboraci\u00f3n con los SSB, Rizoma tutoriza a alumnos en pr\u00e1cticas del grado superior de Integraci\u00f3n social e incluye sus acciones en el proyecto: Sesi\u00f3n de acogida a familias \u00e1rabes, apoyo escolar, taller intercultural, labores de traducci\u00f3n,&#8230;<\/p>\n<p><a href=\"integradora-social\/\"><\/p>\n<div class=\"mas-info\">Leer m\u00e1s<\/div>\n<p><\/a><br \/>\n&nbsp;<\/p>\n<\/div>\n<div class=\"one-half\"><\/div>\n<div class=\"clearfix\"><\/div>\n<p>&nbsp;<\/p>\n<p>&nbsp;<\/p>\n<p>&nbsp;<\/p>\n<p>&nbsp;<\/p>\n","protected":false},"excerpt":{"rendered":"<p>&nbsp; Creemos que el trabajo en red es un pilar b\u00e1sico para atender a los nuevos retos que nos plantea la educaci\u00f3n en la actualidad. La consideramos no solo una metodolog\u00eda sino una de las mejores herramientas para trabajar la prevenci\u00f3n, garantizar la inclusi\u00f3n y asegurar la igualdad de oportunidades. Institucionalizar este trabajo coordinado y [&hellip;]<\/p>\n","protected":false},"author":2,"featured_media":326,"parent":0,"menu_order":0,"comment_status":"closed","ping_status":"closed","template":"","meta":{"_genesis_hide_title":false,"_genesis_hide_breadcrumbs":false,"_genesis_hide_singular_image":false,"_genesis_hide_footer_widgets":false,"_genesis_custom_body_class":"","_genesis_custom_post_class":"","_genesis_layout":""},"_links":{"self":[{"href":"https:\/\/iesmarcilla.educacion.navarra.es\/web\/rizoma\/wp-json\/wp\/v2\/pages\/82"}],"collection":[{"href":"https:\/\/iesmarcilla.educacion.navarra.es\/web\/rizoma\/wp-json\/wp\/v2\/pages"}],"about":[{"href":"https:\/\/iesmarcilla.educacion.navarra.es\/web\/rizoma\/wp-json\/wp\/v2\/types\/page"}],"author":[{"embeddable":true,"href":"https:\/\/iesmarcilla.educacion.navarra.es\/web\/rizoma\/wp-json\/wp\/v2\/users\/2"}],"replies":[{"embeddable":true,"href":"https:\/\/iesmarcilla.educacion.navarra.es\/web\/rizoma\/wp-json\/wp\/v2\/comments?post=82"}],"version-history":[{"count":54,"href":"https:\/\/iesmarcilla.educacion.navarra.es\/web\/rizoma\/wp-json\/wp\/v2\/pages\/82\/revisions"}],"predecessor-version":[{"id":1148,"href":"https:\/\/iesmarcilla.educacion.navarra.es\/web\/rizoma\/wp-json\/wp\/v2\/pages\/82\/revisions\/1148"}],"wp:featuredmedia":[{"embeddable":true,"href":"https:\/\/iesmarcilla.educacion.navarra.es\/web\/rizoma\/wp-json\/wp\/v2\/media\/326"}],"wp:attachment":[{"href":"https:\/\/iesmarcilla.educacion.navarra.es\/web\/rizoma\/wp-json\/wp\/v2\/media?parent=82"}],"curies":[{"name":"wp","href":"https:\/\/api.w.org\/{rel}","templated":true}]}}