{"id":78,"date":"2017-05-04T10:43:07","date_gmt":"2017-05-04T08:43:07","guid":{"rendered":"http:\/\/iesmarcilla.educacion.navarra.es\/web\/rizoma\/?page_id=78"},"modified":"2017-06-20T10:12:20","modified_gmt":"2017-06-20T08:12:20","slug":"activismo-social","status":"publish","type":"page","link":"https:\/\/iesmarcilla.educacion.navarra.es\/web\/rizoma\/activismo-social\/","title":{"rendered":"Activismo Social"},"content":{"rendered":"<p class=\"justificado\">Pretendemos que nuestros alumnos comprendan la realidad social que les rodea, conviviendo en ella de forma activa, responsable e integradora. Es fundamental que nuestra juventud sea conocedora del papel esencial que juegan en la transformaci\u00f3n y mejora de su entorno y de la sociedad. Siendo conscientes, adem\u00e1s, de que ese proactivismo es el recurso principal de prevenci\u00f3n y de protecci\u00f3n con el que contamos.<\/p>\n<p class=\"justificado\">Es esencial que desde el \u00e1mbito educativo se desarrolle la participaci\u00f3n social del alumnado. No solo para demostrarles su capacidad como agentes de cambio en su comunidad, sino como herramienta del fomento del aprendizaje entre iguales, el desarrollo de habilidades sociales (autoestima, empat\u00eda, cooperaci\u00f3n,\u2026) y el trabajo en prevenci\u00f3n.<\/p>\n<p class=\"justificado\">As\u00ed se han dise\u00f1ado distintas acciones de voluntariado por niveles que empoderan a nuestros alumnos y generan espacios no formales de educaci\u00f3n, extendiendo la experiencia pedag\u00f3gica m\u00e1s all\u00e1 de la instituci\u00f3n educativa.<\/p>\n<p>&nbsp;<\/p>\n<div class=\"one-third first margen-lateral\">\n<h3 class=\"centrado\">Aprendiendo a Ense\u00f1ar<\/h3>\n<figure><a href=\"http:\/\/iesmarcilla.educacion.navarra.es\/web\/rizoma\/wp-content\/uploads\/sites\/3\/2017\/05\/APRENDIENDO-A-ENSE\u00d1AR.jpg\"><img class=\"cuadrada-third\" title=\"Aprendiendo a ense\u00f1ar\" src=\"http:\/\/iesmarcilla.educacion.navarra.es\/web\/rizoma\/wp-content\/uploads\/sites\/3\/2017\/05\/APRENDIENDO-A-ENSE\u00d1AR.jpg\" alt=\"Aprendiendo a ense\u00f1ar\" \/><\/a><\/figure>\n<p>&nbsp;<\/p>\n<p class=\"justificado\">Alumnos voluntarios del instituto se convierten en profesores de apoyo de ni\u00f1os de primaria con dificultades de aprendizaje y en situaci\u00f3n socioecon\u00f3mica de riesgo.<\/p>\n<p><a href=\"aprendiendo-a-ensenar\/\"><\/p>\n<div class=\"mas-info\">Leer m\u00e1s<\/div>\n<p><\/a><br \/>\n&nbsp;<\/p>\n<\/div>\n<div class=\"one-third margen-lateral\">\n<h3 class=\"centrado\">Conecta Joven<\/h3>\n<figure><a href=\"http:\/\/iesmarcilla.educacion.navarra.es\/web\/rizoma\/wp-content\/uploads\/sites\/3\/2017\/06\/CONECTA-JOVEN.jpg\"><img class=\"cuadrada-third\" title=\"Conecta Joven\" src=\"http:\/\/iesmarcilla.educacion.navarra.es\/web\/rizoma\/wp-content\/uploads\/sites\/3\/2017\/06\/CONECTA-JOVEN.jpg\" alt=\"Conecta Joven\" \/><\/a><\/figure>\n<p>&nbsp;<\/p>\n<p class=\"justificado\">Alumnos de 4\u00ba ESO se forman en identidad digital y seguridad en redes para convertirse en expertos dirigiendo sesiones de cocienciaci\u00f3n en 1\u00ba ESO.<\/p>\n<p><a href=\"conecta-joven\/\"><\/p>\n<div class=\"mas-info\">Leer m\u00e1s<\/div>\n<p><\/a><\/p>\n<p>&nbsp;<\/p>\n<\/div>\n<div class=\"one-third margen-lateral\">\n<h3 class=\"centrado\">Deja fluir la Sostenibilidad<\/h3>\n<figure><a href=\"http:\/\/iesmarcilla.educacion.navarra.es\/web\/rizoma\/wp-content\/uploads\/sites\/3\/2017\/06\/DEJA-FLUIR-LA-SOSTENIBILIDAD.jpg\"><img class=\"cuadrada-third\" title=\"Deja fluir la sostenibilidad\" src=\"http:\/\/iesmarcilla.educacion.navarra.es\/web\/rizoma\/wp-content\/uploads\/sites\/3\/2017\/06\/DEJA-FLUIR-LA-SOSTENIBILIDAD.jpg\" alt=\"Deja fluir la sostenibilidad\" \/><\/a><\/figure>\n<p>&nbsp;<\/p>\n<p class=\"justificado\">Sensibilizaci\u00f3n medioambiental a trav\u00e9s de la limpieza del r\u00edo Arag\u00f3n.<\/p>\n<p><a href=\"deja-fluir-la-sostenibilidad\/\"><\/p>\n<div class=\"mas-info\">Leer m\u00e1s<\/div>\n<p><\/a><br \/>\n&nbsp;<\/p>\n<\/div>\n<div class=\"clearfix\"><\/div>\n<p>&nbsp;<\/p>\n<div class=\"one-third first margen-lateral\">\n<h3 class=\"centrado titulo-una-linea\">La Historia en Vi\u00f1etas<\/h3>\n<figure><a href=\"http:\/\/iesmarcilla.educacion.navarra.es\/web\/rizoma\/wp-content\/uploads\/sites\/3\/2017\/06\/LA-HISTORIA-EN-VI\u00d1ETAS.jpg\"><img class=\"cuadrada-third\" title=\"La historia en vi\u00f1etas\" src=\"http:\/\/iesmarcilla.educacion.navarra.es\/web\/rizoma\/wp-content\/uploads\/sites\/3\/2017\/06\/LA-HISTORIA-EN-VI\u00d1ETAS.jpg\" alt=\"La historia en vi\u00f1etas\" \/><\/a><\/figure>\n<p>&nbsp;<\/p>\n<p class=\"justificado\">La historia analizada por alumnos de 1\u00ba de Bachillerato a trav\u00e9s de la lectura de c\u00f3mics.<\/p>\n<p><a href=\"la-historia-en-vinetas\"><\/p>\n<div class=\"mas-info\">Leer m\u00e1s<\/div>\n<p><\/a><br \/>\n&nbsp;<\/p>\n<\/div>\n<div class=\"one-third margen-lateral\">\n<h3 class=\"centrado\">Proactivismo en el Proyecto Solidario<\/h3>\n<figure><a href=\"http:\/\/iesmarcilla.educacion.navarra.es\/web\/rizoma\/wp-content\/uploads\/sites\/3\/2017\/06\/PROACTIVISMO-EN-EL-PROYECTO-SOLIDARIO.jpg\"><img class=\"cuadrada-third\" title=\"Proactivismo en el proyecto solidario\" src=\"http:\/\/iesmarcilla.educacion.navarra.es\/web\/rizoma\/wp-content\/uploads\/sites\/3\/2017\/06\/PROACTIVISMO-EN-EL-PROYECTO-SOLIDARIO.jpg\" alt=\"Proactivismo en el proyecto solidario\" \/><\/a><\/figure>\n<p>&nbsp;<\/p>\n<p class=\"justificado\">Alumnos de 1\u00ba ESO analizan cr\u00edticamente la situaci\u00f3n de los m\u00e1s desfavorecidos y organizan el proyecto solidario, bajo par\u00e1metros saludables y sostenibles.<\/p>\n<p><a href=\"proactivismo-en-el-proyecto-solidario\/\"><\/p>\n<div class=\"mas-info\">Leer m\u00e1s<\/div>\n<p><\/a><br \/>\n&nbsp;<\/p>\n<\/div>\n<div class=\"one-third margen-lateral\">\n<h3 class=\"centrado titulo-una-linea\">Repositorio de Ficciones<\/h3>\n<figure><a href=\"http:\/\/iesmarcilla.educacion.navarra.es\/web\/rizoma\/wp-content\/uploads\/sites\/3\/2017\/06\/REPOSITORIO-DE-FICCIONES.jpg\"><img class=\"cuadrada-third\" title=\"Repositorio de ficciones\" src=\"http:\/\/iesmarcilla.educacion.navarra.es\/web\/rizoma\/wp-content\/uploads\/sites\/3\/2017\/06\/REPOSITORIO-DE-FICCIONES.jpg\" alt=\"Repositorio de ficciones\" \/><\/a><\/figure>\n<p>&nbsp;<\/p>\n<p class=\"justificado\">Propuesta a la ONG TNT para la creaci\u00f3n de un archivo de lecturas dramatizadas con la finalidad de poder emplearlas pedag\u00f3gicamente con su alumnado de El Salvador y nuestro alumnado del instituto.<\/p>\n<p><a href=\"repositorio-de-ficciones\/\"><\/p>\n<div class=\"mas-info\">Leer m\u00e1s<\/div>\n<p><\/a><br \/>\n&nbsp;<\/p>\n<\/div>\n<div class=\"clearfix\"><\/div>\n<p>&nbsp;<\/p>\n<div class=\"one-third first margen-lateral\">\n<h3 class=\"centrado\">Actividad f\u00edsica en Primaria<\/h3>\n<figure><a href=\"http:\/\/iesmarcilla.educacion.navarra.es\/web\/rizoma\/wp-content\/uploads\/sites\/3\/2017\/06\/ACTIVIDAD-F\u00cdSICA-EN-PRIMARIA.jpg\"><img class=\"cuadrada-third\" src=\"http:\/\/iesmarcilla.educacion.navarra.es\/web\/rizoma\/wp-content\/uploads\/sites\/3\/2017\/06\/ACTIVIDAD-F\u00cdSICA-EN-PRIMARIA.jpg\" \/><\/a><\/figure>\n<p>&nbsp;<\/p>\n<p class=\"justificado\">Los alumnos de \u00abActividad f\u00edsica y salud\u00bb de 2\u00ba de Bachillerato han dise\u00f1ado y organizado distintas din\u00e1micas dirigidas a los alumnos de Primaria en sus sesiones de Educaci\u00f3n f\u00edsica y en el tiempo de recreo.<\/p>\n<p><a href=\"actividad-fisica-en-primaria\/\"><\/p>\n<div class=\"mas-info\">Leer m\u00e1s<\/div>\n<p><\/a><br \/>\n&nbsp;<\/p>\n<\/div>\n<div class=\"one-third margen-lateral\">\n<h3 class=\"centrado\">Booktubers y los lectores mentores<\/h3>\n<figure><a href=\"http:\/\/iesmarcilla.educacion.navarra.es\/web\/rizoma\/wp-content\/uploads\/sites\/3\/2017\/06\/BOOKTUBERS.jpg\"><img class=\"cuadrada-third\" src=\"http:\/\/iesmarcilla.educacion.navarra.es\/web\/rizoma\/wp-content\/uploads\/sites\/3\/2017\/06\/BOOKTUBERS.jpg\" \/><\/a><\/figure>\n<p>&nbsp;<\/p>\n<p class=\"justificado\">Los alumnos de 1\u00ba de Bachillerato se convierten en lectores mentores de los alumnos de 1\u00ba ESO, acompa\u00f1\u00e1ndolos en el proceso lector de novelas gr\u00e1ficas y grabando conjuntamente una recomendaci\u00f3n en youtube.<\/p>\n<p><a href=\"booktubers\/\"><\/p>\n<div class=\"mas-info\">Leer m\u00e1s<\/div>\n<p><\/a><br \/>\n&nbsp;<\/p>\n<\/div>\n<div class=\"one-third margen-lateral\">\n<h3 class=\"centrado titulo-una-linea\">Comunicaci\u00f3n Familiar<\/h3>\n<figure><a href=\"http:\/\/iesmarcilla.educacion.navarra.es\/web\/rizoma\/wp-content\/uploads\/sites\/3\/2017\/06\/COMUNICACI\u00d3N-FAMILIAR.jpg\"><img class=\"cuadrada-third\" src=\"http:\/\/iesmarcilla.educacion.navarra.es\/web\/rizoma\/wp-content\/uploads\/sites\/3\/2017\/06\/COMUNICACI\u00d3N-FAMILIAR.jpg\" \/><\/a><\/figure>\n<p>&nbsp;<\/p>\n<p class=\"justificado\">Las familias voluntarias de 4\u00ba ESO contestan a una serie de preguntas personales, creando un espacio afectivo \u00f3ptimo para compartir emociones positivas.<\/p>\n<p><a href=\"comunicacion-familiar\/\"><\/p>\n<div class=\"mas-info\">Leer m\u00e1s<\/div>\n<p><\/a><br \/>\n&nbsp;<\/p>\n<\/div>\n<div class=\"clearfix\"><\/div>\n<p>&nbsp;<\/p>\n<div class=\"one-third first margen-lateral\">\n<h3 class=\"centrado\">La Brigada de la Salud<\/h3>\n<figure><a href=\"http:\/\/iesmarcilla.educacion.navarra.es\/web\/rizoma\/wp-content\/uploads\/sites\/3\/2017\/06\/lLA-BRIGADA-DE-LA-SALUD.jpg\"><img class=\"cuadrada-third\" src=\"http:\/\/iesmarcilla.educacion.navarra.es\/web\/rizoma\/wp-content\/uploads\/sites\/3\/2017\/06\/lLA-BRIGADA-DE-LA-SALUD.jpg\" \/><\/a><\/figure>\n<p>&nbsp;<\/p>\n<p class=\"justificado\">Los alumnos de \u00abIntroducci\u00f3n a las ciencias de la Salud\u00bb de 1\u00ba de Bachillerato forman a sus compa\u00f1eros de secundaria en h\u00e1bitos saludables. Esta acci\u00f3n se enmarca dentro de la Red de Escuelas Saludables.<\/p>\n<p><a href=\"la-brigada-de-la-salud\/\"><\/p>\n<div class=\"mas-info\">Leer m\u00e1s<\/div>\n<p><\/a><br \/>\n&nbsp;<\/p>\n<\/div>\n<div class=\"one-third margen-lateral\">\n<h3 class=\"centrado\">Personalizaci\u00f3n del Centro<\/h3>\n<figure><a href=\"http:\/\/iesmarcilla.educacion.navarra.es\/web\/rizoma\/wp-content\/uploads\/sites\/3\/2017\/06\/PERSONALIZACI\u00d3N-DEL-CENTRO.jpg\"><img class=\"cuadrada-third\" src=\"http:\/\/iesmarcilla.educacion.navarra.es\/web\/rizoma\/wp-content\/uploads\/sites\/3\/2017\/06\/PERSONALIZACI\u00d3N-DEL-CENTRO.jpg\" \/><\/a><\/figure>\n<p>&nbsp;<\/p>\n<p class=\"justificado\">A trav\u00e9s de un concurso, los alumnos de 2\u00ba ESO modifican sus aulas y el centro bajo los preceptos de la arquitectura pedag\u00f3gica.<\/p>\n<p><a href=\"personalizacion-del-centro\/\"><\/p>\n<div class=\"mas-info\">Leer m\u00e1s<\/div>\n<p><\/a><br \/>\n&nbsp;<\/p>\n<\/div>\n<div class=\"one-third margen-lateral\">\n<h3 class=\"centrado\">Proyecto Ruise\u00f1or<\/h3>\n<figure><a href=\"http:\/\/iesmarcilla.educacion.navarra.es\/web\/rizoma\/wp-content\/uploads\/sites\/3\/2017\/06\/RUISE\u00d1OR.jpg\"><img class=\"cuadrada-third\" src=\"http:\/\/iesmarcilla.educacion.navarra.es\/web\/rizoma\/wp-content\/uploads\/sites\/3\/2017\/06\/RUISE\u00d1OR.jpg\" \/><\/a><\/figure>\n<p>&nbsp;<\/p>\n<p class=\"justificado\">En colaboraci\u00f3n con Departamento de Acci\u00f3n Social de la UPNA, los alumnos de 2\u00ba de Bachillerato reciben una charla sobre voluntariado y el Proyecto Ruise\u00f1or. A los interesados se les facilita su incorporaci\u00f3n al programa cuando sean estudiantes de la UPNA.<\/p>\n<p><a href=\"proyecto-ruisenor\/\"><\/p>\n<div class=\"mas-info\">Leer m\u00e1s<\/div>\n<p><\/a><br \/>\n&nbsp;<\/p>\n<\/div>\n<div class=\"clearfix\"><\/div>\n<p>&nbsp;<\/p>\n<div class=\"one-third first margen-lateral\">\n<h3 class=\"centrado\">Ecos de la Memoria<\/h3>\n<figure><a href=\"http:\/\/iesmarcilla.educacion.navarra.es\/web\/rizoma\/wp-content\/uploads\/sites\/3\/2017\/06\/ECOS-DE-LA-MEMORIA.jpg\"><img class=\"rectangular\" title=\"Ecos de la memoria\" src=\"http:\/\/iesmarcilla.educacion.navarra.es\/web\/rizoma\/wp-content\/uploads\/sites\/3\/2017\/06\/ECOS-DE-LA-MEMORIA.jpg\" alt=\"Ecos de la memoria\" \/><\/a><\/figure>\n<p>&nbsp;<\/p>\n<p class=\"justificado\">Actividad intergeneracional para la creaci\u00f3n de un archivo sonoro de tradici\u00f3n oral.<\/p>\n<p><a href=\"ecos-de-la-memoria\"><\/p>\n<div class=\"mas-info\">Leer m\u00e1s<\/div>\n<p><\/a><br \/>\n&nbsp;<\/p>\n<\/div>\n<div class=\"one-third margen-lateral\">\n<h3 class=\"centrado\">Los Kamishibai de Esopo<\/h3>\n<figure><a href=\"http:\/\/iesmarcilla.educacion.navarra.es\/web\/rizoma\/wp-content\/uploads\/sites\/3\/2017\/06\/kamishibai-de-esopo.jpg\"><img class=\"rectangular\" title=\"Kamishibai de Esopo\" src=\"http:\/\/iesmarcilla.educacion.navarra.es\/web\/rizoma\/wp-content\/uploads\/sites\/3\/2017\/06\/kamishibai-de-esopo.jpg\" alt=\"Kamishibai de Esopo\" \/><\/a><\/figure>\n<p>&nbsp;<\/p>\n<p class=\"justificado\">F\u00e1bulas de Esopo versionadas y narradas en Kamishibai por alumnos de Bachillerato a alumnos de Infantil.<\/p>\n<p><a href=\"los-kamishibai-de-esopo\/\"><\/p>\n<div class=\"mas-info\">Leer m\u00e1s<\/div>\n<p><\/a><br \/>\n&nbsp;<\/p>\n<\/div>\n<div class=\"one-third\"><\/div>\n<div class=\"clearfix\"><\/div>\n<p>&nbsp;<\/p>\n","protected":false},"excerpt":{"rendered":"<p>Pretendemos que nuestros alumnos comprendan la realidad social que les rodea, conviviendo en ella de forma activa, responsable e integradora. Es fundamental que nuestra juventud sea conocedora del papel esencial que juegan en la transformaci\u00f3n y mejora de su entorno y de la sociedad. Siendo conscientes, adem\u00e1s, de que ese proactivismo es el recurso principal [&hellip;]<\/p>\n","protected":false},"author":2,"featured_media":331,"parent":0,"menu_order":0,"comment_status":"closed","ping_status":"closed","template":"","meta":{"_genesis_hide_title":false,"_genesis_hide_breadcrumbs":false,"_genesis_hide_singular_image":false,"_genesis_hide_footer_widgets":false,"_genesis_custom_body_class":"","_genesis_custom_post_class":"","_genesis_layout":""},"_links":{"self":[{"href":"https:\/\/iesmarcilla.educacion.navarra.es\/web\/rizoma\/wp-json\/wp\/v2\/pages\/78"}],"collection":[{"href":"https:\/\/iesmarcilla.educacion.navarra.es\/web\/rizoma\/wp-json\/wp\/v2\/pages"}],"about":[{"href":"https:\/\/iesmarcilla.educacion.navarra.es\/web\/rizoma\/wp-json\/wp\/v2\/types\/page"}],"author":[{"embeddable":true,"href":"https:\/\/iesmarcilla.educacion.navarra.es\/web\/rizoma\/wp-json\/wp\/v2\/users\/2"}],"replies":[{"embeddable":true,"href":"https:\/\/iesmarcilla.educacion.navarra.es\/web\/rizoma\/wp-json\/wp\/v2\/comments?post=78"}],"version-history":[{"count":60,"href":"https:\/\/iesmarcilla.educacion.navarra.es\/web\/rizoma\/wp-json\/wp\/v2\/pages\/78\/revisions"}],"predecessor-version":[{"id":1138,"href":"https:\/\/iesmarcilla.educacion.navarra.es\/web\/rizoma\/wp-json\/wp\/v2\/pages\/78\/revisions\/1138"}],"wp:featuredmedia":[{"embeddable":true,"href":"https:\/\/iesmarcilla.educacion.navarra.es\/web\/rizoma\/wp-json\/wp\/v2\/media\/331"}],"wp:attachment":[{"href":"https:\/\/iesmarcilla.educacion.navarra.es\/web\/rizoma\/wp-json\/wp\/v2\/media?parent=78"}],"curies":[{"name":"wp","href":"https:\/\/api.w.org\/{rel}","templated":true}]}}