{"id":668,"date":"2017-06-19T10:14:23","date_gmt":"2017-06-19T08:14:23","guid":{"rendered":"http:\/\/iesmarcilla.educacion.navarra.es\/web\/rizoma\/?page_id=668"},"modified":"2017-06-22T12:22:21","modified_gmt":"2017-06-22T10:22:21","slug":"proyecto-ruisenor","status":"publish","type":"page","link":"https:\/\/iesmarcilla.educacion.navarra.es\/web\/rizoma\/activismo-social\/proyecto-ruisenor\/","title":{"rendered":"Proyecto Ruise\u00f1or"},"content":{"rendered":"\t\t<div data-elementor-type=\"wp-page\" data-elementor-id=\"668\" class=\"elementor elementor-668 elementor-bc-flex-widget\">\n\t\t\t\t\t\t\t\t\t<section class=\"elementor-section elementor-top-section elementor-element elementor-element-yg2oibs elementor-section-boxed elementor-section-height-default elementor-section-height-default\" data-id=\"yg2oibs\" data-element_type=\"section\">\n\t\t\t\t\t\t<div class=\"elementor-container elementor-column-gap-default\">\n\t\t\t\t\t<div class=\"elementor-column elementor-col-100 elementor-top-column elementor-element elementor-element-km79mb4\" data-id=\"km79mb4\" data-element_type=\"column\">\n\t\t\t<div class=\"elementor-widget-wrap elementor-element-populated\">\n\t\t\t\t\t\t\t\t<div class=\"elementor-element elementor-element-0c2nbrv elementor-widget elementor-widget-text-editor\" data-id=\"0c2nbrv\" data-element_type=\"widget\" data-widget_type=\"text-editor.default\">\n\t\t\t\t<div class=\"elementor-widget-container\">\n\t\t\t\t\t\t\t<p class=\"justificado\">Todos los alumnos de 2\u00ba Bachillerato asisten a una charla informativa general sobre el voluntariado. En esa sesi\u00f3n se presenta el Proyecto Ruise\u00f1or de la Universidad P\u00fablica.<\/p>\n<p class=\"justificado\">Aquellos interesados en este proyecto y gracias al convenio de colaboraci\u00f3n con el Departamento de Acci\u00f3n Social de la UPNA, facilitan un correo para que la Universidad se ponga en contacto con ellos y as\u00ed puedan continuar su experiencia de voluntariado en la universidad.<\/p>\n<p class=\"justificado\">El Proyecto Ruise\u00f1or es una experiencia de aprendizaje y de promoci\u00f3n social e intercultural. Los alumnos voluntarios de la Universidad ejercen de mentores de alumnos de 6\u00ba de Primaria.<\/p>\n<p class=\"justificado\">Los \u201cpares\u201d planifican conjuntamente acciones de ocio y tiempo libre (talleres, actividades deportivas y culturales,\u2026), creando espacios para el desarrollo de habilidades para la vida.<\/p>\t\t\t\t\t\t<\/div>\n\t\t\t\t<\/div>\n\t\t\t\t\t<\/div>\n\t\t<\/div>\n\t\t\t\t\t\t\t<\/div>\n\t\t<\/section>\n\t\t\t\t<section class=\"elementor-section elementor-top-section elementor-element elementor-element-jbh4zkf elementor-section-boxed elementor-section-height-default elementor-section-height-default\" data-id=\"jbh4zkf\" data-element_type=\"section\">\n\t\t\t\t\t\t<div class=\"elementor-container elementor-column-gap-default\">\n\t\t\t\t\t<div class=\"elementor-column elementor-col-100 elementor-top-column elementor-element elementor-element-ggr1uo1\" data-id=\"ggr1uo1\" data-element_type=\"column\">\n\t\t\t<div class=\"elementor-widget-wrap elementor-element-populated\">\n\t\t\t\t\t\t\t\t<div class=\"elementor-element elementor-element-i7o4bds elementor-widget-divider--view-line elementor-widget elementor-widget-divider\" data-id=\"i7o4bds\" data-element_type=\"widget\" data-widget_type=\"divider.default\">\n\t\t\t\t<div class=\"elementor-widget-container\">\n\t\t\t\t\t<div class=\"elementor-divider\">\n\t\t\t<span class=\"elementor-divider-separator\">\n\t\t\t\t\t\t<\/span>\n\t\t<\/div>\n\t\t\t\t<\/div>\n\t\t\t\t<\/div>\n\t\t\t\t<section class=\"elementor-section elementor-inner-section elementor-element elementor-element-q3uqh9t elementor-section-boxed elementor-section-height-default elementor-section-height-default\" data-id=\"q3uqh9t\" data-element_type=\"section\">\n\t\t\t\t\t\t<div class=\"elementor-container elementor-column-gap-default\">\n\t\t\t\t\t<div class=\"elementor-column elementor-col-50 elementor-inner-column elementor-element elementor-element-stbweth\" data-id=\"stbweth\" data-element_type=\"column\">\n\t\t\t<div class=\"elementor-widget-wrap elementor-element-populated\">\n\t\t\t\t\t\t\t\t<div class=\"elementor-element elementor-element-c0nj4f7 elementor-widget elementor-widget-text-editor\" data-id=\"c0nj4f7\" data-element_type=\"widget\" data-widget_type=\"text-editor.default\">\n\t\t\t\t<div class=\"elementor-widget-container\">\n\t\t\t\t\t\t\t<div id=\"metaslider-id-739\" style=\"max-width: 416px; margin: 0 auto;\" class=\"ml-slider-3-107-0 metaslider metaslider-responsive metaslider-739 ml-slider ms-theme-default\" role=\"region\" aria-label=\"Proyecto Ruise\u00f1or\" data-height=\"312\" data-width=\"416\">\n    <div id=\"metaslider_container_739\">\n        <ul id='metaslider_739' class='rslides'>\n            <li aria-roledescription='slide' aria-labelledby='slide-0'><img loading=\"lazy\" src=\"https:\/\/iesmarcilla.educacion.navarra.es\/web\/rizoma\/wp-content\/uploads\/sites\/3\/2017\/06\/RUISE\u00d1OR-416x312.jpg\" height=\"312\" width=\"416\" alt=\"\" class=\"slider-739 slide-740 msDefaultImage\" \/><div class=\"caption-wrap\"><div class=\"caption\">Proyecto Ruise\u00f1or<\/div><\/div><\/li>\n            <li style='display: none;' aria-roledescription='slide' aria-labelledby='slide-1'><img loading=\"lazy\" src=\"https:\/\/iesmarcilla.educacion.navarra.es\/web\/rizoma\/wp-content\/uploads\/sites\/3\/2017\/06\/unnamed-173x129.jpeg\" height=\"312\" width=\"416\" alt=\"\" class=\"slider-739 slide-1156 msDefaultImage\" \/><\/li>\n            <li style='display: none;' aria-roledescription='slide' aria-labelledby='slide-2'><img loading=\"lazy\" src=\"https:\/\/iesmarcilla.educacion.navarra.es\/web\/rizoma\/wp-content\/uploads\/sites\/3\/2017\/06\/\u00edndice-226x170.png\" height=\"312\" width=\"416\" alt=\"\" class=\"slider-739 slide-1157 msDefaultImage\" \/><\/li>\n            <li style='display: none;' aria-roledescription='slide' aria-labelledby='slide-3'><img loading=\"lazy\" src=\"https:\/\/iesmarcilla.educacion.navarra.es\/web\/rizoma\/wp-content\/uploads\/sites\/3\/2017\/06\/logo-proyecto-ruisenor-nou-univ-navarra-bo-416x312.png\" height=\"312\" width=\"416\" alt=\"\" class=\"slider-739 slide-1158 msDefaultImage\" \/><\/li>\n            <li style='display: none;' aria-roledescription='slide' aria-labelledby='slide-4'><img loading=\"lazy\" src=\"https:\/\/iesmarcilla.educacion.navarra.es\/web\/rizoma\/wp-content\/uploads\/sites\/3\/2017\/06\/PROYECTO-RUISE\u00d1OR2-416x312.jpg\" height=\"312\" width=\"416\" alt=\"\" class=\"slider-739 slide-1159 msDefaultImage\" \/><\/li>\n        <\/ul>\n        \n    <\/div>\n<\/div>\t\t\t\t\t\t<\/div>\n\t\t\t\t<\/div>\n\t\t\t\t\t<\/div>\n\t\t<\/div>\n\t\t\t\t<div class=\"elementor-column elementor-col-50 elementor-inner-column elementor-element elementor-element-d5g8wy8\" data-id=\"d5g8wy8\" data-element_type=\"column\">\n\t\t\t<div class=\"elementor-widget-wrap elementor-element-populated\">\n\t\t\t\t\t\t\t\t<div class=\"elementor-element elementor-element-mzyfgm3 elementor-widget elementor-widget-text-editor\" data-id=\"mzyfgm3\" data-element_type=\"widget\" data-widget_type=\"text-editor.default\">\n\t\t\t\t<div class=\"elementor-widget-container\">\n\t\t\t\t\t\t\t<a href=\"https:\/\/drive.google.com\/file\/d\/0By4EK4ZKpLSrYWpsNmpabC1qNnc\/view?usp=sharing\" target=\"_blank\"><div class=\"mas-info-largo\">Encuesta y explicaci\u00f3n \u00abProyecto Ruise\u00f1or\u00bb<\/div><\/a>\t\t\t\t\t\t<\/div>\n\t\t\t\t<\/div>\n\t\t\t\t\t<\/div>\n\t\t<\/div>\n\t\t\t\t\t\t\t<\/div>\n\t\t<\/section>\n\t\t\t\t\t<\/div>\n\t\t<\/div>\n\t\t\t\t\t\t\t<\/div>\n\t\t<\/section>\n\t\t\t\t\t\t\t<\/div>\n\t\t","protected":false},"excerpt":{"rendered":"<p>Todos los alumnos de 2\u00ba Bachillerato asisten a una charla informativa general sobre el voluntariado. En esa sesi\u00f3n se presenta el Proyecto Ruise\u00f1or de la Universidad P\u00fablica. Aquellos interesados en este proyecto y gracias al convenio de colaboraci\u00f3n con el Departamento de Acci\u00f3n Social de la UPNA, facilitan un correo para que la Universidad se [&hellip;]<\/p>\n","protected":false},"author":2,"featured_media":0,"parent":78,"menu_order":0,"comment_status":"closed","ping_status":"closed","template":"","meta":{"_genesis_hide_title":false,"_genesis_hide_breadcrumbs":false,"_genesis_hide_singular_image":false,"_genesis_hide_footer_widgets":false,"_genesis_custom_body_class":"","_genesis_custom_post_class":"","_genesis_layout":""},"_links":{"self":[{"href":"https:\/\/iesmarcilla.educacion.navarra.es\/web\/rizoma\/wp-json\/wp\/v2\/pages\/668"}],"collection":[{"href":"https:\/\/iesmarcilla.educacion.navarra.es\/web\/rizoma\/wp-json\/wp\/v2\/pages"}],"about":[{"href":"https:\/\/iesmarcilla.educacion.navarra.es\/web\/rizoma\/wp-json\/wp\/v2\/types\/page"}],"author":[{"embeddable":true,"href":"https:\/\/iesmarcilla.educacion.navarra.es\/web\/rizoma\/wp-json\/wp\/v2\/users\/2"}],"replies":[{"embeddable":true,"href":"https:\/\/iesmarcilla.educacion.navarra.es\/web\/rizoma\/wp-json\/wp\/v2\/comments?post=668"}],"version-history":[{"count":4,"href":"https:\/\/iesmarcilla.educacion.navarra.es\/web\/rizoma\/wp-json\/wp\/v2\/pages\/668\/revisions"}],"predecessor-version":[{"id":1227,"href":"https:\/\/iesmarcilla.educacion.navarra.es\/web\/rizoma\/wp-json\/wp\/v2\/pages\/668\/revisions\/1227"}],"up":[{"embeddable":true,"href":"https:\/\/iesmarcilla.educacion.navarra.es\/web\/rizoma\/wp-json\/wp\/v2\/pages\/78"}],"wp:attachment":[{"href":"https:\/\/iesmarcilla.educacion.navarra.es\/web\/rizoma\/wp-json\/wp\/v2\/media?parent=668"}],"curies":[{"name":"wp","href":"https:\/\/api.w.org\/{rel}","templated":true}]}}