{"id":657,"date":"2017-06-19T09:39:28","date_gmt":"2017-06-19T07:39:28","guid":{"rendered":"http:\/\/iesmarcilla.educacion.navarra.es\/web\/rizoma\/?page_id=657"},"modified":"2017-06-22T12:10:46","modified_gmt":"2017-06-22T10:10:46","slug":"la-brigada-de-la-salud","status":"publish","type":"page","link":"https:\/\/iesmarcilla.educacion.navarra.es\/web\/rizoma\/activismo-social\/la-brigada-de-la-salud\/","title":{"rendered":"La Brigada de la Salud"},"content":{"rendered":"\t\t<div data-elementor-type=\"wp-page\" data-elementor-id=\"657\" class=\"elementor elementor-657 elementor-bc-flex-widget\">\n\t\t\t\t\t\t\t\t\t<section class=\"elementor-section elementor-top-section elementor-element elementor-element-hks1kg7 elementor-section-boxed elementor-section-height-default elementor-section-height-default\" data-id=\"hks1kg7\" data-element_type=\"section\">\n\t\t\t\t\t\t<div class=\"elementor-container elementor-column-gap-default\">\n\t\t\t\t\t<div class=\"elementor-column elementor-col-100 elementor-top-column elementor-element elementor-element-63ehakr\" data-id=\"63ehakr\" data-element_type=\"column\">\n\t\t\t<div class=\"elementor-widget-wrap elementor-element-populated\">\n\t\t\t\t\t\t\t\t<div class=\"elementor-element elementor-element-02j15qp elementor-widget elementor-widget-text-editor\" data-id=\"02j15qp\" data-element_type=\"widget\" data-widget_type=\"text-editor.default\">\n\t\t\t\t<div class=\"elementor-widget-container\">\n\t\t\t\t\t\t\t<p class=\"justificado\">Este grupo lo conforman alumnos de 1\u00ba Bachillerato, que cursan la asignatura de Introducci\u00f3n a las Ciencias de la Salud. Ellos son los encargados de formar, a su vez, a los alumnos de secundaria en h\u00e1bitos saludables.<\/p>\n<p class=\"justificado\">Con esta acci\u00f3n conseguimos un doble objetivo: los alumnos de 1\u00ba bachillerato aprenden a responsabilizarse de tareas de voluntariado, creciendo como personas y consiguiendo competencias que no se trabajan en las aulas habitualmente, y los alumnos de secundaria logran un mayor inter\u00e9s por las acciones planteadas al ser sus compa\u00f1eros quienes transmiten los conocimientos.<\/p>\n<p class=\"justificado\">Estas actividades, junto con otras muchas relacionadas con el \u00e1mbito de la salud, se enmarcan dentro de la Red de Escuelas Saludables de Navarra.<\/p>\t\t\t\t\t\t<\/div>\n\t\t\t\t<\/div>\n\t\t\t\t\t<\/div>\n\t\t<\/div>\n\t\t\t\t\t\t\t<\/div>\n\t\t<\/section>\n\t\t\t\t<section class=\"elementor-section elementor-top-section elementor-element elementor-element-kwq2iz9 elementor-section-boxed elementor-section-height-default elementor-section-height-default\" data-id=\"kwq2iz9\" data-element_type=\"section\">\n\t\t\t\t\t\t<div class=\"elementor-container elementor-column-gap-default\">\n\t\t\t\t\t<div class=\"elementor-column elementor-col-100 elementor-top-column elementor-element elementor-element-9y8h6ev\" data-id=\"9y8h6ev\" data-element_type=\"column\">\n\t\t\t<div class=\"elementor-widget-wrap elementor-element-populated\">\n\t\t\t\t\t\t\t\t<div class=\"elementor-element elementor-element-r5nprb5 elementor-widget-divider--view-line elementor-widget elementor-widget-divider\" data-id=\"r5nprb5\" data-element_type=\"widget\" data-widget_type=\"divider.default\">\n\t\t\t\t<div class=\"elementor-widget-container\">\n\t\t\t\t\t<div class=\"elementor-divider\">\n\t\t\t<span class=\"elementor-divider-separator\">\n\t\t\t\t\t\t<\/span>\n\t\t<\/div>\n\t\t\t\t<\/div>\n\t\t\t\t<\/div>\n\t\t\t\t<section class=\"elementor-section elementor-inner-section elementor-element elementor-element-5iix5gu elementor-section-boxed elementor-section-height-default elementor-section-height-default\" data-id=\"5iix5gu\" data-element_type=\"section\">\n\t\t\t\t\t\t<div class=\"elementor-container elementor-column-gap-default\">\n\t\t\t\t\t<div class=\"elementor-column elementor-col-50 elementor-inner-column elementor-element elementor-element-r2v9270\" data-id=\"r2v9270\" data-element_type=\"column\">\n\t\t\t<div class=\"elementor-widget-wrap elementor-element-populated\">\n\t\t\t\t\t\t\t\t<div class=\"elementor-element elementor-element-p2dqlc2 elementor-widget elementor-widget-text-editor\" data-id=\"p2dqlc2\" data-element_type=\"widget\" data-widget_type=\"text-editor.default\">\n\t\t\t\t<div class=\"elementor-widget-container\">\n\t\t\t\t\t\t\t<div id=\"metaslider-id-850\" style=\"max-width: 416px; margin: 0 auto;\" class=\"ml-slider-3-107-0 metaslider metaslider-responsive metaslider-850 ml-slider ms-theme-default\" role=\"region\" aria-label=\"Brigada Salud\" data-height=\"312\" data-width=\"416\">\n    <div id=\"metaslider_container_850\">\n        <ul id='metaslider_850' class='rslides'>\n            <li aria-roledescription='slide' aria-labelledby='slide-0'><img loading=\"lazy\" src=\"https:\/\/iesmarcilla.educacion.navarra.es\/web\/rizoma\/wp-content\/uploads\/sites\/3\/2017\/06\/lLA-BRIGADA-DE-LA-SALUD-416x312.jpg\" height=\"312\" width=\"416\" alt=\"\" class=\"slider-850 slide-851 msDefaultImage\" \/><div class=\"caption-wrap\"><div class=\"caption\">La brigada de la salud<\/div><\/div><\/li>\n            <li style='display: none;' aria-roledescription='slide' aria-labelledby='slide-1'><img loading=\"lazy\" src=\"https:\/\/iesmarcilla.educacion.navarra.es\/web\/rizoma\/wp-content\/uploads\/sites\/3\/2017\/06\/IMG_20170515_134841-416x312.jpg\" height=\"312\" width=\"416\" alt=\"\" class=\"slider-850 slide-864 msDefaultImage\" \/><\/li>\n            <li style='display: none;' aria-roledescription='slide' aria-labelledby='slide-2'><img loading=\"lazy\" src=\"https:\/\/iesmarcilla.educacion.navarra.es\/web\/rizoma\/wp-content\/uploads\/sites\/3\/2017\/06\/IMG_20170515_134953-416x312.jpg\" height=\"312\" width=\"416\" alt=\"\" class=\"slider-850 slide-865 msDefaultImage\" \/><\/li>\n            <li style='display: none;' aria-roledescription='slide' aria-labelledby='slide-3'><img loading=\"lazy\" src=\"https:\/\/iesmarcilla.educacion.navarra.es\/web\/rizoma\/wp-content\/uploads\/sites\/3\/2017\/06\/IMG_20170515_135002-416x312.jpg\" height=\"312\" width=\"416\" alt=\"\" class=\"slider-850 slide-866 msDefaultImage\" \/><\/li>\n            <li style='display: none;' aria-roledescription='slide' aria-labelledby='slide-4'><img loading=\"lazy\" src=\"https:\/\/iesmarcilla.educacion.navarra.es\/web\/rizoma\/wp-content\/uploads\/sites\/3\/2017\/06\/IMG_20170515_135640-416x312.jpg\" height=\"312\" width=\"416\" alt=\"\" class=\"slider-850 slide-867 msDefaultImage\" \/><\/li>\n            <li style='display: none;' aria-roledescription='slide' aria-labelledby='slide-5'><img loading=\"lazy\" src=\"https:\/\/iesmarcilla.educacion.navarra.es\/web\/rizoma\/wp-content\/uploads\/sites\/3\/2017\/06\/IMG_20170515_141449-416x312.jpg\" height=\"312\" width=\"416\" alt=\"\" class=\"slider-850 slide-868 msDefaultImage\" \/><\/li>\n            <li style='display: none;' aria-roledescription='slide' aria-labelledby='slide-6'><img loading=\"lazy\" src=\"https:\/\/iesmarcilla.educacion.navarra.es\/web\/rizoma\/wp-content\/uploads\/sites\/3\/2017\/06\/IMG_20170515_141730-416x312.jpg\" height=\"312\" width=\"416\" alt=\"\" class=\"slider-850 slide-869 msDefaultImage\" \/><\/li>\n            <li style='display: none;' aria-roledescription='slide' aria-labelledby='slide-7'><img loading=\"lazy\" src=\"https:\/\/iesmarcilla.educacion.navarra.es\/web\/rizoma\/wp-content\/uploads\/sites\/3\/2017\/06\/IMG_9209-416x312.jpg\" height=\"312\" width=\"416\" alt=\"\" class=\"slider-850 slide-870 msDefaultImage\" \/><\/li>\n            <li style='display: none;' aria-roledescription='slide' aria-labelledby='slide-8'><img loading=\"lazy\" src=\"https:\/\/iesmarcilla.educacion.navarra.es\/web\/rizoma\/wp-content\/uploads\/sites\/3\/2017\/06\/IMG_20170112_134631-416x312.jpg\" height=\"312\" width=\"416\" alt=\"\" class=\"slider-850 slide-871 msDefaultImage\" \/><\/li>\n            <li style='display: none;' aria-roledescription='slide' aria-labelledby='slide-9'><img loading=\"lazy\" src=\"https:\/\/iesmarcilla.educacion.navarra.es\/web\/rizoma\/wp-content\/uploads\/sites\/3\/2017\/06\/IMG_20170504_115032-416x312.jpg\" height=\"312\" width=\"416\" alt=\"\" class=\"slider-850 slide-872 msDefaultImage\" \/><\/li>\n            <li style='display: none;' aria-roledescription='slide' aria-labelledby='slide-10'><img loading=\"lazy\" src=\"https:\/\/iesmarcilla.educacion.navarra.es\/web\/rizoma\/wp-content\/uploads\/sites\/3\/2017\/06\/IMG_20170504_115427-416x312.jpg\" height=\"312\" width=\"416\" alt=\"\" class=\"slider-850 slide-873 msDefaultImage\" \/><\/li>\n            <li style='display: none;' aria-roledescription='slide' aria-labelledby='slide-11'><img loading=\"lazy\" src=\"https:\/\/iesmarcilla.educacion.navarra.es\/web\/rizoma\/wp-content\/uploads\/sites\/3\/2017\/06\/IMG_20170504_120318-416x312.jpg\" height=\"312\" width=\"416\" alt=\"\" class=\"slider-850 slide-874 msDefaultImage\" \/><\/li>\n            <li style='display: none;' aria-roledescription='slide' aria-labelledby='slide-12'><img loading=\"lazy\" src=\"https:\/\/iesmarcilla.educacion.navarra.es\/web\/rizoma\/wp-content\/uploads\/sites\/3\/2017\/06\/IMG_20170509_114917-416x312.jpg\" height=\"312\" width=\"416\" alt=\"\" class=\"slider-850 slide-875 msDefaultImage\" \/><\/li>\n        <\/ul>\n        \n    <\/div>\n<\/div>\t\t\t\t\t\t<\/div>\n\t\t\t\t<\/div>\n\t\t\t\t\t<\/div>\n\t\t<\/div>\n\t\t\t\t<div class=\"elementor-column elementor-col-50 elementor-inner-column elementor-element elementor-element-jc7iofd\" data-id=\"jc7iofd\" data-element_type=\"column\">\n\t\t\t<div class=\"elementor-widget-wrap elementor-element-populated\">\n\t\t\t\t\t\t\t\t<div class=\"elementor-element elementor-element-w9ixt83 elementor-widget elementor-widget-text-editor\" data-id=\"w9ixt83\" data-element_type=\"widget\" data-widget_type=\"text-editor.default\">\n\t\t\t\t<div class=\"elementor-widget-container\">\n\t\t\t\t\t\t\t<a href=\"https:\/\/drive.google.com\/file\/d\/0By4EK4ZKpLSrc3NHNS1KQWxMbk0\/view?usp=sharing\" target=\"_blank\"><div class=\"mas-info-largo\">Desarrollo de la Acci\u00f3n<\/div><\/a>\t\t\t\t\t\t<\/div>\n\t\t\t\t<\/div>\n\t\t\t\t\t<\/div>\n\t\t<\/div>\n\t\t\t\t\t\t\t<\/div>\n\t\t<\/section>\n\t\t\t\t\t<\/div>\n\t\t<\/div>\n\t\t\t\t\t\t\t<\/div>\n\t\t<\/section>\n\t\t\t\t\t\t\t<\/div>\n\t\t","protected":false},"excerpt":{"rendered":"<p>Este grupo lo conforman alumnos de 1\u00ba Bachillerato, que cursan la asignatura de Introducci\u00f3n a las Ciencias de la Salud. Ellos son los encargados de formar, a su vez, a los alumnos de secundaria en h\u00e1bitos saludables. Con esta acci\u00f3n conseguimos un doble objetivo: los alumnos de 1\u00ba bachillerato aprenden a responsabilizarse de tareas de [&hellip;]<\/p>\n","protected":false},"author":2,"featured_media":0,"parent":78,"menu_order":0,"comment_status":"closed","ping_status":"closed","template":"","meta":{"_genesis_hide_title":false,"_genesis_hide_breadcrumbs":false,"_genesis_hide_singular_image":false,"_genesis_hide_footer_widgets":false,"_genesis_custom_body_class":"","_genesis_custom_post_class":"","_genesis_layout":""},"_links":{"self":[{"href":"https:\/\/iesmarcilla.educacion.navarra.es\/web\/rizoma\/wp-json\/wp\/v2\/pages\/657"}],"collection":[{"href":"https:\/\/iesmarcilla.educacion.navarra.es\/web\/rizoma\/wp-json\/wp\/v2\/pages"}],"about":[{"href":"https:\/\/iesmarcilla.educacion.navarra.es\/web\/rizoma\/wp-json\/wp\/v2\/types\/page"}],"author":[{"embeddable":true,"href":"https:\/\/iesmarcilla.educacion.navarra.es\/web\/rizoma\/wp-json\/wp\/v2\/users\/2"}],"replies":[{"embeddable":true,"href":"https:\/\/iesmarcilla.educacion.navarra.es\/web\/rizoma\/wp-json\/wp\/v2\/comments?post=657"}],"version-history":[{"count":4,"href":"https:\/\/iesmarcilla.educacion.navarra.es\/web\/rizoma\/wp-json\/wp\/v2\/pages\/657\/revisions"}],"predecessor-version":[{"id":1222,"href":"https:\/\/iesmarcilla.educacion.navarra.es\/web\/rizoma\/wp-json\/wp\/v2\/pages\/657\/revisions\/1222"}],"up":[{"embeddable":true,"href":"https:\/\/iesmarcilla.educacion.navarra.es\/web\/rizoma\/wp-json\/wp\/v2\/pages\/78"}],"wp:attachment":[{"href":"https:\/\/iesmarcilla.educacion.navarra.es\/web\/rizoma\/wp-json\/wp\/v2\/media?parent=657"}],"curies":[{"name":"wp","href":"https:\/\/api.w.org\/{rel}","templated":true}]}}