{"id":618,"date":"2017-06-16T11:21:24","date_gmt":"2017-06-16T09:21:24","guid":{"rendered":"http:\/\/iesmarcilla.educacion.navarra.es\/web\/rizoma\/?page_id=618"},"modified":"2017-06-22T12:14:30","modified_gmt":"2017-06-22T10:14:30","slug":"los-kamishibai-de-esopo","status":"publish","type":"page","link":"https:\/\/iesmarcilla.educacion.navarra.es\/web\/rizoma\/activismo-social\/los-kamishibai-de-esopo\/","title":{"rendered":"Los Kamishibai de Esopo"},"content":{"rendered":"\t\t<div data-elementor-type=\"wp-page\" data-elementor-id=\"618\" class=\"elementor elementor-618 elementor-bc-flex-widget\">\n\t\t\t\t\t\t\t\t\t<section class=\"elementor-section elementor-top-section elementor-element elementor-element-249xte0 elementor-section-boxed elementor-section-height-default elementor-section-height-default\" data-id=\"249xte0\" data-element_type=\"section\">\n\t\t\t\t\t\t<div class=\"elementor-container elementor-column-gap-default\">\n\t\t\t\t\t<div class=\"elementor-column elementor-col-100 elementor-top-column elementor-element elementor-element-djhtx9l\" data-id=\"djhtx9l\" data-element_type=\"column\">\n\t\t\t<div class=\"elementor-widget-wrap elementor-element-populated\">\n\t\t\t\t\t\t\t\t<div class=\"elementor-element elementor-element-m7udlik elementor-widget elementor-widget-text-editor\" data-id=\"m7udlik\" data-element_type=\"widget\" data-widget_type=\"text-editor.default\">\n\t\t\t\t<div class=\"elementor-widget-container\">\n\t\t\t\t\t\t\t<p class=\"justificado\">Los alumnos de Griego de 1\u00ba bachillerato han seleccionado y adaptado f\u00e1bulas de Esopo y a partir de esos textos creados los alumnos de UCE (Unidades de Curr\u00edculo Espec\u00edfico) han elaborado los kamishibais.<\/p>\n<p class=\"justificado\">El proyecto culmina con la lectura de los kamishibais elaborados por parte de los alumnos de UCE y Bachillerato a los alumnos de infantil del colegio. Adem\u00e1s los grupos de 1\u00babto han dise\u00f1ado y dirigido actividades vinculadas a las f\u00e1bulas con materiales reciclados para que los ni\u00f1os las trabajaran tras la lectura.<\/p>\n<p class=\"justificado\">El trabajo coordinado con el colegio, la implicaci\u00f3n e ilusi\u00f3n de los ni\u00f1os y el car\u00e1cter inclusivo de la acci\u00f3n son la base de esta experiencia.<\/p>\t\t\t\t\t\t<\/div>\n\t\t\t\t<\/div>\n\t\t\t\t\t<\/div>\n\t\t<\/div>\n\t\t\t\t\t\t\t<\/div>\n\t\t<\/section>\n\t\t\t\t<section class=\"elementor-section elementor-top-section elementor-element elementor-element-p58kbm9 elementor-section-boxed elementor-section-height-default elementor-section-height-default\" data-id=\"p58kbm9\" data-element_type=\"section\">\n\t\t\t\t\t\t<div class=\"elementor-container elementor-column-gap-default\">\n\t\t\t\t\t<div class=\"elementor-column elementor-col-100 elementor-top-column elementor-element elementor-element-tsx4ve1\" data-id=\"tsx4ve1\" data-element_type=\"column\">\n\t\t\t<div class=\"elementor-widget-wrap elementor-element-populated\">\n\t\t\t\t\t\t\t\t<div class=\"elementor-element elementor-element-skrdoh0 elementor-widget-divider--view-line elementor-widget elementor-widget-divider\" data-id=\"skrdoh0\" data-element_type=\"widget\" data-widget_type=\"divider.default\">\n\t\t\t\t<div class=\"elementor-widget-container\">\n\t\t\t\t\t<div class=\"elementor-divider\">\n\t\t\t<span class=\"elementor-divider-separator\">\n\t\t\t\t\t\t<\/span>\n\t\t<\/div>\n\t\t\t\t<\/div>\n\t\t\t\t<\/div>\n\t\t\t\t<section class=\"elementor-section elementor-inner-section elementor-element elementor-element-sznmk9u elementor-section-boxed elementor-section-height-default elementor-section-height-default\" data-id=\"sznmk9u\" data-element_type=\"section\">\n\t\t\t\t\t\t<div class=\"elementor-container elementor-column-gap-default\">\n\t\t\t\t\t<div class=\"elementor-column elementor-col-50 elementor-inner-column elementor-element elementor-element-yxdk4w5\" data-id=\"yxdk4w5\" data-element_type=\"column\">\n\t\t\t<div class=\"elementor-widget-wrap elementor-element-populated\">\n\t\t\t\t\t\t\t\t<div class=\"elementor-element elementor-element-bwt4mu9 elementor-widget elementor-widget-text-editor\" data-id=\"bwt4mu9\" data-element_type=\"widget\" data-widget_type=\"text-editor.default\">\n\t\t\t\t<div class=\"elementor-widget-container\">\n\t\t\t\t\t\t\t<div id=\"metaslider-id-671\" style=\"max-width: 416px; margin: 0 auto;\" class=\"ml-slider-3-107-0 metaslider metaslider-responsive metaslider-671 ml-slider ms-theme-default\" role=\"region\" aria-label=\"Kamishibai Esopo\" data-height=\"312\" data-width=\"416\">\n    <div id=\"metaslider_container_671\">\n        <ul id='metaslider_671' class='rslides'>\n            <li aria-roledescription='slide' aria-labelledby='slide-0'><img loading=\"lazy\" src=\"https:\/\/iesmarcilla.educacion.navarra.es\/web\/rizoma\/wp-content\/uploads\/sites\/3\/2017\/06\/kamishibai-de-esopo-416x312.jpg\" height=\"312\" width=\"416\" alt=\"\" class=\"slider-671 slide-672 msDefaultImage\" \/><div class=\"caption-wrap\"><div class=\"caption\">Los Kamishibai de Esopo<\/div><\/div><\/li>\n            <li style='display: none;' aria-roledescription='slide' aria-labelledby='slide-1'><img loading=\"lazy\" src=\"https:\/\/iesmarcilla.educacion.navarra.es\/web\/rizoma\/wp-content\/uploads\/sites\/3\/2017\/06\/20170516_085258-416x312.jpg\" height=\"312\" width=\"416\" alt=\"\" class=\"slider-671 slide-674 msDefaultImage\" \/><\/li>\n            <li style='display: none;' aria-roledescription='slide' aria-labelledby='slide-2'><img loading=\"lazy\" src=\"https:\/\/iesmarcilla.educacion.navarra.es\/web\/rizoma\/wp-content\/uploads\/sites\/3\/2017\/06\/IMG_20170525_100144889-416x312.jpg\" height=\"312\" width=\"416\" alt=\"\" class=\"slider-671 slide-687 msDefaultImage\" \/><\/li>\n            <li style='display: none;' aria-roledescription='slide' aria-labelledby='slide-3'><img loading=\"lazy\" src=\"https:\/\/iesmarcilla.educacion.navarra.es\/web\/rizoma\/wp-content\/uploads\/sites\/3\/2017\/06\/20170516_090935-416x312.jpg\" height=\"312\" width=\"416\" alt=\"\" class=\"slider-671 slide-688 msDefaultImage\" \/><\/li>\n            <li style='display: none;' aria-roledescription='slide' aria-labelledby='slide-4'><img loading=\"lazy\" src=\"https:\/\/iesmarcilla.educacion.navarra.es\/web\/rizoma\/wp-content\/uploads\/sites\/3\/2017\/06\/20170516_090936-416x312.jpg\" height=\"312\" width=\"416\" alt=\"\" class=\"slider-671 slide-689 msDefaultImage\" \/><\/li>\n            <li style='display: none;' aria-roledescription='slide' aria-labelledby='slide-5'><img loading=\"lazy\" src=\"https:\/\/iesmarcilla.educacion.navarra.es\/web\/rizoma\/wp-content\/uploads\/sites\/3\/2017\/06\/20170516_090942-416x312.jpg\" height=\"312\" width=\"416\" alt=\"\" class=\"slider-671 slide-690 msDefaultImage\" \/><\/li>\n            <li style='display: none;' aria-roledescription='slide' aria-labelledby='slide-6'><img loading=\"lazy\" src=\"https:\/\/iesmarcilla.educacion.navarra.es\/web\/rizoma\/wp-content\/uploads\/sites\/3\/2017\/06\/20170525_095717-416x312.jpg\" height=\"312\" width=\"416\" alt=\"\" class=\"slider-671 slide-691 msDefaultImage\" \/><\/li>\n            <li style='display: none;' aria-roledescription='slide' aria-labelledby='slide-7'><img loading=\"lazy\" src=\"https:\/\/iesmarcilla.educacion.navarra.es\/web\/rizoma\/wp-content\/uploads\/sites\/3\/2017\/06\/20170525_100136-416x312.jpg\" height=\"312\" width=\"416\" alt=\"\" class=\"slider-671 slide-692 msDefaultImage\" \/><\/li>\n            <li style='display: none;' aria-roledescription='slide' aria-labelledby='slide-8'><img loading=\"lazy\" src=\"https:\/\/iesmarcilla.educacion.navarra.es\/web\/rizoma\/wp-content\/uploads\/sites\/3\/2017\/06\/20170525_100506-416x312.jpg\" height=\"312\" width=\"416\" alt=\"\" class=\"slider-671 slide-693 msDefaultImage\" \/><\/li>\n            <li style='display: none;' aria-roledescription='slide' aria-labelledby='slide-9'><img loading=\"lazy\" src=\"https:\/\/iesmarcilla.educacion.navarra.es\/web\/rizoma\/wp-content\/uploads\/sites\/3\/2017\/06\/20170525_101449-416x312.jpg\" height=\"312\" width=\"416\" alt=\"\" class=\"slider-671 slide-694 msDefaultImage\" \/><\/li>\n            <li style='display: none;' aria-roledescription='slide' aria-labelledby='slide-10'><img loading=\"lazy\" src=\"https:\/\/iesmarcilla.educacion.navarra.es\/web\/rizoma\/wp-content\/uploads\/sites\/3\/2017\/06\/IMG_20170525_094340-416x312.jpg\" height=\"312\" width=\"416\" alt=\"\" class=\"slider-671 slide-695 msDefaultImage\" \/><div class=\"caption-wrap\"><div class=\"caption\">dav<\/div><\/div><\/li>\n            <li style='display: none;' aria-roledescription='slide' aria-labelledby='slide-11'><img loading=\"lazy\" src=\"https:\/\/iesmarcilla.educacion.navarra.es\/web\/rizoma\/wp-content\/uploads\/sites\/3\/2017\/06\/IMG_20170525_095047-416x312.jpg\" height=\"312\" width=\"416\" alt=\"\" class=\"slider-671 slide-696 msDefaultImage\" \/><\/li>\n            <li style='display: none;' aria-roledescription='slide' aria-labelledby='slide-12'><img loading=\"lazy\" src=\"https:\/\/iesmarcilla.educacion.navarra.es\/web\/rizoma\/wp-content\/uploads\/sites\/3\/2017\/06\/IMG_20170525_100133549-416x312.jpg\" height=\"312\" width=\"416\" alt=\"\" class=\"slider-671 slide-697 msDefaultImage\" \/><\/li>\n            <li style='display: none;' aria-roledescription='slide' aria-labelledby='slide-13'><img loading=\"lazy\" src=\"https:\/\/iesmarcilla.educacion.navarra.es\/web\/rizoma\/wp-content\/uploads\/sites\/3\/2017\/06\/IMG_20170525_101354258-416x312.jpg\" height=\"312\" width=\"416\" alt=\"\" class=\"slider-671 slide-699 msDefaultImage\" \/><\/li>\n        <\/ul>\n        \n    <\/div>\n<\/div>\t\t\t\t\t\t<\/div>\n\t\t\t\t<\/div>\n\t\t\t\t\t<\/div>\n\t\t<\/div>\n\t\t\t\t<div class=\"elementor-column elementor-col-50 elementor-inner-column elementor-element elementor-element-gu26fda\" data-id=\"gu26fda\" data-element_type=\"column\">\n\t\t\t<div class=\"elementor-widget-wrap elementor-element-populated\">\n\t\t\t\t\t\t\t\t<div class=\"elementor-element elementor-element-c5obz9c elementor-widget elementor-widget-text-editor\" data-id=\"c5obz9c\" data-element_type=\"widget\" data-widget_type=\"text-editor.default\">\n\t\t\t\t<div class=\"elementor-widget-container\">\n\t\t\t\t\t\t\t<a href=\"https:\/\/drive.google.com\/file\/d\/0By4EK4ZKpLSrRzBnaGoxb3dnOEk\/view?usp=sharing\" target=\"_blank\"><div class=\"mas-info-largo\">Explicaci\u00f3n &#8211;\nKamishibai de Esopo<\/div><\/a>\n&nbsp;\t\t\t\t\t\t<\/div>\n\t\t\t\t<\/div>\n\t\t\t\t\t<\/div>\n\t\t<\/div>\n\t\t\t\t\t\t\t<\/div>\n\t\t<\/section>\n\t\t\t\t\t<\/div>\n\t\t<\/div>\n\t\t\t\t\t\t\t<\/div>\n\t\t<\/section>\n\t\t\t\t\t\t\t<\/div>\n\t\t","protected":false},"excerpt":{"rendered":"<p>Los alumnos de Griego de 1\u00ba bachillerato han seleccionado y adaptado f\u00e1bulas de Esopo y a partir de esos textos creados los alumnos de UCE (Unidades de Curr\u00edculo Espec\u00edfico) han elaborado los kamishibais. El proyecto culmina con la lectura de los kamishibais elaborados por parte de los alumnos de UCE y Bachillerato a los alumnos [&hellip;]<\/p>\n","protected":false},"author":2,"featured_media":0,"parent":78,"menu_order":0,"comment_status":"closed","ping_status":"closed","template":"","meta":{"_genesis_hide_title":false,"_genesis_hide_breadcrumbs":false,"_genesis_hide_singular_image":false,"_genesis_hide_footer_widgets":false,"_genesis_custom_body_class":"","_genesis_custom_post_class":"","_genesis_layout":""},"_links":{"self":[{"href":"https:\/\/iesmarcilla.educacion.navarra.es\/web\/rizoma\/wp-json\/wp\/v2\/pages\/618"}],"collection":[{"href":"https:\/\/iesmarcilla.educacion.navarra.es\/web\/rizoma\/wp-json\/wp\/v2\/pages"}],"about":[{"href":"https:\/\/iesmarcilla.educacion.navarra.es\/web\/rizoma\/wp-json\/wp\/v2\/types\/page"}],"author":[{"embeddable":true,"href":"https:\/\/iesmarcilla.educacion.navarra.es\/web\/rizoma\/wp-json\/wp\/v2\/users\/2"}],"replies":[{"embeddable":true,"href":"https:\/\/iesmarcilla.educacion.navarra.es\/web\/rizoma\/wp-json\/wp\/v2\/comments?post=618"}],"version-history":[{"count":4,"href":"https:\/\/iesmarcilla.educacion.navarra.es\/web\/rizoma\/wp-json\/wp\/v2\/pages\/618\/revisions"}],"predecessor-version":[{"id":1224,"href":"https:\/\/iesmarcilla.educacion.navarra.es\/web\/rizoma\/wp-json\/wp\/v2\/pages\/618\/revisions\/1224"}],"up":[{"embeddable":true,"href":"https:\/\/iesmarcilla.educacion.navarra.es\/web\/rizoma\/wp-json\/wp\/v2\/pages\/78"}],"wp:attachment":[{"href":"https:\/\/iesmarcilla.educacion.navarra.es\/web\/rizoma\/wp-json\/wp\/v2\/media?parent=618"}],"curies":[{"name":"wp","href":"https:\/\/api.w.org\/{rel}","templated":true}]}}