{"id":608,"date":"2017-06-16T11:05:35","date_gmt":"2017-06-16T09:05:35","guid":{"rendered":"http:\/\/iesmarcilla.educacion.navarra.es\/web\/rizoma\/?page_id=608"},"modified":"2017-06-22T12:23:57","modified_gmt":"2017-06-22T10:23:57","slug":"repositorio-de-ficciones","status":"publish","type":"page","link":"https:\/\/iesmarcilla.educacion.navarra.es\/web\/rizoma\/activismo-social\/repositorio-de-ficciones\/","title":{"rendered":"Repositorio de Ficciones"},"content":{"rendered":"\t\t<div data-elementor-type=\"wp-page\" data-elementor-id=\"608\" class=\"elementor elementor-608 elementor-bc-flex-widget\">\n\t\t\t\t\t\t\t\t\t<section class=\"elementor-section elementor-top-section elementor-element elementor-element-fh9vfeh elementor-section-boxed elementor-section-height-default elementor-section-height-default\" data-id=\"fh9vfeh\" data-element_type=\"section\">\n\t\t\t\t\t\t<div class=\"elementor-container elementor-column-gap-default\">\n\t\t\t\t\t<div class=\"elementor-column elementor-col-100 elementor-top-column elementor-element elementor-element-axu5zkm\" data-id=\"axu5zkm\" data-element_type=\"column\">\n\t\t\t<div class=\"elementor-widget-wrap elementor-element-populated\">\n\t\t\t\t\t\t\t\t<div class=\"elementor-element elementor-element-i81g2oz elementor-widget elementor-widget-text-editor\" data-id=\"i81g2oz\" data-element_type=\"widget\" data-widget_type=\"text-editor.default\">\n\t\t\t\t<div class=\"elementor-widget-container\">\n\t\t\t\t\t\t\t<p class=\"justificado\">Surge como propuesta para una futura colaboraci\u00f3n con la ONG salvadore\u00f1a TNT (Tiempos Nuevos Teatros).<\/p>\n<p class=\"justificado\">Se plantea la creaci\u00f3n de una base de audios de lecturas dramatizadas (relatos, cuentos, escenas teatrales), junto a unidades did\u00e1cticas, para su aprovechamiento pedag\u00f3gico. Se trabajar\u00e1n distintos aspectos: literarios, hist\u00f3ricos, emocionales, de activismo social,&#8230; Ambas entidades, TNT e instituto, conformar\u00e1n un repositorio de ficciones que podr\u00edan emplear en su labor formadora.<\/p>\n<p class=\"justificado\">Con esta iniciativa se atiende a un tipo de voluntariado que hasta la fecha no se hab\u00eda podido atender desde Rizoma, el que hace referencia a la Cooperaci\u00f3n Internacional. Un proyecto que acerca distancias, culturas y realidades sociales diferentes.<\/p>\t\t\t\t\t\t<\/div>\n\t\t\t\t<\/div>\n\t\t\t\t\t<\/div>\n\t\t<\/div>\n\t\t\t\t\t\t\t<\/div>\n\t\t<\/section>\n\t\t\t\t<section class=\"elementor-section elementor-top-section elementor-element elementor-element-kralvbn elementor-section-boxed elementor-section-height-default elementor-section-height-default\" data-id=\"kralvbn\" data-element_type=\"section\">\n\t\t\t\t\t\t<div class=\"elementor-container elementor-column-gap-default\">\n\t\t\t\t\t<div class=\"elementor-column elementor-col-100 elementor-top-column elementor-element elementor-element-m7jers3\" data-id=\"m7jers3\" data-element_type=\"column\">\n\t\t\t<div class=\"elementor-widget-wrap elementor-element-populated\">\n\t\t\t\t\t\t\t\t<div class=\"elementor-element elementor-element-eiujj9y elementor-widget-divider--view-line elementor-widget elementor-widget-divider\" data-id=\"eiujj9y\" data-element_type=\"widget\" data-widget_type=\"divider.default\">\n\t\t\t\t<div class=\"elementor-widget-container\">\n\t\t\t\t\t<div class=\"elementor-divider\">\n\t\t\t<span class=\"elementor-divider-separator\">\n\t\t\t\t\t\t<\/span>\n\t\t<\/div>\n\t\t\t\t<\/div>\n\t\t\t\t<\/div>\n\t\t\t\t<section class=\"elementor-section elementor-inner-section elementor-element elementor-element-afg6b0z elementor-section-content-top elementor-section-boxed elementor-section-height-default elementor-section-height-default\" data-id=\"afg6b0z\" data-element_type=\"section\">\n\t\t\t\t\t\t<div class=\"elementor-container elementor-column-gap-default\">\n\t\t\t\t\t<div class=\"elementor-column elementor-col-50 elementor-inner-column elementor-element elementor-element-nb39og0\" data-id=\"nb39og0\" data-element_type=\"column\">\n\t\t\t<div class=\"elementor-widget-wrap elementor-element-populated\">\n\t\t\t\t\t\t\t\t<div class=\"elementor-element elementor-element-i2vlhm9 elementor-widget elementor-widget-text-editor\" data-id=\"i2vlhm9\" data-element_type=\"widget\" data-widget_type=\"text-editor.default\">\n\t\t\t\t<div class=\"elementor-widget-container\">\n\t\t\t\t\t\t\t<div id=\"metaslider-id-939\" style=\"max-width: 416px; margin: 0 auto;\" class=\"ml-slider-3-107-0 metaslider metaslider-responsive metaslider-939 ml-slider ms-theme-default\" role=\"region\" aria-label=\"Repositorio de ficciones\" data-height=\"312\" data-width=\"416\">\n    <div id=\"metaslider_container_939\">\n        <ul id='metaslider_939' class='rslides'>\n            <li aria-roledescription='slide' aria-labelledby='slide-0'><img loading=\"lazy\" src=\"https:\/\/iesmarcilla.educacion.navarra.es\/web\/rizoma\/wp-content\/uploads\/sites\/3\/2017\/06\/REPOSITORIO-DE-FICCIONES-416x312.jpg\" height=\"312\" width=\"416\" alt=\"\" class=\"slider-939 slide-940 msDefaultImage\" \/><div class=\"caption-wrap\"><div class=\"caption\">Repositorio de Ficciones<\/div><\/div><\/li>\n            <li style='display: none;' aria-roledescription='slide' aria-labelledby='slide-1'><img loading=\"lazy\" src=\"https:\/\/iesmarcilla.educacion.navarra.es\/web\/rizoma\/wp-content\/uploads\/sites\/3\/2017\/06\/C-6I4KaXkAAt5Hy-416x312.jpg\" height=\"312\" width=\"416\" alt=\"\" class=\"slider-939 slide-1169 msDefaultImage\" \/><\/li>\n            <li style='display: none;' aria-roledescription='slide' aria-labelledby='slide-2'><img loading=\"lazy\" src=\"https:\/\/iesmarcilla.educacion.navarra.es\/web\/rizoma\/wp-content\/uploads\/sites\/3\/2017\/06\/Gracias-Espa\u00f1a--416x312.jpg\" height=\"312\" width=\"416\" alt=\"\" class=\"slider-939 slide-1170 msDefaultImage\" \/><\/li>\n            <li style='display: none;' aria-roledescription='slide' aria-labelledby='slide-3'><img loading=\"lazy\" src=\"https:\/\/iesmarcilla.educacion.navarra.es\/web\/rizoma\/wp-content\/uploads\/sites\/3\/2017\/06\/TNT-416x312.jpg\" height=\"312\" width=\"416\" alt=\"\" class=\"slider-939 slide-1171 msDefaultImage\" \/><\/li>\n        <\/ul>\n        \n    <\/div>\n<\/div>\t\t\t\t\t\t<\/div>\n\t\t\t\t<\/div>\n\t\t\t\t\t<\/div>\n\t\t<\/div>\n\t\t\t\t<div class=\"elementor-column elementor-col-50 elementor-inner-column elementor-element elementor-element-ikel1zg\" data-id=\"ikel1zg\" data-element_type=\"column\">\n\t\t\t<div class=\"elementor-widget-wrap elementor-element-populated\">\n\t\t\t\t\t\t\t\t<div class=\"elementor-element elementor-element-iymtyew elementor-widget elementor-widget-text-editor\" data-id=\"iymtyew\" data-element_type=\"widget\" data-widget_type=\"text-editor.default\">\n\t\t\t\t<div class=\"elementor-widget-container\">\n\t\t\t\t\t\t\t<a href=\"https:\/\/drive.google.com\/file\/d\/0By4EK4ZKpLSrcm5xeHh2NG1hM2M\/view?usp=sharing\" target=\"_blank\"><div class=\"mas-info-largo\">Propuesta de colaboraci\u00f3n con TNT<\/div><\/a>\n&nbsp;\t\t\t\t\t\t<\/div>\n\t\t\t\t<\/div>\n\t\t\t\t\t<\/div>\n\t\t<\/div>\n\t\t\t\t\t\t\t<\/div>\n\t\t<\/section>\n\t\t\t\t\t<\/div>\n\t\t<\/div>\n\t\t\t\t\t\t\t<\/div>\n\t\t<\/section>\n\t\t\t\t\t\t\t<\/div>\n\t\t","protected":false},"excerpt":{"rendered":"<p>Surge como propuesta para una futura colaboraci\u00f3n con la ONG salvadore\u00f1a TNT (Tiempos Nuevos Teatros). Se plantea la creaci\u00f3n de una base de audios de lecturas dramatizadas (relatos, cuentos, escenas teatrales), junto a unidades did\u00e1cticas, para su aprovechamiento pedag\u00f3gico. Se trabajar\u00e1n distintos aspectos: literarios, hist\u00f3ricos, emocionales, de activismo social,&#8230; Ambas entidades, TNT e instituto, conformar\u00e1n [&hellip;]<\/p>\n","protected":false},"author":2,"featured_media":0,"parent":78,"menu_order":0,"comment_status":"closed","ping_status":"closed","template":"","meta":{"_genesis_hide_title":false,"_genesis_hide_breadcrumbs":false,"_genesis_hide_singular_image":false,"_genesis_hide_footer_widgets":false,"_genesis_custom_body_class":"","_genesis_custom_post_class":"","_genesis_layout":""},"_links":{"self":[{"href":"https:\/\/iesmarcilla.educacion.navarra.es\/web\/rizoma\/wp-json\/wp\/v2\/pages\/608"}],"collection":[{"href":"https:\/\/iesmarcilla.educacion.navarra.es\/web\/rizoma\/wp-json\/wp\/v2\/pages"}],"about":[{"href":"https:\/\/iesmarcilla.educacion.navarra.es\/web\/rizoma\/wp-json\/wp\/v2\/types\/page"}],"author":[{"embeddable":true,"href":"https:\/\/iesmarcilla.educacion.navarra.es\/web\/rizoma\/wp-json\/wp\/v2\/users\/2"}],"replies":[{"embeddable":true,"href":"https:\/\/iesmarcilla.educacion.navarra.es\/web\/rizoma\/wp-json\/wp\/v2\/comments?post=608"}],"version-history":[{"count":5,"href":"https:\/\/iesmarcilla.educacion.navarra.es\/web\/rizoma\/wp-json\/wp\/v2\/pages\/608\/revisions"}],"predecessor-version":[{"id":1228,"href":"https:\/\/iesmarcilla.educacion.navarra.es\/web\/rizoma\/wp-json\/wp\/v2\/pages\/608\/revisions\/1228"}],"up":[{"embeddable":true,"href":"https:\/\/iesmarcilla.educacion.navarra.es\/web\/rizoma\/wp-json\/wp\/v2\/pages\/78"}],"wp:attachment":[{"href":"https:\/\/iesmarcilla.educacion.navarra.es\/web\/rizoma\/wp-json\/wp\/v2\/media?parent=608"}],"curies":[{"name":"wp","href":"https:\/\/api.w.org\/{rel}","templated":true}]}}