{"id":604,"date":"2017-06-16T10:43:43","date_gmt":"2017-06-16T08:43:43","guid":{"rendered":"http:\/\/iesmarcilla.educacion.navarra.es\/web\/rizoma\/?page_id=604"},"modified":"2017-06-22T12:21:20","modified_gmt":"2017-06-22T10:21:20","slug":"proactivismo-en-el-proyecto-solidario","status":"publish","type":"page","link":"https:\/\/iesmarcilla.educacion.navarra.es\/web\/rizoma\/activismo-social\/proactivismo-en-el-proyecto-solidario\/","title":{"rendered":"Proactivismo en el Proyecto Solidario"},"content":{"rendered":"\t\t<div data-elementor-type=\"wp-page\" data-elementor-id=\"604\" class=\"elementor elementor-604 elementor-bc-flex-widget\">\n\t\t\t\t\t\t\t\t\t<section class=\"elementor-section elementor-top-section elementor-element elementor-element-l966zqv elementor-section-boxed elementor-section-height-default elementor-section-height-default\" data-id=\"l966zqv\" data-element_type=\"section\">\n\t\t\t\t\t\t<div class=\"elementor-container elementor-column-gap-default\">\n\t\t\t\t\t<div class=\"elementor-column elementor-col-100 elementor-top-column elementor-element elementor-element-6hkqy81\" data-id=\"6hkqy81\" data-element_type=\"column\">\n\t\t\t<div class=\"elementor-widget-wrap elementor-element-populated\">\n\t\t\t\t\t\t\t\t<div class=\"elementor-element elementor-element-3ht1lcc elementor-widget elementor-widget-text-editor\" data-id=\"3ht1lcc\" data-element_type=\"widget\" data-widget_type=\"text-editor.default\">\n\t\t\t\t<div class=\"elementor-widget-container\">\n\t\t\t\t\t\t\t<p class=\"justificado\">Los alumnos de 1\u00baESO se han encargado de liderar el proyecto solidario navide\u00f1o del centro, que consiste en elaborar cestas de Navidad con productos aportados por la comunidad educativa (profesores, familias,\u2026) y por los comercios de la zona para organizar un sorteo. El dinero obtenido se destina a un proyecto solidario.<\/p>\n<p class=\"justificado\">En este caso los alumnos de 1\u00baESO solicitaron la participaci\u00f3n de la comunidad educativa y buscaron la ayuda de los comercios de la zona. As\u00ed elaboraron material para informar sobre la situaci\u00f3n cr\u00edtica de Hait\u00ed (destinataria este a\u00f1o del dinero), analizando las causas geogr\u00e1ficas y pol\u00edticas de la crisis humanitaria, y para fomentar la elaboraci\u00f3n de las cestas con productos saludables y de proximidad.<\/p>\n<p class=\"justificado\">Todo esto lo presentaron a la comunidad educativa a trav\u00e9s de exposiciones a cada grupo del centro. En esta acci\u00f3n han colaborado los departamentos de Ciencias Naturales, Sociales y Lengua.<\/p>\t\t\t\t\t\t<\/div>\n\t\t\t\t<\/div>\n\t\t\t\t\t<\/div>\n\t\t<\/div>\n\t\t\t\t\t\t\t<\/div>\n\t\t<\/section>\n\t\t\t\t<section class=\"elementor-section elementor-top-section elementor-element elementor-element-wpo58fu elementor-section-boxed elementor-section-height-default elementor-section-height-default\" data-id=\"wpo58fu\" data-element_type=\"section\">\n\t\t\t\t\t\t<div class=\"elementor-container elementor-column-gap-default\">\n\t\t\t\t\t<div class=\"elementor-column elementor-col-100 elementor-top-column elementor-element elementor-element-75ebbq5\" data-id=\"75ebbq5\" data-element_type=\"column\">\n\t\t\t<div class=\"elementor-widget-wrap elementor-element-populated\">\n\t\t\t\t\t\t\t\t<div class=\"elementor-element elementor-element-8haoru0 elementor-widget-divider--view-line elementor-widget elementor-widget-divider\" data-id=\"8haoru0\" data-element_type=\"widget\" data-widget_type=\"divider.default\">\n\t\t\t\t<div class=\"elementor-widget-container\">\n\t\t\t\t\t<div class=\"elementor-divider\">\n\t\t\t<span class=\"elementor-divider-separator\">\n\t\t\t\t\t\t<\/span>\n\t\t<\/div>\n\t\t\t\t<\/div>\n\t\t\t\t<\/div>\n\t\t\t\t<section class=\"elementor-section elementor-inner-section elementor-element elementor-element-8bw0eub elementor-section-boxed elementor-section-height-default elementor-section-height-default\" data-id=\"8bw0eub\" data-element_type=\"section\">\n\t\t\t\t\t\t<div class=\"elementor-container elementor-column-gap-default\">\n\t\t\t\t\t<div class=\"elementor-column elementor-col-50 elementor-inner-column elementor-element elementor-element-vi2642k\" data-id=\"vi2642k\" data-element_type=\"column\">\n\t\t\t<div class=\"elementor-widget-wrap elementor-element-populated\">\n\t\t\t\t\t\t\t\t<div class=\"elementor-element elementor-element-1dksn4o elementor-widget elementor-widget-text-editor\" data-id=\"1dksn4o\" data-element_type=\"widget\" data-widget_type=\"text-editor.default\">\n\t\t\t\t<div class=\"elementor-widget-container\">\n\t\t\t\t\t\t\t<div id=\"metaslider-id-942\" style=\"max-width: 416px; margin: 0 auto;\" class=\"ml-slider-3-107-0 metaslider metaslider-responsive metaslider-942 ml-slider ms-theme-default\" role=\"region\" aria-label=\"Proactivismo - Proyecto Solidario\" data-height=\"312\" data-width=\"416\">\n    <div id=\"metaslider_container_942\">\n        <ul id='metaslider_942' class='rslides'>\n            <li aria-roledescription='slide' aria-labelledby='slide-0'><img loading=\"lazy\" src=\"https:\/\/iesmarcilla.educacion.navarra.es\/web\/rizoma\/wp-content\/uploads\/sites\/3\/2017\/06\/PROACTIVISMO-EN-EL-PROYECTO-SOLIDARIO-416x312.jpg\" height=\"312\" width=\"416\" alt=\"\" class=\"slider-942 slide-943 msDefaultImage\" \/><div class=\"caption-wrap\"><div class=\"caption\">Proactivismo en el proyecto solidario<\/div><\/div><\/li>\n            <li style='display: none;' aria-roledescription='slide' aria-labelledby='slide-1'><img loading=\"lazy\" src=\"https:\/\/iesmarcilla.educacion.navarra.es\/web\/rizoma\/wp-content\/uploads\/sites\/3\/2017\/06\/2016-12-21-PHOTO-00000109-416x312.jpg\" height=\"312\" width=\"416\" alt=\"\" class=\"slider-942 slide-952 msDefaultImage\" \/><\/li>\n            <li style='display: none;' aria-roledescription='slide' aria-labelledby='slide-2'><img loading=\"lazy\" src=\"https:\/\/iesmarcilla.educacion.navarra.es\/web\/rizoma\/wp-content\/uploads\/sites\/3\/2017\/06\/2016-12-21-PHOTO-00000102-416x312.jpg\" height=\"312\" width=\"416\" alt=\"\" class=\"slider-942 slide-953 msDefaultImage\" \/><\/li>\n            <li style='display: none;' aria-roledescription='slide' aria-labelledby='slide-3'><img loading=\"lazy\" src=\"https:\/\/iesmarcilla.educacion.navarra.es\/web\/rizoma\/wp-content\/uploads\/sites\/3\/2017\/06\/2016-12-21-PHOTO-00000103-416x312.jpg\" height=\"312\" width=\"416\" alt=\"\" class=\"slider-942 slide-954 msDefaultImage\" \/><\/li>\n            <li style='display: none;' aria-roledescription='slide' aria-labelledby='slide-4'><img loading=\"lazy\" src=\"https:\/\/iesmarcilla.educacion.navarra.es\/web\/rizoma\/wp-content\/uploads\/sites\/3\/2017\/06\/2016-12-21-PHOTO-00000104-416x312.jpg\" height=\"312\" width=\"416\" alt=\"\" class=\"slider-942 slide-955 msDefaultImage\" \/><\/li>\n            <li style='display: none;' aria-roledescription='slide' aria-labelledby='slide-5'><img loading=\"lazy\" src=\"https:\/\/iesmarcilla.educacion.navarra.es\/web\/rizoma\/wp-content\/uploads\/sites\/3\/2017\/06\/2016-12-21-PHOTO-00000105-416x312.jpg\" height=\"312\" width=\"416\" alt=\"\" class=\"slider-942 slide-956 msDefaultImage\" \/><\/li>\n            <li style='display: none;' aria-roledescription='slide' aria-labelledby='slide-6'><img loading=\"lazy\" src=\"https:\/\/iesmarcilla.educacion.navarra.es\/web\/rizoma\/wp-content\/uploads\/sites\/3\/2017\/06\/2016-12-21-PHOTO-00000106-416x312.jpg\" height=\"312\" width=\"416\" alt=\"\" class=\"slider-942 slide-957 msDefaultImage\" \/><\/li>\n            <li style='display: none;' aria-roledescription='slide' aria-labelledby='slide-7'><img loading=\"lazy\" src=\"https:\/\/iesmarcilla.educacion.navarra.es\/web\/rizoma\/wp-content\/uploads\/sites\/3\/2017\/06\/2016-12-21-PHOTO-00000107-416x312.jpg\" height=\"312\" width=\"416\" alt=\"\" class=\"slider-942 slide-958 msDefaultImage\" \/><\/li>\n        <\/ul>\n        \n    <\/div>\n<\/div>\t\t\t\t\t\t<\/div>\n\t\t\t\t<\/div>\n\t\t\t\t\t<\/div>\n\t\t<\/div>\n\t\t\t\t<div class=\"elementor-column elementor-col-50 elementor-inner-column elementor-element elementor-element-o8onf9t\" data-id=\"o8onf9t\" data-element_type=\"column\">\n\t\t\t<div class=\"elementor-widget-wrap elementor-element-populated\">\n\t\t\t\t\t\t\t\t<div class=\"elementor-element elementor-element-zd80dam elementor-widget elementor-widget-text-editor\" data-id=\"zd80dam\" data-element_type=\"widget\" data-widget_type=\"text-editor.default\">\n\t\t\t\t<div class=\"elementor-widget-container\">\n\t\t\t\t\t\t\t<a href=\"https:\/\/drive.google.com\/file\/d\/0By4EK4ZKpLSrVklLcEhjXzh4aUk\/view?usp=sharing\" target=\"_blank\"><div class=\"mas-info-largo\">Carta &#8211;\nSolicitud de donaci\u00f3n<\/div><\/a>\n&nbsp;\n<a href=\"https:\/\/drive.google.com\/file\/d\/0By4EK4ZKpLSrckFDbGh5OGtYSFk\/view?usp=sharing\" target=\"_blank\"><div class=\"mas-info-largo\">Elaboraci\u00f3n de cestas<\/div><\/a>\n&nbsp;\n<a href=\"https:\/\/drive.google.com\/file\/d\/0By4EK4ZKpLSrdU1rRHlNaUwtd0U\/view?usp=sharing\" target=\"_blank\"><div class=\"mas-info-largo\">H\u00e1bitos saludables en Navidad<\/div><\/a>\n&nbsp;\n<a href=\"https:\/\/drive.google.com\/file\/d\/0By4EK4ZKpLSrMFk3SFcyODZWRW8\/view?usp=sharing\" target=\"_blank\"><div class=\"mas-info-largo\">Proyecto investigaci\u00f3n\nRiesgos geol\u00f3gicos en Hait\u00ed<\/div><\/a>\n&nbsp;\n<a href=\"https:\/\/drive.google.com\/file\/d\/0By4EK4ZKpLSrcEFDZ0h4Q2xPMmc\/view?usp=sharing\" target=\"_blank\"><div class=\"mas-info-largo\">Mapa de Hait\u00ed<\/div><\/a>\n&nbsp;\t\t\t\t\t\t<\/div>\n\t\t\t\t<\/div>\n\t\t\t\t\t<\/div>\n\t\t<\/div>\n\t\t\t\t\t\t\t<\/div>\n\t\t<\/section>\n\t\t\t\t\t<\/div>\n\t\t<\/div>\n\t\t\t\t\t\t\t<\/div>\n\t\t<\/section>\n\t\t\t\t\t\t\t<\/div>\n\t\t","protected":false},"excerpt":{"rendered":"<p>Los alumnos de 1\u00baESO se han encargado de liderar el proyecto solidario navide\u00f1o del centro, que consiste en elaborar cestas de Navidad con productos aportados por la comunidad educativa (profesores, familias,\u2026) y por los comercios de la zona para organizar un sorteo. El dinero obtenido se destina a un proyecto solidario. En este caso los [&hellip;]<\/p>\n","protected":false},"author":2,"featured_media":0,"parent":78,"menu_order":0,"comment_status":"closed","ping_status":"closed","template":"","meta":{"_genesis_hide_title":false,"_genesis_hide_breadcrumbs":false,"_genesis_hide_singular_image":false,"_genesis_hide_footer_widgets":false,"_genesis_custom_body_class":"","_genesis_custom_post_class":"","_genesis_layout":""},"_links":{"self":[{"href":"https:\/\/iesmarcilla.educacion.navarra.es\/web\/rizoma\/wp-json\/wp\/v2\/pages\/604"}],"collection":[{"href":"https:\/\/iesmarcilla.educacion.navarra.es\/web\/rizoma\/wp-json\/wp\/v2\/pages"}],"about":[{"href":"https:\/\/iesmarcilla.educacion.navarra.es\/web\/rizoma\/wp-json\/wp\/v2\/types\/page"}],"author":[{"embeddable":true,"href":"https:\/\/iesmarcilla.educacion.navarra.es\/web\/rizoma\/wp-json\/wp\/v2\/users\/2"}],"replies":[{"embeddable":true,"href":"https:\/\/iesmarcilla.educacion.navarra.es\/web\/rizoma\/wp-json\/wp\/v2\/comments?post=604"}],"version-history":[{"count":4,"href":"https:\/\/iesmarcilla.educacion.navarra.es\/web\/rizoma\/wp-json\/wp\/v2\/pages\/604\/revisions"}],"predecessor-version":[{"id":1226,"href":"https:\/\/iesmarcilla.educacion.navarra.es\/web\/rizoma\/wp-json\/wp\/v2\/pages\/604\/revisions\/1226"}],"up":[{"embeddable":true,"href":"https:\/\/iesmarcilla.educacion.navarra.es\/web\/rizoma\/wp-json\/wp\/v2\/pages\/78"}],"wp:attachment":[{"href":"https:\/\/iesmarcilla.educacion.navarra.es\/web\/rizoma\/wp-json\/wp\/v2\/media?parent=604"}],"curies":[{"name":"wp","href":"https:\/\/api.w.org\/{rel}","templated":true}]}}