{"id":600,"date":"2017-06-16T10:16:26","date_gmt":"2017-06-16T08:16:26","guid":{"rendered":"http:\/\/iesmarcilla.educacion.navarra.es\/web\/rizoma\/?page_id=600"},"modified":"2017-06-22T12:13:07","modified_gmt":"2017-06-22T10:13:07","slug":"la-historia-en-vinetas","status":"publish","type":"page","link":"https:\/\/iesmarcilla.educacion.navarra.es\/web\/rizoma\/activismo-social\/la-historia-en-vinetas\/","title":{"rendered":"La Historia en Vi\u00f1etas"},"content":{"rendered":"\t\t<div data-elementor-type=\"wp-page\" data-elementor-id=\"600\" class=\"elementor elementor-600 elementor-bc-flex-widget\">\n\t\t\t\t\t\t\t\t\t<section class=\"elementor-section elementor-top-section elementor-element elementor-element-zurpwmr elementor-section-boxed elementor-section-height-default elementor-section-height-default\" data-id=\"zurpwmr\" data-element_type=\"section\">\n\t\t\t\t\t\t<div class=\"elementor-container elementor-column-gap-default\">\n\t\t\t\t\t<div class=\"elementor-column elementor-col-100 elementor-top-column elementor-element elementor-element-sp9igtt\" data-id=\"sp9igtt\" data-element_type=\"column\">\n\t\t\t<div class=\"elementor-widget-wrap elementor-element-populated\">\n\t\t\t\t\t\t\t\t<div class=\"elementor-element elementor-element-juhju9u elementor-widget elementor-widget-text-editor\" data-id=\"juhju9u\" data-element_type=\"widget\" data-widget_type=\"text-editor.default\">\n\t\t\t\t<div class=\"elementor-widget-container\">\n\t\t\t\t\t\t\t<p class=\"justificado\">En colaboraci\u00f3n con el dpto. de Historia, se ha seleccionado una serie de c\u00f3mics de la colecci\u00f3n Joyas literarias juveniles de Bruguera para abordar aspectos de la Historia del curr\u00edculum de 1\u00babto. Los alumnos tras la lectura del c\u00f3mic seleccionado, deb\u00edan cumplimentar un formulario atendiendo a los aspectos hist\u00f3ricos de la narraci\u00f3n.<\/p>\n<p class=\"justificado\">Acercar a los alumnos el mundo del c\u00f3mic, mantener una actitud cr\u00edtica ante los hechos hist\u00f3ricos y reflexionar sobre la interdisciplinariedad de la Historia han sido los focos de esta intervenci\u00f3n.<\/p>\t\t\t\t\t\t<\/div>\n\t\t\t\t<\/div>\n\t\t\t\t\t<\/div>\n\t\t<\/div>\n\t\t\t\t\t\t\t<\/div>\n\t\t<\/section>\n\t\t\t\t<section class=\"elementor-section elementor-top-section elementor-element elementor-element-t6cyyfa elementor-section-boxed elementor-section-height-default elementor-section-height-default\" data-id=\"t6cyyfa\" data-element_type=\"section\">\n\t\t\t\t\t\t<div class=\"elementor-container elementor-column-gap-default\">\n\t\t\t\t\t<div class=\"elementor-column elementor-col-100 elementor-top-column elementor-element elementor-element-weggoon\" data-id=\"weggoon\" data-element_type=\"column\">\n\t\t\t<div class=\"elementor-widget-wrap elementor-element-populated\">\n\t\t\t\t\t\t\t\t<div class=\"elementor-element elementor-element-djih5wk elementor-widget-divider--view-line elementor-widget elementor-widget-divider\" data-id=\"djih5wk\" data-element_type=\"widget\" data-widget_type=\"divider.default\">\n\t\t\t\t<div class=\"elementor-widget-container\">\n\t\t\t\t\t<div class=\"elementor-divider\">\n\t\t\t<span class=\"elementor-divider-separator\">\n\t\t\t\t\t\t<\/span>\n\t\t<\/div>\n\t\t\t\t<\/div>\n\t\t\t\t<\/div>\n\t\t\t\t<section class=\"elementor-section elementor-inner-section elementor-element elementor-element-rr81acc elementor-section-boxed elementor-section-height-default elementor-section-height-default\" data-id=\"rr81acc\" data-element_type=\"section\">\n\t\t\t\t\t\t<div class=\"elementor-container elementor-column-gap-default\">\n\t\t\t\t\t<div class=\"elementor-column elementor-col-50 elementor-inner-column elementor-element elementor-element-n56fxpl\" data-id=\"n56fxpl\" data-element_type=\"column\">\n\t\t\t<div class=\"elementor-widget-wrap elementor-element-populated\">\n\t\t\t\t\t\t\t\t<div class=\"elementor-element elementor-element-x0efrd6 elementor-widget elementor-widget-text-editor\" data-id=\"x0efrd6\" data-element_type=\"widget\" data-widget_type=\"text-editor.default\">\n\t\t\t\t<div class=\"elementor-widget-container\">\n\t\t\t\t\t\t\t<div id=\"metaslider-id-959\" style=\"max-width: 416px; margin: 0 auto;\" class=\"ml-slider-3-107-0 metaslider metaslider-responsive metaslider-959 ml-slider ms-theme-default\" role=\"region\" aria-label=\"La historia en vi\u00f1etas\" data-height=\"312\" data-width=\"416\">\n    <div id=\"metaslider_container_959\">\n        <ul id='metaslider_959' class='rslides'>\n            <li aria-roledescription='slide' aria-labelledby='slide-0'><img loading=\"lazy\" src=\"https:\/\/iesmarcilla.educacion.navarra.es\/web\/rizoma\/wp-content\/uploads\/sites\/3\/2017\/06\/LA-HISTORIA-EN-VI\u00d1ETAS-416x312.jpg\" height=\"312\" width=\"416\" alt=\"\" class=\"slider-959 slide-960 msDefaultImage\" \/><div class=\"caption-wrap\"><div class=\"caption\">La Historia en Vi\u00f1etas<\/div><\/div><\/li>\n            <li style='display: none;' aria-roledescription='slide' aria-labelledby='slide-1'><img loading=\"lazy\" src=\"https:\/\/iesmarcilla.educacion.navarra.es\/web\/rizoma\/wp-content\/uploads\/sites\/3\/2017\/06\/StockSnap_8BFY62FQJ4-416x312.jpg\" height=\"312\" width=\"416\" alt=\"\" class=\"slider-959 slide-1176 msDefaultImage\" \/><\/li>\n            <li style='display: none;' aria-roledescription='slide' aria-labelledby='slide-2'><img loading=\"lazy\" src=\"https:\/\/iesmarcilla.educacion.navarra.es\/web\/rizoma\/wp-content\/uploads\/sites\/3\/2017\/06\/dakota-corbin-211682-416x312.jpg\" height=\"312\" width=\"416\" alt=\"\" class=\"slider-959 slide-1177 msDefaultImage\" \/><\/li>\n            <li style='display: none;' aria-roledescription='slide' aria-labelledby='slide-3'><img loading=\"lazy\" src=\"https:\/\/iesmarcilla.educacion.navarra.es\/web\/rizoma\/wp-content\/uploads\/sites\/3\/2017\/06\/mitch-rosen-203803-416x312.jpg\" height=\"312\" width=\"416\" alt=\"\" class=\"slider-959 slide-1178 msDefaultImage\" \/><\/li>\n            <li style='display: none;' aria-roledescription='slide' aria-labelledby='slide-4'><img loading=\"lazy\" src=\"https:\/\/iesmarcilla.educacion.navarra.es\/web\/rizoma\/wp-content\/uploads\/sites\/3\/2017\/06\/StockSnap_5ZOLLCTQ2D-416x312.jpg\" height=\"312\" width=\"416\" alt=\"\" class=\"slider-959 slide-1179 msDefaultImage\" \/><\/li>\n        <\/ul>\n        \n    <\/div>\n<\/div>\t\t\t\t\t\t<\/div>\n\t\t\t\t<\/div>\n\t\t\t\t\t<\/div>\n\t\t<\/div>\n\t\t\t\t<div class=\"elementor-column elementor-col-50 elementor-inner-column elementor-element elementor-element-8p6v161\" data-id=\"8p6v161\" data-element_type=\"column\">\n\t\t\t<div class=\"elementor-widget-wrap elementor-element-populated\">\n\t\t\t\t\t\t\t\t<div class=\"elementor-element elementor-element-h2oo2vo elementor-widget elementor-widget-text-editor\" data-id=\"h2oo2vo\" data-element_type=\"widget\" data-widget_type=\"text-editor.default\">\n\t\t\t\t<div class=\"elementor-widget-container\">\n\t\t\t\t\t\t\t<a href=\"https:\/\/drive.google.com\/file\/d\/0By4EK4ZKpLSrTlRlUndGMURLLUU\/view?usp=sharing\" target=\"_blank\"><div class=\"mas-info-largo\">Explicaci\u00f3n de la Acci\u00f3n<\/div><\/a>\n&nbsp;\n<a href=\"https:\/\/drive.google.com\/file\/d\/0By4EK4ZKpLSrX2U5ZlBfaks4UlE\/view?usp=sharing\" target=\"_blank\"><div class=\"mas-info-largo\">Ficha de Lectura<\/div><\/a>\n&nbsp;\t\t\t\t\t\t<\/div>\n\t\t\t\t<\/div>\n\t\t\t\t\t<\/div>\n\t\t<\/div>\n\t\t\t\t\t\t\t<\/div>\n\t\t<\/section>\n\t\t\t\t\t<\/div>\n\t\t<\/div>\n\t\t\t\t\t\t\t<\/div>\n\t\t<\/section>\n\t\t\t\t\t\t\t<\/div>\n\t\t","protected":false},"excerpt":{"rendered":"<p>En colaboraci\u00f3n con el dpto. de Historia, se ha seleccionado una serie de c\u00f3mics de la colecci\u00f3n Joyas literarias juveniles de Bruguera para abordar aspectos de la Historia del curr\u00edculum de 1\u00babto. Los alumnos tras la lectura del c\u00f3mic seleccionado, deb\u00edan cumplimentar un formulario atendiendo a los aspectos hist\u00f3ricos de la narraci\u00f3n. Acercar a los [&hellip;]<\/p>\n","protected":false},"author":2,"featured_media":0,"parent":78,"menu_order":0,"comment_status":"closed","ping_status":"closed","template":"","meta":{"_genesis_hide_title":false,"_genesis_hide_breadcrumbs":false,"_genesis_hide_singular_image":false,"_genesis_hide_footer_widgets":false,"_genesis_custom_body_class":"","_genesis_custom_post_class":"","_genesis_layout":""},"_links":{"self":[{"href":"https:\/\/iesmarcilla.educacion.navarra.es\/web\/rizoma\/wp-json\/wp\/v2\/pages\/600"}],"collection":[{"href":"https:\/\/iesmarcilla.educacion.navarra.es\/web\/rizoma\/wp-json\/wp\/v2\/pages"}],"about":[{"href":"https:\/\/iesmarcilla.educacion.navarra.es\/web\/rizoma\/wp-json\/wp\/v2\/types\/page"}],"author":[{"embeddable":true,"href":"https:\/\/iesmarcilla.educacion.navarra.es\/web\/rizoma\/wp-json\/wp\/v2\/users\/2"}],"replies":[{"embeddable":true,"href":"https:\/\/iesmarcilla.educacion.navarra.es\/web\/rizoma\/wp-json\/wp\/v2\/comments?post=600"}],"version-history":[{"count":4,"href":"https:\/\/iesmarcilla.educacion.navarra.es\/web\/rizoma\/wp-json\/wp\/v2\/pages\/600\/revisions"}],"predecessor-version":[{"id":1223,"href":"https:\/\/iesmarcilla.educacion.navarra.es\/web\/rizoma\/wp-json\/wp\/v2\/pages\/600\/revisions\/1223"}],"up":[{"embeddable":true,"href":"https:\/\/iesmarcilla.educacion.navarra.es\/web\/rizoma\/wp-json\/wp\/v2\/pages\/78"}],"wp:attachment":[{"href":"https:\/\/iesmarcilla.educacion.navarra.es\/web\/rizoma\/wp-json\/wp\/v2\/media?parent=600"}],"curies":[{"name":"wp","href":"https:\/\/api.w.org\/{rel}","templated":true}]}}