{"id":595,"date":"2017-06-16T10:05:08","date_gmt":"2017-06-16T08:05:08","guid":{"rendered":"http:\/\/iesmarcilla.educacion.navarra.es\/web\/rizoma\/?page_id=595"},"modified":"2017-06-22T12:02:42","modified_gmt":"2017-06-22T10:02:42","slug":"deja-fluir-la-sostenibilidad","status":"publish","type":"page","link":"https:\/\/iesmarcilla.educacion.navarra.es\/web\/rizoma\/activismo-social\/deja-fluir-la-sostenibilidad\/","title":{"rendered":"Deja fluir la Sostenibilidad"},"content":{"rendered":"\t\t<div data-elementor-type=\"wp-page\" data-elementor-id=\"595\" class=\"elementor elementor-595 elementor-bc-flex-widget\">\n\t\t\t\t\t\t\t\t\t<section class=\"elementor-section elementor-top-section elementor-element elementor-element-eexwc9t elementor-section-boxed elementor-section-height-default elementor-section-height-default\" data-id=\"eexwc9t\" data-element_type=\"section\">\n\t\t\t\t\t\t<div class=\"elementor-container elementor-column-gap-default\">\n\t\t\t\t\t<div class=\"elementor-column elementor-col-100 elementor-top-column elementor-element elementor-element-5yoloqk\" data-id=\"5yoloqk\" data-element_type=\"column\">\n\t\t\t<div class=\"elementor-widget-wrap elementor-element-populated\">\n\t\t\t\t\t\t\t\t<div class=\"elementor-element elementor-element-3dexir3 elementor-widget elementor-widget-text-editor\" data-id=\"3dexir3\" data-element_type=\"widget\" data-widget_type=\"text-editor.default\">\n\t\t\t\t<div class=\"elementor-widget-container\">\n\t\t\t\t\t\t\t<p class=\"justificado\">Los alumnos de 3\u00baESO a trav\u00e9s de la asignatura de Iniciaci\u00f3n a la Investigaci\u00f3n Cient\u00edfica (INCI), han colaborado tanto con la ONG ALNUS, como con la Mancomunidad dentro de un conjunto de propuestas de divulgaci\u00f3n y concienciaci\u00f3n ambiental.<\/p>\n<p class=\"justificado\">Vinculadas con Rizoma se han realizado distintos trabajos de sensibilizaci\u00f3n medioambiental que ha fomentado la participaci\u00f3n del alumnado en cuestiones de car\u00e1cter conservacionista.<\/p>\n<p class=\"justificado\">Como acci\u00f3n final se ha realizado la limpieza y recogida de contaminantes en el entorno de la ribera del r\u00edo Arag\u00f3n.<\/p>\t\t\t\t\t\t<\/div>\n\t\t\t\t<\/div>\n\t\t\t\t\t<\/div>\n\t\t<\/div>\n\t\t\t\t\t\t\t<\/div>\n\t\t<\/section>\n\t\t\t\t<section class=\"elementor-section elementor-top-section elementor-element elementor-element-q3wsy4r elementor-section-boxed elementor-section-height-default elementor-section-height-default\" data-id=\"q3wsy4r\" data-element_type=\"section\">\n\t\t\t\t\t\t<div class=\"elementor-container elementor-column-gap-default\">\n\t\t\t\t\t<div class=\"elementor-column elementor-col-100 elementor-top-column elementor-element elementor-element-3edqdnr\" data-id=\"3edqdnr\" data-element_type=\"column\">\n\t\t\t<div class=\"elementor-widget-wrap elementor-element-populated\">\n\t\t\t\t\t\t\t\t<div class=\"elementor-element elementor-element-dtrwtjk elementor-widget-divider--view-line elementor-widget elementor-widget-divider\" data-id=\"dtrwtjk\" data-element_type=\"widget\" data-widget_type=\"divider.default\">\n\t\t\t\t<div class=\"elementor-widget-container\">\n\t\t\t\t\t<div class=\"elementor-divider\">\n\t\t\t<span class=\"elementor-divider-separator\">\n\t\t\t\t\t\t<\/span>\n\t\t<\/div>\n\t\t\t\t<\/div>\n\t\t\t\t<\/div>\n\t\t\t\t<section class=\"elementor-section elementor-inner-section elementor-element elementor-element-kvvr0at elementor-section-boxed elementor-section-height-default elementor-section-height-default\" data-id=\"kvvr0at\" data-element_type=\"section\">\n\t\t\t\t\t\t<div class=\"elementor-container elementor-column-gap-default\">\n\t\t\t\t\t<div class=\"elementor-column elementor-col-50 elementor-inner-column elementor-element elementor-element-degpo5b\" data-id=\"degpo5b\" data-element_type=\"column\">\n\t\t\t<div class=\"elementor-widget-wrap elementor-element-populated\">\n\t\t\t\t\t\t\t\t<div class=\"elementor-element elementor-element-3476t26 elementor-widget elementor-widget-text-editor\" data-id=\"3476t26\" data-element_type=\"widget\" data-widget_type=\"text-editor.default\">\n\t\t\t\t<div class=\"elementor-widget-container\">\n\t\t\t\t\t\t\t<div id=\"metaslider-id-962\" style=\"max-width: 416px; margin: 0 auto;\" class=\"ml-slider-3-107-0 metaslider metaslider-responsive metaslider-962 ml-slider ms-theme-default\" role=\"region\" aria-label=\"Deja fluir la sostenibilidad\" data-height=\"312\" data-width=\"416\">\n    <div id=\"metaslider_container_962\">\n        <ul id='metaslider_962' class='rslides'>\n            <li aria-roledescription='slide' aria-labelledby='slide-0'><img loading=\"lazy\" src=\"https:\/\/iesmarcilla.educacion.navarra.es\/web\/rizoma\/wp-content\/uploads\/sites\/3\/2017\/06\/DEJA-FLUIR-LA-SOSTENIBILIDAD-416x312.jpg\" height=\"312\" width=\"416\" alt=\"\" class=\"slider-962 slide-963 msDefaultImage\" \/><div class=\"caption-wrap\"><div class=\"caption\">Deja fluir la Sostenibilidad<\/div><\/div><\/li>\n            <li style='display: none;' aria-roledescription='slide' aria-labelledby='slide-1'><img loading=\"lazy\" src=\"https:\/\/iesmarcilla.educacion.navarra.es\/web\/rizoma\/wp-content\/uploads\/sites\/3\/2017\/06\/IMG_1987-416x312.jpg\" height=\"312\" width=\"416\" alt=\"\" class=\"slider-962 slide-1241 msDefaultImage\" \/><\/li>\n            <li style='display: none;' aria-roledescription='slide' aria-labelledby='slide-2'><img loading=\"lazy\" src=\"https:\/\/iesmarcilla.educacion.navarra.es\/web\/rizoma\/wp-content\/uploads\/sites\/3\/2017\/06\/IMG_1988-416x312.jpg\" height=\"312\" width=\"416\" alt=\"\" class=\"slider-962 slide-1242 msDefaultImage\" \/><\/li>\n            <li style='display: none;' aria-roledescription='slide' aria-labelledby='slide-3'><img loading=\"lazy\" src=\"https:\/\/iesmarcilla.educacion.navarra.es\/web\/rizoma\/wp-content\/uploads\/sites\/3\/2017\/06\/IMG_2013-416x312.jpg\" height=\"312\" width=\"416\" alt=\"\" class=\"slider-962 slide-1243 msDefaultImage\" \/><\/li>\n            <li style='display: none;' aria-roledescription='slide' aria-labelledby='slide-4'><img loading=\"lazy\" src=\"https:\/\/iesmarcilla.educacion.navarra.es\/web\/rizoma\/wp-content\/uploads\/sites\/3\/2017\/06\/IMG_2017-7-416x312.jpg\" height=\"312\" width=\"416\" alt=\"\" class=\"slider-962 slide-1244 msDefaultImage\" \/><\/li>\n            <li style='display: none;' aria-roledescription='slide' aria-labelledby='slide-5'><img loading=\"lazy\" src=\"https:\/\/iesmarcilla.educacion.navarra.es\/web\/rizoma\/wp-content\/uploads\/sites\/3\/2017\/06\/2017-05-19-09.17.07-416x312.jpg\" height=\"312\" width=\"416\" alt=\"\" class=\"slider-962 slide-1245 msDefaultImage\" \/><div class=\"caption-wrap\"><div class=\"caption\">hdr<\/div><\/div><\/li>\n            <li style='display: none;' aria-roledescription='slide' aria-labelledby='slide-6'><img loading=\"lazy\" src=\"https:\/\/iesmarcilla.educacion.navarra.es\/web\/rizoma\/wp-content\/uploads\/sites\/3\/2017\/06\/2017-05-19-09.27.20-416x312.jpg\" height=\"312\" width=\"416\" alt=\"\" class=\"slider-962 slide-1246 msDefaultImage\" \/><div class=\"caption-wrap\"><div class=\"caption\">????????????????<\/div><\/div><\/li>\n            <li style='display: none;' aria-roledescription='slide' aria-labelledby='slide-7'><img loading=\"lazy\" src=\"https:\/\/iesmarcilla.educacion.navarra.es\/web\/rizoma\/wp-content\/uploads\/sites\/3\/2017\/06\/2017-05-19-09.30.57-416x312.jpg\" height=\"312\" width=\"416\" alt=\"\" class=\"slider-962 slide-1247 msDefaultImage\" \/><div class=\"caption-wrap\"><div class=\"caption\">hdr<\/div><\/div><\/li>\n            <li style='display: none;' aria-roledescription='slide' aria-labelledby='slide-8'><img loading=\"lazy\" src=\"https:\/\/iesmarcilla.educacion.navarra.es\/web\/rizoma\/wp-content\/uploads\/sites\/3\/2017\/06\/2017-05-19-10.39.13-416x312.jpg\" height=\"312\" width=\"416\" alt=\"\" class=\"slider-962 slide-1248 msDefaultImage\" \/><div class=\"caption-wrap\"><div class=\"caption\">????????????????<\/div><\/div><\/li>\n            <li style='display: none;' aria-roledescription='slide' aria-labelledby='slide-9'><img loading=\"lazy\" src=\"https:\/\/iesmarcilla.educacion.navarra.es\/web\/rizoma\/wp-content\/uploads\/sites\/3\/2017\/06\/20170519_093932-e1498513331802-416x312.jpg\" height=\"312\" width=\"416\" alt=\"\" class=\"slider-962 slide-1249 msDefaultImage\" \/><\/li>\n            <li style='display: none;' aria-roledescription='slide' aria-labelledby='slide-10'><img loading=\"lazy\" src=\"https:\/\/iesmarcilla.educacion.navarra.es\/web\/rizoma\/wp-content\/uploads\/sites\/3\/2017\/06\/20170519_100519-416x312.jpg\" height=\"312\" width=\"416\" alt=\"\" class=\"slider-962 slide-1250 msDefaultImage\" \/><\/li>\n        <\/ul>\n        \n    <\/div>\n<\/div>\t\t\t\t\t\t<\/div>\n\t\t\t\t<\/div>\n\t\t\t\t\t<\/div>\n\t\t<\/div>\n\t\t\t\t<div class=\"elementor-column elementor-col-50 elementor-inner-column elementor-element elementor-element-8wooglb\" data-id=\"8wooglb\" data-element_type=\"column\">\n\t\t\t<div class=\"elementor-widget-wrap elementor-element-populated\">\n\t\t\t\t\t\t\t\t<div class=\"elementor-element elementor-element-vvffebx elementor-widget elementor-widget-text-editor\" data-id=\"vvffebx\" data-element_type=\"widget\" data-widget_type=\"text-editor.default\">\n\t\t\t\t<div class=\"elementor-widget-container\">\n\t\t\t\t\t\t\t<a href=\"https:\/\/drive.google.com\/file\/d\/0By4EK4ZKpLSrVEZEY0xLNzU2SWs\/view?usp=sharing\" target=\"_blank\"><div class=\"mas-info-largo\">Explicaci\u00f3n de la acci\u00f3n<\/div><\/a>\t\t\t\t\t\t<\/div>\n\t\t\t\t<\/div>\n\t\t\t\t\t<\/div>\n\t\t<\/div>\n\t\t\t\t\t\t\t<\/div>\n\t\t<\/section>\n\t\t\t\t\t<\/div>\n\t\t<\/div>\n\t\t\t\t\t\t\t<\/div>\n\t\t<\/section>\n\t\t\t\t\t\t\t<\/div>\n\t\t","protected":false},"excerpt":{"rendered":"<p>Los alumnos de 3\u00baESO a trav\u00e9s de la asignatura de Iniciaci\u00f3n a la Investigaci\u00f3n Cient\u00edfica (INCI), han colaborado tanto con la ONG ALNUS, como con la Mancomunidad dentro de un conjunto de propuestas de divulgaci\u00f3n y concienciaci\u00f3n ambiental. Vinculadas con Rizoma se han realizado distintos trabajos de sensibilizaci\u00f3n medioambiental que ha fomentado la participaci\u00f3n del [&hellip;]<\/p>\n","protected":false},"author":2,"featured_media":0,"parent":78,"menu_order":0,"comment_status":"closed","ping_status":"closed","template":"","meta":{"_genesis_hide_title":false,"_genesis_hide_breadcrumbs":false,"_genesis_hide_singular_image":false,"_genesis_hide_footer_widgets":false,"_genesis_custom_body_class":"","_genesis_custom_post_class":"","_genesis_layout":""},"_links":{"self":[{"href":"https:\/\/iesmarcilla.educacion.navarra.es\/web\/rizoma\/wp-json\/wp\/v2\/pages\/595"}],"collection":[{"href":"https:\/\/iesmarcilla.educacion.navarra.es\/web\/rizoma\/wp-json\/wp\/v2\/pages"}],"about":[{"href":"https:\/\/iesmarcilla.educacion.navarra.es\/web\/rizoma\/wp-json\/wp\/v2\/types\/page"}],"author":[{"embeddable":true,"href":"https:\/\/iesmarcilla.educacion.navarra.es\/web\/rizoma\/wp-json\/wp\/v2\/users\/2"}],"replies":[{"embeddable":true,"href":"https:\/\/iesmarcilla.educacion.navarra.es\/web\/rizoma\/wp-json\/wp\/v2\/comments?post=595"}],"version-history":[{"count":4,"href":"https:\/\/iesmarcilla.educacion.navarra.es\/web\/rizoma\/wp-json\/wp\/v2\/pages\/595\/revisions"}],"predecessor-version":[{"id":1220,"href":"https:\/\/iesmarcilla.educacion.navarra.es\/web\/rizoma\/wp-json\/wp\/v2\/pages\/595\/revisions\/1220"}],"up":[{"embeddable":true,"href":"https:\/\/iesmarcilla.educacion.navarra.es\/web\/rizoma\/wp-json\/wp\/v2\/pages\/78"}],"wp:attachment":[{"href":"https:\/\/iesmarcilla.educacion.navarra.es\/web\/rizoma\/wp-json\/wp\/v2\/media?parent=595"}],"curies":[{"name":"wp","href":"https:\/\/api.w.org\/{rel}","templated":true}]}}