{"id":584,"date":"2017-06-15T18:59:58","date_gmt":"2017-06-15T16:59:58","guid":{"rendered":"http:\/\/iesmarcilla.educacion.navarra.es\/web\/rizoma\/?page_id=584"},"modified":"2017-06-22T11:51:14","modified_gmt":"2017-06-22T09:51:14","slug":"aprendiendo-a-ensenar","status":"publish","type":"page","link":"https:\/\/iesmarcilla.educacion.navarra.es\/web\/rizoma\/activismo-social\/aprendiendo-a-ensenar\/","title":{"rendered":"Aprendiendo a ense\u00f1ar"},"content":{"rendered":"\t\t<div data-elementor-type=\"wp-page\" data-elementor-id=\"584\" class=\"elementor elementor-584 elementor-bc-flex-widget\">\n\t\t\t\t\t\t\t\t\t<section class=\"elementor-section elementor-top-section elementor-element elementor-element-3fcgk2e elementor-section-boxed elementor-section-height-default elementor-section-height-default\" data-id=\"3fcgk2e\" data-element_type=\"section\">\n\t\t\t\t\t\t<div class=\"elementor-container elementor-column-gap-default\">\n\t\t\t\t\t<div class=\"elementor-column elementor-col-100 elementor-top-column elementor-element elementor-element-g3nzrol\" data-id=\"g3nzrol\" data-element_type=\"column\">\n\t\t\t<div class=\"elementor-widget-wrap elementor-element-populated\">\n\t\t\t\t\t\t\t\t<div class=\"elementor-element elementor-element-j1hxuoj elementor-widget elementor-widget-text-editor\" data-id=\"j1hxuoj\" data-element_type=\"widget\" data-widget_type=\"text-editor.default\">\n\t\t\t\t<div class=\"elementor-widget-container\">\n\t\t\t\t\t\t\t<p class=\"justificado\">Acci\u00f3n dirigida a nuestros alumnos, desde 3\u00baESO hasta 2\u00babto, que se convierten en profesores de apoyo de alumnos de primaria con dificultades en el aprendizaje y en situaci\u00f3n socio-econ\u00f3mica de riesgo.<\/p>\n<p class=\"justificado\">Formamos a los alumnos voluntarios en escucha activa, empat\u00eda y gesti\u00f3n del refuerzo educativo. Despu\u00e9s imparten apoyo escolar a los alumnos de primaria en sus localidades en horario de tarde. Este proyecto se ha podido desarrollar en colaboraci\u00f3n con SSB, ayuntamientos y colegios.<\/p>\n<p class=\"justificado\">En la iniciativa han participado m\u00e1s de 70 alumnos voluntarios que han ayudado a m\u00e1s de 150 ni\u00f1os de primaria en m\u00e1s de 8 localidades distintas.<\/p>\n<p class=\"justificado\">La experiencia ha propiciado que nuestros alumnos sean referencia adulta positiva y agentes de cambio de su comunidad.<\/p>\t\t\t\t\t\t<\/div>\n\t\t\t\t<\/div>\n\t\t\t\t\t<\/div>\n\t\t<\/div>\n\t\t\t\t\t\t\t<\/div>\n\t\t<\/section>\n\t\t\t\t<section class=\"elementor-section elementor-top-section elementor-element elementor-element-kdprl32 elementor-section-boxed elementor-section-height-default elementor-section-height-default\" data-id=\"kdprl32\" data-element_type=\"section\">\n\t\t\t\t\t\t<div class=\"elementor-container elementor-column-gap-default\">\n\t\t\t\t\t<div class=\"elementor-column elementor-col-100 elementor-top-column elementor-element elementor-element-tse636p\" data-id=\"tse636p\" data-element_type=\"column\">\n\t\t\t<div class=\"elementor-widget-wrap elementor-element-populated\">\n\t\t\t\t\t\t\t\t<div class=\"elementor-element elementor-element-btrad2g elementor-widget-divider--view-line elementor-widget elementor-widget-divider\" data-id=\"btrad2g\" data-element_type=\"widget\" data-widget_type=\"divider.default\">\n\t\t\t\t<div class=\"elementor-widget-container\">\n\t\t\t\t\t<div class=\"elementor-divider\">\n\t\t\t<span class=\"elementor-divider-separator\">\n\t\t\t\t\t\t<\/span>\n\t\t<\/div>\n\t\t\t\t<\/div>\n\t\t\t\t<\/div>\n\t\t\t\t<section class=\"elementor-section elementor-inner-section elementor-element elementor-element-80qvg6p elementor-section-boxed elementor-section-height-default elementor-section-height-default\" data-id=\"80qvg6p\" data-element_type=\"section\">\n\t\t\t\t\t\t<div class=\"elementor-container elementor-column-gap-default\">\n\t\t\t\t\t<div class=\"elementor-column elementor-col-50 elementor-inner-column elementor-element elementor-element-q9uowh7\" data-id=\"q9uowh7\" data-element_type=\"column\">\n\t\t\t<div class=\"elementor-widget-wrap elementor-element-populated\">\n\t\t\t\t\t\t\t\t<div class=\"elementor-element elementor-element-36mbhpa elementor-widget elementor-widget-text-editor\" data-id=\"36mbhpa\" data-element_type=\"widget\" data-widget_type=\"text-editor.default\">\n\t\t\t\t<div class=\"elementor-widget-container\">\n\t\t\t\t\t\t\t<div id=\"metaslider-id-1010\" style=\"max-width: 416px; margin: 0 auto;\" class=\"ml-slider-3-107-0 metaslider metaslider-responsive metaslider-1010 ml-slider ms-theme-default\" role=\"region\" aria-label=\"Aprendiendo a Ense\u00f1ar\" data-height=\"312\" data-width=\"416\">\n    <div id=\"metaslider_container_1010\">\n        <ul id='metaslider_1010' class='rslides'>\n            <li aria-roledescription='slide' aria-labelledby='slide-0'><img loading=\"lazy\" src=\"https:\/\/iesmarcilla.educacion.navarra.es\/web\/rizoma\/wp-content\/uploads\/sites\/3\/2017\/05\/APRENDIENDO-A-ENSE\u00d1AR-416x312.jpg\" height=\"312\" width=\"416\" alt=\"\" class=\"slider-1010 slide-1011 msDefaultImage\" \/><div class=\"caption-wrap\"><div class=\"caption\">Aprendiendo a Ense\u00f1ar<\/div><\/div><\/li>\n            <li style='display: none;' aria-roledescription='slide' aria-labelledby='slide-1'><img loading=\"lazy\" src=\"https:\/\/iesmarcilla.educacion.navarra.es\/web\/rizoma\/wp-content\/uploads\/sites\/3\/2017\/06\/IMG-20170404-WA0002-416x312.jpg\" height=\"312\" width=\"416\" alt=\"\" class=\"slider-1010 slide-1015 msDefaultImage\" \/><\/li>\n            <li style='display: none;' aria-roledescription='slide' aria-labelledby='slide-2'><img loading=\"lazy\" src=\"https:\/\/iesmarcilla.educacion.navarra.es\/web\/rizoma\/wp-content\/uploads\/sites\/3\/2017\/06\/IMG-20170308-WA0002-416x312.jpg\" height=\"312\" width=\"416\" alt=\"\" class=\"slider-1010 slide-1016 msDefaultImage\" \/><\/li>\n        <\/ul>\n        \n    <\/div>\n<\/div>\t\t\t\t\t\t<\/div>\n\t\t\t\t<\/div>\n\t\t\t\t\t<\/div>\n\t\t<\/div>\n\t\t\t\t<div class=\"elementor-column elementor-col-50 elementor-inner-column elementor-element elementor-element-xrr3f3l\" data-id=\"xrr3f3l\" data-element_type=\"column\">\n\t\t\t<div class=\"elementor-widget-wrap elementor-element-populated\">\n\t\t\t\t\t\t\t\t<div class=\"elementor-element elementor-element-3gqhvqr elementor-widget elementor-widget-text-editor\" data-id=\"3gqhvqr\" data-element_type=\"widget\" data-widget_type=\"text-editor.default\">\n\t\t\t\t<div class=\"elementor-widget-container\">\n\t\t\t\t\t\t\t<a href=\"https:\/\/drive.google.com\/file\/d\/0By4EK4ZKpLSrWm1FOGttTzBISnc\/view?usp=sharing\" target=\"_blank\">\n<div class=\"mas-info-largo\">Desarrollo del Programa<\/div>\n&nbsp;\n\n<a href=\"https:\/\/drive.google.com\/file\/d\/0By4EK4ZKpLSrT1pKWDY2VWVCVzA\/view?usp=sharing\" target=\"_blank\"><div class=\"mas-info-largo\">Unidad Did\u00e1ctica<\/div>\n&nbsp;\n\n<a href=\"https:\/\/drive.google.com\/file\/d\/0By4EK4ZKpLSralpuOS1UaXg5V2s\/view?usp=sharing\" target=\"_blank\"><div class=\"mas-info-largo\">Autorizaci\u00f3n y compromiso<\/div>\n&nbsp;\t\t\t\t\t\t<\/div>\n\t\t\t\t<\/div>\n\t\t\t\t\t<\/div>\n\t\t<\/div>\n\t\t\t\t\t\t\t<\/div>\n\t\t<\/section>\n\t\t\t\t\t<\/div>\n\t\t<\/div>\n\t\t\t\t\t\t\t<\/div>\n\t\t<\/section>\n\t\t\t\t\t\t\t<\/div>\n\t\t","protected":false},"excerpt":{"rendered":"<p>Acci\u00f3n dirigida a nuestros alumnos, desde 3\u00baESO hasta 2\u00babto, que se convierten en profesores de apoyo de alumnos de primaria con dificultades en el aprendizaje y en situaci\u00f3n socio-econ\u00f3mica de riesgo. Formamos a los alumnos voluntarios en escucha activa, empat\u00eda y gesti\u00f3n del refuerzo educativo. Despu\u00e9s imparten apoyo escolar a los alumnos de primaria en [&hellip;]<\/p>\n","protected":false},"author":2,"featured_media":0,"parent":78,"menu_order":0,"comment_status":"closed","ping_status":"closed","template":"","meta":{"_genesis_hide_title":false,"_genesis_hide_breadcrumbs":false,"_genesis_hide_singular_image":false,"_genesis_hide_footer_widgets":false,"_genesis_custom_body_class":"","_genesis_custom_post_class":"","_genesis_layout":""},"_links":{"self":[{"href":"https:\/\/iesmarcilla.educacion.navarra.es\/web\/rizoma\/wp-json\/wp\/v2\/pages\/584"}],"collection":[{"href":"https:\/\/iesmarcilla.educacion.navarra.es\/web\/rizoma\/wp-json\/wp\/v2\/pages"}],"about":[{"href":"https:\/\/iesmarcilla.educacion.navarra.es\/web\/rizoma\/wp-json\/wp\/v2\/types\/page"}],"author":[{"embeddable":true,"href":"https:\/\/iesmarcilla.educacion.navarra.es\/web\/rizoma\/wp-json\/wp\/v2\/users\/2"}],"replies":[{"embeddable":true,"href":"https:\/\/iesmarcilla.educacion.navarra.es\/web\/rizoma\/wp-json\/wp\/v2\/comments?post=584"}],"version-history":[{"count":4,"href":"https:\/\/iesmarcilla.educacion.navarra.es\/web\/rizoma\/wp-json\/wp\/v2\/pages\/584\/revisions"}],"predecessor-version":[{"id":1215,"href":"https:\/\/iesmarcilla.educacion.navarra.es\/web\/rizoma\/wp-json\/wp\/v2\/pages\/584\/revisions\/1215"}],"up":[{"embeddable":true,"href":"https:\/\/iesmarcilla.educacion.navarra.es\/web\/rizoma\/wp-json\/wp\/v2\/pages\/78"}],"wp:attachment":[{"href":"https:\/\/iesmarcilla.educacion.navarra.es\/web\/rizoma\/wp-json\/wp\/v2\/media?parent=584"}],"curies":[{"name":"wp","href":"https:\/\/api.w.org\/{rel}","templated":true}]}}