{"id":503,"date":"2017-06-15T10:02:45","date_gmt":"2017-06-15T08:02:45","guid":{"rendered":"http:\/\/iesmarcilla.educacion.navarra.es\/web\/rizoma\/?page_id=503"},"modified":"2017-06-26T23:24:16","modified_gmt":"2017-06-26T21:24:16","slug":"organizacion","status":"publish","type":"page","link":"https:\/\/iesmarcilla.educacion.navarra.es\/web\/rizoma\/organizacion\/","title":{"rendered":"Organizaci\u00f3n"},"content":{"rendered":"\t\t<div data-elementor-type=\"wp-page\" data-elementor-id=\"503\" class=\"elementor elementor-503 elementor-bc-flex-widget\">\n\t\t\t\t\t\t\t\t\t<section class=\"elementor-section elementor-top-section elementor-element elementor-element-sliejyr elementor-section-boxed elementor-section-height-default elementor-section-height-default\" data-id=\"sliejyr\" data-element_type=\"section\">\n\t\t\t\t\t\t<div class=\"elementor-container elementor-column-gap-default\">\n\t\t\t\t\t<div class=\"elementor-column elementor-col-100 elementor-top-column elementor-element elementor-element-ghwmqsx\" data-id=\"ghwmqsx\" data-element_type=\"column\">\n\t\t\t<div class=\"elementor-widget-wrap elementor-element-populated\">\n\t\t\t\t\t\t\t\t<div class=\"elementor-element elementor-element-hrofifs elementor-widget elementor-widget-text-editor\" data-id=\"hrofifs\" data-element_type=\"widget\" data-widget_type=\"text-editor.default\">\n\t\t\t\t<div class=\"elementor-widget-container\">\n\t\t\t\t\t\t\t<h3>Agradecimientos<\/h3><p class=\"justificado\">Este proyecto no hubiese sido posible sin el apoyo del equipo directivo, la complicidad de los integrantes de la red, la colaboraci\u00f3n de los servicios sociales, la participaci\u00f3n de los alumnos, la implicaci\u00f3n de todo el claustro, especialmente de los profesores que han formado parte del grupo motor, y el trabajo del mediador, que ha terminado siendo esencial. Desde Rizoma s\u00f3lo nos queda agradecer a todas estas personas y colectivos su trabajo y dedicaci\u00f3n.<\/p><h3>Organizaci\u00f3n<\/h3><p class=\"justificado\">Rizoma se organiza a trav\u00e9s de un grupo motor formado por entre ocho y diez profesores. Siempre se intenta que en el grupo est\u00e9n representados los m\u00e1ximos departamentos posibles, el equipo directivo, la comisi\u00f3n de convivencia y los responsables de los distintos proyectos del centro. El grupo dispone de una hora semanal de coordinaci\u00f3n.<\/p>\t\t\t\t\t\t<\/div>\n\t\t\t\t<\/div>\n\t\t\t\t\t<\/div>\n\t\t<\/div>\n\t\t\t\t\t\t\t<\/div>\n\t\t<\/section>\n\t\t\t\t<section class=\"elementor-section elementor-top-section elementor-element elementor-element-nz2cbtn elementor-section-boxed elementor-section-height-default elementor-section-height-default\" data-id=\"nz2cbtn\" data-element_type=\"section\">\n\t\t\t\t\t\t<div class=\"elementor-container elementor-column-gap-default\">\n\t\t\t\t\t<div class=\"elementor-column elementor-col-100 elementor-top-column elementor-element elementor-element-hpwpkyl\" data-id=\"hpwpkyl\" data-element_type=\"column\">\n\t\t\t<div class=\"elementor-widget-wrap elementor-element-populated\">\n\t\t\t\t\t\t\t\t<div class=\"elementor-element elementor-element-gjh3p4b elementor-widget elementor-widget-text-editor\" data-id=\"gjh3p4b\" data-element_type=\"widget\" data-widget_type=\"text-editor.default\">\n\t\t\t\t<div class=\"elementor-widget-container\">\n\t\t\t\t\t\t\t<h4>Autores<\/h4><p>Inma Ferrer Lores y Jos\u00e9 Ram\u00f3n Garc\u00eda Rueda<\/p><h4>Coordinador (2014-2017)<\/h4><p>Jos\u00e9 Ram\u00f3n Garc\u00eda Rueda<\/p>\t\t\t\t\t\t<\/div>\n\t\t\t\t<\/div>\n\t\t\t\t<div class=\"elementor-element elementor-element-6s454xw elementor-widget elementor-widget-text-editor\" data-id=\"6s454xw\" data-element_type=\"widget\" data-widget_type=\"text-editor.default\">\n\t\t\t\t<div class=\"elementor-widget-container\">\n\t\t\t\t\t\t\t<h4>Grupo Motor<\/h4>\t\t\t\t\t\t<\/div>\n\t\t\t\t<\/div>\n\t\t\t\t<section class=\"elementor-section elementor-inner-section elementor-element elementor-element-x2p7xde elementor-section-boxed elementor-section-height-default elementor-section-height-default\" data-id=\"x2p7xde\" data-element_type=\"section\">\n\t\t\t\t\t\t<div class=\"elementor-container elementor-column-gap-default\">\n\t\t\t\t\t<div class=\"elementor-column elementor-col-33 elementor-inner-column elementor-element elementor-element-k80ma4j\" data-id=\"k80ma4j\" data-element_type=\"column\">\n\t\t\t<div class=\"elementor-widget-wrap elementor-element-populated\">\n\t\t\t\t\t\t\t\t<div class=\"elementor-element elementor-element-0jnkgdn elementor-widget elementor-widget-text-editor\" data-id=\"0jnkgdn\" data-element_type=\"widget\" data-widget_type=\"text-editor.default\">\n\t\t\t\t<div class=\"elementor-widget-container\">\n\t\t\t\t\t\t\t<p>M\u00f3nica Sanz Martin<br \/>\u00cd\u00f1igo P\u00e9rez Larra\u00f1aga<br \/>M\u00f3nica Laguna Rius<br \/>David Berrogain Perez<br \/>Clara De Biurrun Baquedano<br \/>Judith Gonz\u00e1lez Mart\u00edn<br \/>Ana Isabel Bac\u00e1icoa Oroz<br \/>Marta Redondas Delgado<\/p>\t\t\t\t\t\t<\/div>\n\t\t\t\t<\/div>\n\t\t\t\t\t<\/div>\n\t\t<\/div>\n\t\t\t\t<div class=\"elementor-column elementor-col-33 elementor-inner-column elementor-element elementor-element-wohsit7\" data-id=\"wohsit7\" data-element_type=\"column\">\n\t\t\t<div class=\"elementor-widget-wrap elementor-element-populated\">\n\t\t\t\t\t\t\t\t<div class=\"elementor-element elementor-element-qimyeij elementor-widget elementor-widget-text-editor\" data-id=\"qimyeij\" data-element_type=\"widget\" data-widget_type=\"text-editor.default\">\n\t\t\t\t<div class=\"elementor-widget-container\">\n\t\t\t\t\t\t\t<p>Koldo Erneta Altarriba<br \/>Almudena San Mart\u00edn Murugarren<br \/>Sara Miranda Orella<br \/>Paula Val Naval<br \/>Pablo Guembe Eguinoa<br \/>Andrea Resa Aguirre<br \/>\u00cd\u00f1igo Aguerri Escobes<br \/>Mar\u00eda Eseverri Castiella<\/p>\t\t\t\t\t\t<\/div>\n\t\t\t\t<\/div>\n\t\t\t\t\t<\/div>\n\t\t<\/div>\n\t\t\t\t<div class=\"elementor-column elementor-col-33 elementor-inner-column elementor-element elementor-element-ihtju1w\" data-id=\"ihtju1w\" data-element_type=\"column\">\n\t\t\t<div class=\"elementor-widget-wrap\">\n\t\t\t\t\t\t\t\t\t<\/div>\n\t\t<\/div>\n\t\t\t\t\t\t\t<\/div>\n\t\t<\/section>\n\t\t\t\t\t<\/div>\n\t\t<\/div>\n\t\t\t\t\t\t\t<\/div>\n\t\t<\/section>\n\t\t\t\t<section class=\"elementor-section elementor-top-section elementor-element elementor-element-vkh4m7n elementor-section-boxed elementor-section-height-default elementor-section-height-default\" data-id=\"vkh4m7n\" data-element_type=\"section\">\n\t\t\t\t\t\t<div class=\"elementor-container elementor-column-gap-default\">\n\t\t\t\t\t<div class=\"elementor-column elementor-col-100 elementor-top-column elementor-element elementor-element-zyimrox\" data-id=\"zyimrox\" data-element_type=\"column\">\n\t\t\t<div class=\"elementor-widget-wrap elementor-element-populated\">\n\t\t\t\t\t\t\t\t<div class=\"elementor-element elementor-element-ajy1cgz elementor-widget elementor-widget-text-editor\" data-id=\"ajy1cgz\" data-element_type=\"widget\" data-widget_type=\"text-editor.default\">\n\t\t\t\t<div class=\"elementor-widget-container\">\n\t\t\t\t\t\t\t<h4>La Red<\/h4>\t\t\t\t\t\t<\/div>\n\t\t\t\t<\/div>\n\t\t\t\t<section class=\"elementor-section elementor-inner-section elementor-element elementor-element-yejkn2x elementor-section-boxed elementor-section-height-default elementor-section-height-default\" data-id=\"yejkn2x\" data-element_type=\"section\">\n\t\t\t\t\t\t<div class=\"elementor-container elementor-column-gap-default\">\n\t\t\t\t\t<div class=\"elementor-column elementor-col-33 elementor-inner-column elementor-element elementor-element-9no4qjr\" data-id=\"9no4qjr\" data-element_type=\"column\">\n\t\t\t<div class=\"elementor-widget-wrap elementor-element-populated\">\n\t\t\t\t\t\t\t\t<div class=\"elementor-element elementor-element-4c6fsij elementor-widget elementor-widget-text-editor\" data-id=\"4c6fsij\" data-element_type=\"widget\" data-widget_type=\"text-editor.default\">\n\t\t\t\t<div class=\"elementor-widget-container\">\n\t\t\t\t\t\t\t<p>SSB de Valtierra<br \/>SSB de Peralta<br \/>SSB de Olite<br \/>SSB de Carcastillo<br \/>EAIA de Tafalla<\/p>\t\t\t\t\t\t<\/div>\n\t\t\t\t<\/div>\n\t\t\t\t\t<\/div>\n\t\t<\/div>\n\t\t\t\t<div class=\"elementor-column elementor-col-33 elementor-inner-column elementor-element elementor-element-tbytj8i\" data-id=\"tbytj8i\" data-element_type=\"column\">\n\t\t\t<div class=\"elementor-widget-wrap elementor-element-populated\">\n\t\t\t\t\t\t\t\t<div class=\"elementor-element elementor-element-j27flmb elementor-widget elementor-widget-text-editor\" data-id=\"j27flmb\" data-element_type=\"widget\" data-widget_type=\"text-editor.default\">\n\t\t\t\t<div class=\"elementor-widget-container\">\n\t\t\t\t\t\t\t<p>EAIA de Tudela<br \/>Gaz Kal\u00f3<br \/>Dpto. de Trabajo Social de la UPNA<br \/>Dpto. de Acci\u00f3n Social de la UPNA<br \/>Escuela de Educadores de Pamplona<\/p>\t\t\t\t\t\t<\/div>\n\t\t\t\t<\/div>\n\t\t\t\t\t<\/div>\n\t\t<\/div>\n\t\t\t\t<div class=\"elementor-column elementor-col-33 elementor-inner-column elementor-element elementor-element-6jilxwg\" data-id=\"6jilxwg\" data-element_type=\"column\">\n\t\t\t<div class=\"elementor-widget-wrap\">\n\t\t\t\t\t\t\t\t\t<\/div>\n\t\t<\/div>\n\t\t\t\t\t\t\t<\/div>\n\t\t<\/section>\n\t\t\t\t\t<\/div>\n\t\t<\/div>\n\t\t\t\t\t\t\t<\/div>\n\t\t<\/section>\n\t\t\t\t<section class=\"elementor-section elementor-top-section elementor-element elementor-element-6za75on elementor-section-boxed elementor-section-height-default elementor-section-height-default\" data-id=\"6za75on\" data-element_type=\"section\">\n\t\t\t\t\t\t<div class=\"elementor-container elementor-column-gap-default\">\n\t\t\t\t\t<div class=\"elementor-column elementor-col-100 elementor-top-column elementor-element elementor-element-2vnytva\" data-id=\"2vnytva\" data-element_type=\"column\">\n\t\t\t<div class=\"elementor-widget-wrap elementor-element-populated\">\n\t\t\t\t\t\t\t\t<div class=\"elementor-element elementor-element-nzixovu elementor-widget-divider--view-line elementor-widget elementor-widget-divider\" data-id=\"nzixovu\" data-element_type=\"widget\" data-widget_type=\"divider.default\">\n\t\t\t\t<div class=\"elementor-widget-container\">\n\t\t\t\t\t<div class=\"elementor-divider\">\n\t\t\t<span class=\"elementor-divider-separator\">\n\t\t\t\t\t\t<\/span>\n\t\t<\/div>\n\t\t\t\t<\/div>\n\t\t\t\t<\/div>\n\t\t\t\t<section class=\"elementor-section elementor-inner-section elementor-element elementor-element-dsioqii elementor-section-boxed elementor-section-height-default elementor-section-height-default\" data-id=\"dsioqii\" data-element_type=\"section\">\n\t\t\t\t\t\t<div class=\"elementor-container elementor-column-gap-default\">\n\t\t\t\t\t<div class=\"elementor-column elementor-col-20 elementor-inner-column elementor-element elementor-element-w4q0r6q\" data-id=\"w4q0r6q\" data-element_type=\"column\">\n\t\t\t<div class=\"elementor-widget-wrap elementor-element-populated\">\n\t\t\t\t\t\t\t\t<div class=\"elementor-element elementor-element-6m8ifyj elementor-widget elementor-widget-text-editor\" data-id=\"6m8ifyj\" data-element_type=\"widget\" data-widget_type=\"text-editor.default\">\n\t\t\t\t<div class=\"elementor-widget-container\">\n\t\t\t\t\t\t\t<a href=\"..\/origen-del-proyecto\/\"><div class=\"mas-info-largo izquierda\"><img class=\"icono izquierda\" src=\"http:\/\/iesmarcilla.educacion.navarra.es\/web\/rizoma\/wp-content\/uploads\/sites\/3\/2017\/06\/ORIGENES-OPCI\u00d3N-1.png\" \/>Origen del proyecto<\/div><\/a>\n\t\t\t\t\t\t<\/div>\n\t\t\t\t<\/div>\n\t\t\t\t\t<\/div>\n\t\t<\/div>\n\t\t\t\t<div class=\"elementor-column elementor-col-20 elementor-inner-column elementor-element elementor-element-9fd9kce\" data-id=\"9fd9kce\" data-element_type=\"column\">\n\t\t\t<div class=\"elementor-widget-wrap elementor-element-populated\">\n\t\t\t\t\t\t\t\t<div class=\"elementor-element elementor-element-mhe18u4 elementor-widget elementor-widget-text-editor\" data-id=\"mhe18u4\" data-element_type=\"widget\" data-widget_type=\"text-editor.default\">\n\t\t\t\t<div class=\"elementor-widget-container\">\n\t\t\t\t\t\t\t<a href=\"..\/mapeando-rizoma\/\"><div class=\"mas-info-largo izquierda\"><img class=\"icono izquierda\" src=\"http:\/\/iesmarcilla.educacion.navarra.es\/web\/rizoma\/wp-content\/uploads\/sites\/3\/2017\/06\/MAPEANDO-RIZOMA-OPCI\u00d3N-1.png\" \/>Mapeando Rizoma<\/div><\/a>\n\t\t\t\t\t\t<\/div>\n\t\t\t\t<\/div>\n\t\t\t\t\t<\/div>\n\t\t<\/div>\n\t\t\t\t<div class=\"elementor-column elementor-col-20 elementor-inner-column elementor-element elementor-element-24qw32i\" data-id=\"24qw32i\" data-element_type=\"column\">\n\t\t\t<div class=\"elementor-widget-wrap elementor-element-populated\">\n\t\t\t\t\t\t\t\t<div class=\"elementor-element elementor-element-h87fd63 elementor-widget elementor-widget-text-editor\" data-id=\"h87fd63\" data-element_type=\"widget\" data-widget_type=\"text-editor.default\">\n\t\t\t\t<div class=\"elementor-widget-container\">\n\t\t\t\t\t\t\t<a href=\"\"><div class=\"mas-info-largo izquierda pagina-activa\"><img class=\"icono izquierda\" src=\"http:\/\/iesmarcilla.educacion.navarra.es\/web\/rizoma\/wp-content\/uploads\/sites\/3\/2017\/06\/ORGANIZACI\u00d3N-OPCI\u00d3N-1.png\" \/>Organizaci\u00f3n<\/div><\/a>\n\t\t\t\t\t\t<\/div>\n\t\t\t\t<\/div>\n\t\t\t\t\t<\/div>\n\t\t<\/div>\n\t\t\t\t<div class=\"elementor-column elementor-col-20 elementor-inner-column elementor-element elementor-element-axkpeyy\" data-id=\"axkpeyy\" data-element_type=\"column\">\n\t\t\t<div class=\"elementor-widget-wrap elementor-element-populated\">\n\t\t\t\t\t\t\t\t<div class=\"elementor-element elementor-element-mtlj0ck elementor-widget elementor-widget-text-editor\" data-id=\"mtlj0ck\" data-element_type=\"widget\" data-widget_type=\"text-editor.default\">\n\t\t\t\t<div class=\"elementor-widget-container\">\n\t\t\t\t\t\t\t<a href=\"..\/justificacion\/\"><div class=\"mas-info-largo izquierda\"><img class=\"icono\" src=\"http:\/\/iesmarcilla.educacion.navarra.es\/web\/rizoma\/wp-content\/uploads\/sites\/3\/2017\/06\/JUSTIFICACI\u00d3N-OPCI\u00d3N-1.png\" \/>Justificaci\u00f3n<\/div><\/a>\n\t\t\t\t\t\t<\/div>\n\t\t\t\t<\/div>\n\t\t\t\t\t<\/div>\n\t\t<\/div>\n\t\t\t\t<div class=\"elementor-column elementor-col-20 elementor-inner-column elementor-element elementor-element-r85poh0\" data-id=\"r85poh0\" data-element_type=\"column\">\n\t\t\t<div class=\"elementor-widget-wrap elementor-element-populated\">\n\t\t\t\t\t\t\t\t<div class=\"elementor-element elementor-element-9fr0yba elementor-widget elementor-widget-text-editor\" data-id=\"9fr0yba\" data-element_type=\"widget\" data-widget_type=\"text-editor.default\">\n\t\t\t\t<div class=\"elementor-widget-container\">\n\t\t\t\t\t\t\t<a href=\"..\/plan-estrategico\/\"><div class=\"mas-info-largo izquierda\"><img class=\"icono\" src=\"http:\/\/iesmarcilla.educacion.navarra.es\/web\/rizoma\/wp-content\/uploads\/sites\/3\/2017\/06\/PLAN-ESTRAT\u00c9GICO-OPCI\u00d3N-1.png\" \/>Plan Estrat\u00e9gico<\/div><\/a>\n\t\t\t\t\t\t<\/div>\n\t\t\t\t<\/div>\n\t\t\t\t\t<\/div>\n\t\t<\/div>\n\t\t\t\t\t\t\t<\/div>\n\t\t<\/section>\n\t\t\t\t\t<\/div>\n\t\t<\/div>\n\t\t\t\t\t\t\t<\/div>\n\t\t<\/section>\n\t\t\t\t\t\t\t<\/div>\n\t\t","protected":false},"excerpt":{"rendered":"<p>Agradecimientos Este proyecto no hubiese sido posible sin el apoyo del equipo directivo, la complicidad de los integrantes de la red, la colaboraci\u00f3n de los servicios sociales, la participaci\u00f3n de los alumnos, la implicaci\u00f3n de todo el claustro, especialmente de los profesores que han formado parte del grupo motor, y el trabajo del mediador, que [&hellip;]<\/p>\n","protected":false},"author":2,"featured_media":0,"parent":0,"menu_order":0,"comment_status":"closed","ping_status":"closed","template":"","meta":{"_genesis_hide_title":false,"_genesis_hide_breadcrumbs":false,"_genesis_hide_singular_image":false,"_genesis_hide_footer_widgets":false,"_genesis_custom_body_class":"","_genesis_custom_post_class":"","_genesis_layout":""},"_links":{"self":[{"href":"https:\/\/iesmarcilla.educacion.navarra.es\/web\/rizoma\/wp-json\/wp\/v2\/pages\/503"}],"collection":[{"href":"https:\/\/iesmarcilla.educacion.navarra.es\/web\/rizoma\/wp-json\/wp\/v2\/pages"}],"about":[{"href":"https:\/\/iesmarcilla.educacion.navarra.es\/web\/rizoma\/wp-json\/wp\/v2\/types\/page"}],"author":[{"embeddable":true,"href":"https:\/\/iesmarcilla.educacion.navarra.es\/web\/rizoma\/wp-json\/wp\/v2\/users\/2"}],"replies":[{"embeddable":true,"href":"https:\/\/iesmarcilla.educacion.navarra.es\/web\/rizoma\/wp-json\/wp\/v2\/comments?post=503"}],"version-history":[{"count":17,"href":"https:\/\/iesmarcilla.educacion.navarra.es\/web\/rizoma\/wp-json\/wp\/v2\/pages\/503\/revisions"}],"predecessor-version":[{"id":1230,"href":"https:\/\/iesmarcilla.educacion.navarra.es\/web\/rizoma\/wp-json\/wp\/v2\/pages\/503\/revisions\/1230"}],"wp:attachment":[{"href":"https:\/\/iesmarcilla.educacion.navarra.es\/web\/rizoma\/wp-json\/wp\/v2\/media?parent=503"}],"curies":[{"name":"wp","href":"https:\/\/api.w.org\/{rel}","templated":true}]}}