{"id":492,"date":"2017-06-15T09:37:34","date_gmt":"2017-06-15T07:37:34","guid":{"rendered":"http:\/\/iesmarcilla.educacion.navarra.es\/web\/rizoma\/?page_id=492"},"modified":"2017-06-21T12:08:49","modified_gmt":"2017-06-21T10:08:49","slug":"origen-del-proyecto","status":"publish","type":"page","link":"https:\/\/iesmarcilla.educacion.navarra.es\/web\/rizoma\/origen-del-proyecto\/","title":{"rendered":"Origen del Proyecto"},"content":{"rendered":"\t\t<div data-elementor-type=\"wp-page\" data-elementor-id=\"492\" class=\"elementor elementor-492 elementor-bc-flex-widget\">\n\t\t\t\t\t\t\t\t\t<section class=\"elementor-section elementor-top-section elementor-element elementor-element-oykcugx elementor-section-boxed elementor-section-height-default elementor-section-height-default\" data-id=\"oykcugx\" data-element_type=\"section\">\n\t\t\t\t\t\t<div class=\"elementor-container elementor-column-gap-default\">\n\t\t\t\t\t<div class=\"elementor-column elementor-col-100 elementor-top-column elementor-element elementor-element-imhdnqx\" data-id=\"imhdnqx\" data-element_type=\"column\">\n\t\t\t<div class=\"elementor-widget-wrap elementor-element-populated\">\n\t\t\t\t\t\t\t\t<div class=\"elementor-element elementor-element-oolciax elementor-widget elementor-widget-text-editor\" data-id=\"oolciax\" data-element_type=\"widget\" data-widget_type=\"text-editor.default\">\n\t\t\t\t<div class=\"elementor-widget-container\">\n\t\t\t\t\t\t\t<p class=\"justificado\">El proyecto nace a partir de dos sencillas reflexiones. La primera de ellas se observa cuando tomamos consciencia de algo obvio. Un alumno que presenta problemas en el contexto educativo, sea de la \u00edndole que sea (comportamientos disruptivos, absentismo escolar, fracaso acad\u00e9mico, problemas de relaci\u00f3n social, autoestima, gesti\u00f3n emocional\u2026.), suele esconder una problem\u00e1tica m\u00e1s profunda que excede al \u00e1mbito acad\u00e9mico. Por lo tanto es l\u00f3gico pensar que la respuesta que se debe aplicar tiene tambi\u00e9n que exceder al aula. Justificada por esta observaci\u00f3n, planteamos la primera de las l\u00edneas de trabajo, el trabajo en red.<\/p><p class=\"justificado\">Se dise\u00f1a un proyecto donde se aborde la formaci\u00f3n y la prevenci\u00f3n desde un punto de vista hol\u00edstico, donde toda la comunidad se implique en el proceso de crecimiento de sus j\u00f3venes, donde el \u00e1mbito educativo y el social converjan, para poder as\u00ed, satisfacer la necesidad de trabajar integralmente con los y las alumnas del centro.<\/p><p class=\"justificado\">La segunda reflexi\u00f3n nace de la creencia de que ante los problemas que hemos dejado a las generaciones venideras (p\u00e9rdida de derechos sociales, emergencia medioambiental, crisis econ\u00f3mica, etc.), los j\u00f3venes deben organizarse y tener un papel activo en la sociedad. Por eso el proyecto incide en el desarrollo del voluntariado y del activismo social.<\/p><p class=\"justificado\">En este sentido queremos reivindicar el poder de transformaci\u00f3n personal de las acciones de participaci\u00f3n social. Creemos que en la actualidad existen corrientes mayoritarias y modas educativas que se centran en el crecimiento individual a trav\u00e9s de t\u00e9cnicas de liderazgo personal, de relajaci\u00f3n, de conocimiento interior,\u2026 Desde Rizoma somos conscientes de los beneficios de este tipo de metodolog\u00edas que se centran en el \u201cYo\u201d, pero defendemos que, para conseguir el \u00e9xito pleno de nuestro alumnado, tenemos que potenciar el equilibrio entre los diversos elementos que fundamentan la vida de los grupos y las sociedades.<\/p><p class=\"justificado\">Estos elementos son tres: el Yo, la individualidad de la persona dentro de un grupo social, el Nosotros, la pluralidad de las personas que compartimos el mismo grupo social, y el Objetivo, hacia d\u00f3nde centramos las personas ese objetivo (una sociedad individualizada o una sociedad global). Por ello entendemos que hay que fomentar la idea de comunidad y conseguir \u00e9xitos colectivos a trav\u00e9s del Nosotros. Esto nos permitir\u00e1 transformar las sociedades meritocr\u00e1ticas individualizadas en sociedades cooperativas, que potencien la igualdad de oportunidades y el respeto entre todos sus miembros.<\/p><p class=\"justificado\">Esta l\u00ednea de trabajo, no provoca un olvido del Yo, m\u00e1s bien todo lo contrario. Aporta la mejora de habilidades sociales, la empat\u00eda, la asertividad, el respeto, la gesti\u00f3n emocional, la autoestima, la realizaci\u00f3n personal\u2026Por ello, aprovechar el proactivismo de nuestro alumnado, facilitar su participaci\u00f3n social y la ayuda al otro, convertir a los j\u00f3venes en agentes de cambio de su comunidad hace que adquieran unos recursos personales profundos de prevenci\u00f3n ante drogodependencias, bullying, absentismo,\u2026<\/p>\t\t\t\t\t\t<\/div>\n\t\t\t\t<\/div>\n\t\t\t\t\t<\/div>\n\t\t<\/div>\n\t\t\t\t\t\t\t<\/div>\n\t\t<\/section>\n\t\t\t\t<section class=\"elementor-section elementor-top-section elementor-element elementor-element-d1aibw5 elementor-section-boxed elementor-section-height-default elementor-section-height-default\" data-id=\"d1aibw5\" data-element_type=\"section\">\n\t\t\t\t\t\t<div class=\"elementor-container elementor-column-gap-default\">\n\t\t\t\t\t<div class=\"elementor-column elementor-col-100 elementor-top-column elementor-element elementor-element-h5g0zwo\" data-id=\"h5g0zwo\" data-element_type=\"column\">\n\t\t\t<div class=\"elementor-widget-wrap elementor-element-populated\">\n\t\t\t\t\t\t\t\t<div class=\"elementor-element elementor-element-n9d6pkd elementor-widget-divider--view-line elementor-widget elementor-widget-divider\" data-id=\"n9d6pkd\" data-element_type=\"widget\" data-widget_type=\"divider.default\">\n\t\t\t\t<div class=\"elementor-widget-container\">\n\t\t\t\t\t<div class=\"elementor-divider\">\n\t\t\t<span class=\"elementor-divider-separator\">\n\t\t\t\t\t\t<\/span>\n\t\t<\/div>\n\t\t\t\t<\/div>\n\t\t\t\t<\/div>\n\t\t\t\t<section class=\"elementor-section elementor-inner-section elementor-element elementor-element-fkk6oq6 elementor-section-boxed elementor-section-height-default elementor-section-height-default\" data-id=\"fkk6oq6\" data-element_type=\"section\">\n\t\t\t\t\t\t<div class=\"elementor-container elementor-column-gap-default\">\n\t\t\t\t\t<div class=\"elementor-column elementor-col-20 elementor-inner-column elementor-element elementor-element-ctoory7\" data-id=\"ctoory7\" data-element_type=\"column\">\n\t\t\t<div class=\"elementor-widget-wrap elementor-element-populated\">\n\t\t\t\t\t\t\t\t<div class=\"elementor-element elementor-element-l46waaa elementor-widget elementor-widget-text-editor\" data-id=\"l46waaa\" data-element_type=\"widget\" data-widget_type=\"text-editor.default\">\n\t\t\t\t<div class=\"elementor-widget-container\">\n\t\t\t\t\t\t\t<a href=\"\"><div class=\"mas-info-largo izquierda pagina-activa\"><img class=\"icono izquierda\" src=\"http:\/\/iesmarcilla.educacion.navarra.es\/web\/rizoma\/wp-content\/uploads\/sites\/3\/2017\/06\/ORIGENES-OPCI\u00d3N-1.png\" \/>Origen del proyecto<\/div><\/a>\n\t\t\t\t\t\t<\/div>\n\t\t\t\t<\/div>\n\t\t\t\t\t<\/div>\n\t\t<\/div>\n\t\t\t\t<div class=\"elementor-column elementor-col-20 elementor-inner-column elementor-element elementor-element-r0ux7pb\" data-id=\"r0ux7pb\" data-element_type=\"column\">\n\t\t\t<div class=\"elementor-widget-wrap elementor-element-populated\">\n\t\t\t\t\t\t\t\t<div class=\"elementor-element elementor-element-lphttxj elementor-widget elementor-widget-text-editor\" data-id=\"lphttxj\" data-element_type=\"widget\" data-widget_type=\"text-editor.default\">\n\t\t\t\t<div class=\"elementor-widget-container\">\n\t\t\t\t\t\t\t<a href=\"..\/mapeando-rizoma\/\"><div class=\"mas-info-largo izquierda\"><img class=\"icono izquierda\" src=\"http:\/\/iesmarcilla.educacion.navarra.es\/web\/rizoma\/wp-content\/uploads\/sites\/3\/2017\/06\/MAPEANDO-RIZOMA-OPCI\u00d3N-1.png\" \/>Mapeando Rizoma<\/div><\/a>\n\t\t\t\t\t\t<\/div>\n\t\t\t\t<\/div>\n\t\t\t\t\t<\/div>\n\t\t<\/div>\n\t\t\t\t<div class=\"elementor-column elementor-col-20 elementor-inner-column elementor-element elementor-element-op4wwi1\" data-id=\"op4wwi1\" data-element_type=\"column\">\n\t\t\t<div class=\"elementor-widget-wrap elementor-element-populated\">\n\t\t\t\t\t\t\t\t<div class=\"elementor-element elementor-element-8wfdtch elementor-widget elementor-widget-text-editor\" data-id=\"8wfdtch\" data-element_type=\"widget\" data-widget_type=\"text-editor.default\">\n\t\t\t\t<div class=\"elementor-widget-container\">\n\t\t\t\t\t\t\t<a href=\"..\/organizacion\/\"><div class=\"mas-info-largo izquierda\"><img class=\"icono izquierda\" src=\"http:\/\/iesmarcilla.educacion.navarra.es\/web\/rizoma\/wp-content\/uploads\/sites\/3\/2017\/06\/ORGANIZACI\u00d3N-OPCI\u00d3N-1.png\" \/>Organizaci\u00f3n<\/div><\/a>\n\t\t\t\t\t\t<\/div>\n\t\t\t\t<\/div>\n\t\t\t\t\t<\/div>\n\t\t<\/div>\n\t\t\t\t<div class=\"elementor-column elementor-col-20 elementor-inner-column elementor-element elementor-element-q8yoblh\" data-id=\"q8yoblh\" data-element_type=\"column\">\n\t\t\t<div class=\"elementor-widget-wrap elementor-element-populated\">\n\t\t\t\t\t\t\t\t<div class=\"elementor-element elementor-element-9srm5lh elementor-widget elementor-widget-text-editor\" data-id=\"9srm5lh\" data-element_type=\"widget\" data-widget_type=\"text-editor.default\">\n\t\t\t\t<div class=\"elementor-widget-container\">\n\t\t\t\t\t\t\t<a href=\"..\/justificacion\/\"><div class=\"mas-info-largo izquierda\"><img class=\"icono\" src=\"http:\/\/iesmarcilla.educacion.navarra.es\/web\/rizoma\/wp-content\/uploads\/sites\/3\/2017\/06\/JUSTIFICACI\u00d3N-OPCI\u00d3N-1.png\" \/>Justificaci\u00f3n<\/div><\/a>\n\t\t\t\t\t\t<\/div>\n\t\t\t\t<\/div>\n\t\t\t\t\t<\/div>\n\t\t<\/div>\n\t\t\t\t<div class=\"elementor-column elementor-col-20 elementor-inner-column elementor-element elementor-element-e4q0q1c\" data-id=\"e4q0q1c\" data-element_type=\"column\">\n\t\t\t<div class=\"elementor-widget-wrap elementor-element-populated\">\n\t\t\t\t\t\t\t\t<div class=\"elementor-element elementor-element-n4sgl6f elementor-widget elementor-widget-text-editor\" data-id=\"n4sgl6f\" data-element_type=\"widget\" data-widget_type=\"text-editor.default\">\n\t\t\t\t<div class=\"elementor-widget-container\">\n\t\t\t\t\t\t\t<a href=\"..\/plan-estrategico\/\"><div class=\"mas-info-largo izquierda\"><img class=\"icono\" src=\"http:\/\/iesmarcilla.educacion.navarra.es\/web\/rizoma\/wp-content\/uploads\/sites\/3\/2017\/06\/PLAN-ESTRAT\u00c9GICO-OPCI\u00d3N-1.png\" \/>Plan Estrat\u00e9gico<\/div><\/a>\n\t\t\t\t\t\t<\/div>\n\t\t\t\t<\/div>\n\t\t\t\t\t<\/div>\n\t\t<\/div>\n\t\t\t\t\t\t\t<\/div>\n\t\t<\/section>\n\t\t\t\t\t<\/div>\n\t\t<\/div>\n\t\t\t\t\t\t\t<\/div>\n\t\t<\/section>\n\t\t\t\t\t\t\t<\/div>\n\t\t","protected":false},"excerpt":{"rendered":"<p>El proyecto nace a partir de dos sencillas reflexiones. La primera de ellas se observa cuando tomamos consciencia de algo obvio. Un alumno que presenta problemas en el contexto educativo, sea de la \u00edndole que sea (comportamientos disruptivos, absentismo escolar, fracaso acad\u00e9mico, problemas de relaci\u00f3n social, autoestima, gesti\u00f3n emocional\u2026.), suele esconder una problem\u00e1tica m\u00e1s profunda [&hellip;]<\/p>\n","protected":false},"author":2,"featured_media":0,"parent":0,"menu_order":0,"comment_status":"closed","ping_status":"closed","template":"","meta":{"_genesis_hide_title":false,"_genesis_hide_breadcrumbs":false,"_genesis_hide_singular_image":false,"_genesis_hide_footer_widgets":false,"_genesis_custom_body_class":"","_genesis_custom_post_class":"","_genesis_layout":""},"_links":{"self":[{"href":"https:\/\/iesmarcilla.educacion.navarra.es\/web\/rizoma\/wp-json\/wp\/v2\/pages\/492"}],"collection":[{"href":"https:\/\/iesmarcilla.educacion.navarra.es\/web\/rizoma\/wp-json\/wp\/v2\/pages"}],"about":[{"href":"https:\/\/iesmarcilla.educacion.navarra.es\/web\/rizoma\/wp-json\/wp\/v2\/types\/page"}],"author":[{"embeddable":true,"href":"https:\/\/iesmarcilla.educacion.navarra.es\/web\/rizoma\/wp-json\/wp\/v2\/users\/2"}],"replies":[{"embeddable":true,"href":"https:\/\/iesmarcilla.educacion.navarra.es\/web\/rizoma\/wp-json\/wp\/v2\/comments?post=492"}],"version-history":[{"count":9,"href":"https:\/\/iesmarcilla.educacion.navarra.es\/web\/rizoma\/wp-json\/wp\/v2\/pages\/492\/revisions"}],"predecessor-version":[{"id":1194,"href":"https:\/\/iesmarcilla.educacion.navarra.es\/web\/rizoma\/wp-json\/wp\/v2\/pages\/492\/revisions\/1194"}],"wp:attachment":[{"href":"https:\/\/iesmarcilla.educacion.navarra.es\/web\/rizoma\/wp-json\/wp\/v2\/media?parent=492"}],"curies":[{"name":"wp","href":"https:\/\/api.w.org\/{rel}","templated":true}]}}