{"id":286,"date":"2017-06-06T12:46:08","date_gmt":"2017-06-06T10:46:08","guid":{"rendered":"http:\/\/iesmarcilla.educacion.navarra.es\/web\/rizoma\/?page_id=286"},"modified":"2017-06-21T10:43:19","modified_gmt":"2017-06-21T08:43:19","slug":"la-red","status":"publish","type":"page","link":"https:\/\/iesmarcilla.educacion.navarra.es\/web\/rizoma\/trabajo-en-red\/la-red\/","title":{"rendered":"La Red"},"content":{"rendered":"\t\t<div data-elementor-type=\"wp-page\" data-elementor-id=\"286\" class=\"elementor elementor-286 elementor-bc-flex-widget\">\n\t\t\t\t\t\t\t\t\t<section class=\"elementor-section elementor-top-section elementor-element elementor-element-e376kxr elementor-section-boxed elementor-section-height-default elementor-section-height-default\" data-id=\"e376kxr\" data-element_type=\"section\">\n\t\t\t\t\t\t<div class=\"elementor-container elementor-column-gap-default\">\n\t\t\t\t\t<div class=\"elementor-column elementor-col-100 elementor-top-column elementor-element elementor-element-oxlunck\" data-id=\"oxlunck\" data-element_type=\"column\">\n\t\t\t<div class=\"elementor-widget-wrap elementor-element-populated\">\n\t\t\t\t\t\t\t\t<div class=\"elementor-element elementor-element-z8i7lkt elementor-widget elementor-widget-text-editor\" data-id=\"z8i7lkt\" data-element_type=\"widget\" data-widget_type=\"text-editor.default\">\n\t\t\t\t<div class=\"elementor-widget-container\">\n\t\t\t\t\t\t\t<p class=\"justificado\">Hemos formado una red con agentes locales y auton\u00f3micos, que se concreta en convenios de colaboraci\u00f3n: ayuntamientos, mancomunidad, Universidad P\u00fablica de Navarra, Escuela de Educadores,\u2026<\/p>\n<p class=\"justificado\">Para que el trabajo de esa red sea funcional, adem\u00e1s de fijar colaboraciones concretas y estables con las instituciones, hemos creado un espacio com\u00fan de car\u00e1cter permanente donde se analizan las necesidades y se marcan las l\u00edneas de actuaci\u00f3n de la red.<\/p>\n<p class=\"justificado\">De esta manera una vez al trimestre nos reunimos con los representantes de los Servicios Sociales de Base (SSB), los Equipos de Atenci\u00f3n a la Infancia y Adolescencia (EAIA), Gaz Kal\u00f3 (Federaci\u00f3n de Asociaciones Gitanas de Navarra), equipo directivo, orientaci\u00f3n y comisi\u00f3n de convivencia del instituto.<\/p>\t\t\t\t\t\t<\/div>\n\t\t\t\t<\/div>\n\t\t\t\t\t<\/div>\n\t\t<\/div>\n\t\t\t\t\t\t\t<\/div>\n\t\t<\/section>\n\t\t\t\t<section class=\"elementor-section elementor-top-section elementor-element elementor-element-2cszz1c elementor-section-boxed elementor-section-height-default elementor-section-height-default\" data-id=\"2cszz1c\" data-element_type=\"section\">\n\t\t\t\t\t\t<div class=\"elementor-container elementor-column-gap-default\">\n\t\t\t\t\t<div class=\"elementor-column elementor-col-100 elementor-top-column elementor-element elementor-element-zbquit3\" data-id=\"zbquit3\" data-element_type=\"column\">\n\t\t\t<div class=\"elementor-widget-wrap elementor-element-populated\">\n\t\t\t\t\t\t\t\t<section class=\"elementor-section elementor-inner-section elementor-element elementor-element-lp83yzt elementor-section-content-middle elementor-section-boxed elementor-section-height-default elementor-section-height-default\" data-id=\"lp83yzt\" data-element_type=\"section\">\n\t\t\t\t\t\t<div class=\"elementor-container elementor-column-gap-default\">\n\t\t\t\t\t<div class=\"elementor-column elementor-col-50 elementor-inner-column elementor-element elementor-element-ujqa4i8\" data-id=\"ujqa4i8\" data-element_type=\"column\">\n\t\t\t<div class=\"elementor-widget-wrap elementor-element-populated\">\n\t\t\t\t\t\t\t\t<div class=\"elementor-element elementor-element-0hli2rw elementor-widget elementor-widget-text-editor\" data-id=\"0hli2rw\" data-element_type=\"widget\" data-widget_type=\"text-editor.default\">\n\t\t\t\t<div class=\"elementor-widget-container\">\n\t\t\t\t\t\t\t<div id=\"metaslider-id-299\" style=\"max-width: 610px; margin: 0 auto;\" class=\"ml-slider-3-107-0 metaslider metaslider-responsive metaslider-299 ml-slider ms-theme-default\" role=\"region\" aria-label=\"galeria-la-red\" data-height=\"384\" data-width=\"610\">\n    <div id=\"metaslider_container_299\">\n        <ul id='metaslider_299' class='rslides'>\n            <li aria-roledescription='slide' aria-labelledby='slide-0'><img loading=\"lazy\" src=\"https:\/\/iesmarcilla.educacion.navarra.es\/web\/rizoma\/wp-content\/uploads\/sites\/3\/2017\/06\/IMG_4955-610x384.jpg\" height=\"384\" width=\"610\" alt=\"\" class=\"slider-299 slide-300 msDefaultImage\" \/><\/li>\n            <li style='display: none;' aria-roledescription='slide' aria-labelledby='slide-1'><img loading=\"lazy\" src=\"https:\/\/iesmarcilla.educacion.navarra.es\/web\/rizoma\/wp-content\/uploads\/sites\/3\/2017\/06\/IMG_4954-610x384.jpg\" height=\"384\" width=\"610\" alt=\"\" class=\"slider-299 slide-301 msDefaultImage\" \/><\/li>\n            <li style='display: none;' aria-roledescription='slide' aria-labelledby='slide-2'><img loading=\"lazy\" src=\"https:\/\/iesmarcilla.educacion.navarra.es\/web\/rizoma\/wp-content\/uploads\/sites\/3\/2017\/06\/IMG_4953-610x384.jpg\" height=\"384\" width=\"610\" alt=\"\" class=\"slider-299 slide-302 msDefaultImage\" \/><\/li>\n            <li style='display: none;' aria-roledescription='slide' aria-labelledby='slide-3'><img loading=\"lazy\" src=\"https:\/\/iesmarcilla.educacion.navarra.es\/web\/rizoma\/wp-content\/uploads\/sites\/3\/2017\/06\/IMG_4952-610x384.jpg\" height=\"384\" width=\"610\" alt=\"\" class=\"slider-299 slide-303 msDefaultImage\" \/><\/li>\n            <li style='display: none;' aria-roledescription='slide' aria-labelledby='slide-4'><img loading=\"lazy\" src=\"https:\/\/iesmarcilla.educacion.navarra.es\/web\/rizoma\/wp-content\/uploads\/sites\/3\/2017\/06\/IMG_4951-610x384.jpg\" height=\"384\" width=\"610\" alt=\"\" class=\"slider-299 slide-304 msDefaultImage\" \/><\/li>\n        <\/ul>\n        \n    <\/div>\n<\/div>\t\t\t\t\t\t<\/div>\n\t\t\t\t<\/div>\n\t\t\t\t\t<\/div>\n\t\t<\/div>\n\t\t\t\t<div class=\"elementor-column elementor-col-50 elementor-inner-column elementor-element elementor-element-ysaro3a\" data-id=\"ysaro3a\" data-element_type=\"column\">\n\t\t\t<div class=\"elementor-widget-wrap elementor-element-populated\">\n\t\t\t\t\t\t\t\t<div class=\"elementor-element elementor-element-4ym5hir elementor-widget elementor-widget-text-editor\" data-id=\"4ym5hir\" data-element_type=\"widget\" data-widget_type=\"text-editor.default\">\n\t\t\t\t<div class=\"elementor-widget-container\">\n\t\t\t\t\t\t\t<a href=\"https:\/\/drive.google.com\/file\/d\/0By4EK4ZKpLSrT3NlLVhUZzRscHc\/view\" target=\"_blank\"><div class=\"mas-info-largo\">Reuni\u00f3n 1<\/div><\/a>\t\t\t\t\t\t<\/div>\n\t\t\t\t<\/div>\n\t\t\t\t<div class=\"elementor-element elementor-element-usna3no elementor-widget elementor-widget-text-editor\" data-id=\"usna3no\" data-element_type=\"widget\" data-widget_type=\"text-editor.default\">\n\t\t\t\t<div class=\"elementor-widget-container\">\n\t\t\t\t\t\t\t<a href=\"https:\/\/drive.google.com\/file\/d\/0By4EK4ZKpLSrV3ZramZXSi1KNFk\/view\" target=\"_blank\"><div class=\"mas-info-largo\">Reuni\u00f3n 2<\/div><\/a>\t\t\t\t\t\t<\/div>\n\t\t\t\t<\/div>\n\t\t\t\t\t<\/div>\n\t\t<\/div>\n\t\t\t\t\t\t\t<\/div>\n\t\t<\/section>\n\t\t\t\t<div class=\"elementor-element elementor-element-jvr6bm7 elementor-widget elementor-widget-spacer\" data-id=\"jvr6bm7\" data-element_type=\"widget\" data-widget_type=\"spacer.default\">\n\t\t\t\t<div class=\"elementor-widget-container\">\n\t\t\t\t\t<div class=\"elementor-spacer\">\n\t\t\t<div class=\"elementor-spacer-inner\"><\/div>\n\t\t<\/div>\n\t\t\t\t<\/div>\n\t\t\t\t<\/div>\n\t\t\t\t\t<\/div>\n\t\t<\/div>\n\t\t\t\t\t\t\t<\/div>\n\t\t<\/section>\n\t\t\t\t<section class=\"elementor-section elementor-top-section elementor-element elementor-element-n86ubq7 elementor-section-boxed elementor-section-height-default elementor-section-height-default\" data-id=\"n86ubq7\" data-element_type=\"section\">\n\t\t\t\t\t\t<div class=\"elementor-container elementor-column-gap-default\">\n\t\t\t\t\t<div class=\"elementor-column elementor-col-100 elementor-top-column elementor-element elementor-element-un02jpt\" data-id=\"un02jpt\" data-element_type=\"column\">\n\t\t\t<div class=\"elementor-widget-wrap\">\n\t\t\t\t\t\t\t\t\t<\/div>\n\t\t<\/div>\n\t\t\t\t\t\t\t<\/div>\n\t\t<\/section>\n\t\t\t\t\t\t\t<\/div>\n\t\t","protected":false},"excerpt":{"rendered":"<p>Hemos formado una red con agentes locales y auton\u00f3micos, que se concreta en convenios de colaboraci\u00f3n: ayuntamientos, mancomunidad, Universidad P\u00fablica de Navarra, Escuela de Educadores,\u2026 Para que el trabajo de esa red sea funcional, adem\u00e1s de fijar colaboraciones concretas y estables con las instituciones, hemos creado un espacio com\u00fan de car\u00e1cter permanente donde se analizan [&hellip;]<\/p>\n","protected":false},"author":2,"featured_media":0,"parent":82,"menu_order":0,"comment_status":"closed","ping_status":"closed","template":"","meta":{"_genesis_hide_title":false,"_genesis_hide_breadcrumbs":false,"_genesis_hide_singular_image":false,"_genesis_hide_footer_widgets":false,"_genesis_custom_body_class":"","_genesis_custom_post_class":"","_genesis_layout":""},"_links":{"self":[{"href":"https:\/\/iesmarcilla.educacion.navarra.es\/web\/rizoma\/wp-json\/wp\/v2\/pages\/286"}],"collection":[{"href":"https:\/\/iesmarcilla.educacion.navarra.es\/web\/rizoma\/wp-json\/wp\/v2\/pages"}],"about":[{"href":"https:\/\/iesmarcilla.educacion.navarra.es\/web\/rizoma\/wp-json\/wp\/v2\/types\/page"}],"author":[{"embeddable":true,"href":"https:\/\/iesmarcilla.educacion.navarra.es\/web\/rizoma\/wp-json\/wp\/v2\/users\/2"}],"replies":[{"embeddable":true,"href":"https:\/\/iesmarcilla.educacion.navarra.es\/web\/rizoma\/wp-json\/wp\/v2\/comments?post=286"}],"version-history":[{"count":49,"href":"https:\/\/iesmarcilla.educacion.navarra.es\/web\/rizoma\/wp-json\/wp\/v2\/pages\/286\/revisions"}],"predecessor-version":[{"id":1149,"href":"https:\/\/iesmarcilla.educacion.navarra.es\/web\/rizoma\/wp-json\/wp\/v2\/pages\/286\/revisions\/1149"}],"up":[{"embeddable":true,"href":"https:\/\/iesmarcilla.educacion.navarra.es\/web\/rizoma\/wp-json\/wp\/v2\/pages\/82"}],"wp:attachment":[{"href":"https:\/\/iesmarcilla.educacion.navarra.es\/web\/rizoma\/wp-json\/wp\/v2\/media?parent=286"}],"curies":[{"name":"wp","href":"https:\/\/api.w.org\/{rel}","templated":true}]}}